{"id":1162,"date":"2025-09-29T16:22:30","date_gmt":"2025-09-29T14:22:30","guid":{"rendered":"https:\/\/eco-market24.com\/product\/volne-stojici-stojan-na-kola-s-reklamni-ceduli-frankfurt-4-6-mist\/"},"modified":"2025-09-29T19:58:34","modified_gmt":"2025-09-29T17:58:34","slug":"volne-stojici-stojan-na-kola-s-reklamni-ceduli-frankfurt-4-6-mist","status":"publish","type":"product","link":"https:\/\/eco-market24.com\/cs\/produkt\/volne-stojici-stojan-na-kola-s-reklamni-ceduli-frankfurt-4-6-mist\/","title":{"rendered":"Voln\u011b stoj\u00edc\u00ed stojan na kola s reklamn\u00ed cedul\u00ed Frankfurt (4\u20136 m\u00edst)"},"content":{"rendered":"<p>Error: Error from your provider OpenAI with gpt-5-mini: 520 &#8211; 500<br \/>\nExecution id: 91b5ebe7-1de9-4976-a7a4-f3321907df30<br \/>\nPlease try again. If this issue persists, contact our support team https:\/\/gptforwork.com\/support<\/p>\n","protected":false},"excerpt":{"rendered":"<p>Funk\u010dn\u00ed \u0159adov\u00fd stojan na kola se \u0161t\u00edtkem \u2014 4 nebo 6 m\u00edst. R\u00e1m: pozinkovan\u00e1 ocel \u00d834 mm (voliteln\u011b pr\u00e1\u0161kov\u011b lakovan\u00e1). Oblouky: pozinkovan\u00e1 ocel \u00d812 mm (voliteln\u011b pr\u00e1\u0161kov\u011b lakovan\u00e1). D\u00e9lka: 68,3 nebo 96,3 cm. \u0160\u00ed\u0159ka: 60 cm. V\u00fd\u0161ka: 110 cm. Hmotnost: 21 nebo 26,5 kg.<\/p>\n","protected":false},"featured_media":1547,"comment_status":"open","ping_status":"closed","template":"","meta":[],"product_brand":[],"product_cat":[160],"product_tag":[],"class_list":{"0":"post-1162","1":"product","2":"type-product","3":"status-publish","4":"has-post-thumbnail","6":"product_cat-stojany-na-parkovani-kol","8":"first","9":"instock","10":"taxable","11":"shipping-taxable","12":"purchasable","13":"product-type-simple"},"_links":{"self":[{"href":"https:\/\/eco-market24.com\/cs\/wp-json\/wp\/v2\/product\/1162","targetHints":{"allow":["GET"]}}],"collection":[{"href":"https:\/\/eco-market24.com\/cs\/wp-json\/wp\/v2\/product"}],"about":[{"href":"https:\/\/eco-market24.com\/cs\/wp-json\/wp\/v2\/types\/product"}],"replies":[{"embeddable":true,"href":"https:\/\/eco-market24.com\/cs\/wp-json\/wp\/v2\/comments?post=1162"}],"wp:featuredmedia":[{"embeddable":true,"href":"https:\/\/eco-market24.com\/cs\/wp-json\/wp\/v2\/media\/1547"}],"wp:attachment":[{"href":"https:\/\/eco-market24.com\/cs\/wp-json\/wp\/v2\/media?parent=1162"}],"wp:term":[{"taxonomy":"product_brand","embeddable":true,"href":"https:\/\/eco-market24.com\/cs\/wp-json\/wp\/v2\/product_brand?post=1162"},{"taxonomy":"product_cat","embeddable":true,"href":"https:\/\/eco-market24.com\/cs\/wp-json\/wp\/v2\/product_cat?post=1162"},{"taxonomy":"product_tag","embeddable":true,"href":"https:\/\/eco-market24.com\/cs\/wp-json\/wp\/v2\/product_tag?post=1162"}],"curies":[{"name":"wp","href":"https:\/\/api.w.org\/{rel}","templated":true}]}}