{"id":1198,"date":"2025-09-29T16:22:24","date_gmt":"2025-09-29T14:22:24","guid":{"rendered":"https:\/\/eco-market24.com\/product\/ocelovy-kontejner-kp7-je-otevren\/"},"modified":"2025-09-29T19:58:44","modified_gmt":"2025-09-29T17:58:44","slug":"ocelovy-kontejner-kp7-je-otevren","status":"publish","type":"product","link":"https:\/\/eco-market24.com\/cs\/produkt\/ocelovy-kontejner-kp7-je-otevren\/","title":{"rendered":"Ocelov\u00fd kontejner KP7 je otev\u0159en."},"content":{"rendered":"<p>Odoln\u00e1 konstrukce kontejnru KP 7<br \/>\nKontejnery KP 7 jsou vyrobeny z vysoce kvalitn\u00edho ocelov\u00e9ho plechu, co\u017e zaru\u010duje dodr\u017een\u00ed norem kvality a efektivn\u00ed manipulaci s objemn\u00fdm odpadem. V z\u00e1kladn\u00edm proveden\u00ed je sva\u0159ovan\u00e1 ocelov\u00e1 konstrukce vyztu\u017eena uzav\u0159en\u00fdmi profily a za studena v\u00e1lcovan\u00fdmi nosn\u00edky. Univerz\u00e1ln\u00ed kontejnery KP7 jsou nav\u00edc chr\u00e1n\u011bny proti pov\u011btrnostn\u00edm vliv\u016fm antikorozn\u00edmi z\u00e1kladn\u00edmi n\u00e1t\u011bry, kter\u00e9 zamezuj\u00ed pronik\u00e1n\u00ed vlhkosti.<\/p>\n<p>Kontejnery KP7 p\u0159izp\u016fsoben\u00e9 pro h\u00e1kov\u00fd i vratn\u00fd zvedac\u00ed syst\u00e9m<br \/>\nKontejnery jsou upraveny pro t\u0159i syst\u00e9my. M\u016f\u017eete si vybrat:<\/p>\n<p>  pouze pro h\u00e1kov\u00e1 za\u0159\u00edzen\u00ed (v\u00fd\u0161ka h\u00e1ku 1,2 m)<br \/>\n  pouze pro vratn\u00e1 za\u0159\u00edzen\u00ed<br \/>\n  univerz\u00e1ln\u00ed KP 7, kompatibiln\u00ed s vratn\u00fdmi za\u0159\u00edzen\u00edmi (v souladu s DIN 30720) i h\u00e1kov\u00fdmi za\u0159\u00edzen\u00edmi (v\u00fd\u0161ka h\u00e1ku 1,2 m)<\/p>\n<p>Kontejner KP 7 \u2013 pou\u017eit\u00ed<br \/>\nKontejnery KP7 jsou vhodn\u00e9 pro sb\u011br a p\u0159epravu objemn\u00e9ho, t\u011b\u017ek\u00e9ho komun\u00e1ln\u00edho, stavebn\u00edho a pr\u016fmyslov\u00e9ho odpadu. Jsou univerz\u00e1ln\u00edm \u0159e\u0161en\u00edm pro mnoh\u00e1 m\u00edsta, firmy a instituce, nap\u0159.:<\/p>\n<p>  sb\u011brn\u00e9 dvory (PSZOKy)<br \/>\n  \u010dist\u00edrny odpadn\u00edch vod<br \/>\n  v\u00fdrobn\u00ed a stavebn\u00ed spole\u010dnosti<br \/>\n  obecn\u00ed \u00fa\u0159ady<br \/>\n  h\u0159bitovy<\/p>\n<p>Kontejnery na stavebn\u00ed odpad mohou b\u00fdt otev\u0159en\u00e9 nebo uzav\u0159en\u00e9 s n\u011bkolika klapkami.<\/p>\n<p>Kontejner KP 7 \u2013 rozm\u011bry a tlou\u0161\u0165ka materi\u00e1lu<br \/>\nStandardn\u00ed verze KP7 se b\u011b\u017en\u011b nab\u00edzej\u00ed ve dvou velikostech:<\/p>\n<p>  3400 \u00d7 1650 \u00d7 1010 mm \u2014 objem 6,5 m\u00b3<br \/>\n  3500 \u00d7 1700 \u00d7 1150 mm \u2014 objem 7 m\u00b3<\/p>\n<p>Rozm\u011bry lze p\u0159izp\u016fsobit individu\u00e1ln\u00edm po\u017eadavk\u016fm. Standardn\u00ed mo\u017enosti tlou\u0161\u0165ky plechu:<\/p>\n<p>  st\u011bny a dno tlou\u0161\u0165ky 3 mm<br \/>\n  st\u011bny 2 mm, dno 3 mm<\/p>\n<p>Kontejner na stavebn\u00ed odpad \u2013 na m\u00edru va\u0161im pot\u0159eb\u00e1m<br \/>\nDostupn\u00e9 \u00fapravy:<\/p>\n<p>  z\u00e1kaznick\u00e1 barva n\u00e1t\u011bru dle v\u00fdb\u011bru<br \/>\n  t\u011bsn\u00e9 proveden\u00ed se souvisl\u00fdm sva\u0159ov\u00e1n\u00edm<br \/>\n  horn\u011b zav\u011b\u0161en\u00e1 klapka (standardn\u00ed kontejnery maj\u00ed dve\u0159e otev\u00edran\u00e9 dol\u016f nebo do strany)<br \/>\n  dodate\u010dn\u00e9 h\u00e1ky pro plachtu<br \/>\n  v\u00fdroba z ocel\u00ed S500\u2013700 (mez kluzu Re = 500\u2013700 MPa)<br \/>\n  pr\u00e9miov\u00e1 proveden\u00ed z vysoce jakostn\u00edch, nerezov\u00fdch a ot\u011bruvzdorn\u00fdch ocel\u00ed (Raex, Hardox, Domex) \u2014 leh\u010d\u00ed konstrukce bez ztr\u00e1ty pevnosti<\/p>\n","protected":false},"excerpt":{"rendered":"<p>Odoln\u00e1 konstrukce kontejneru KP 7. Vyrobeno z vysoce kvalitn\u00ed oceli, kontejnery KP 7 spl\u0148uj\u00ed p\u0159\u00edsn\u00e9 normy kvality a zaji\u0161\u0165uj\u00ed efektivn\u00ed manipulaci s objemn\u00fdm odpadem; standardn\u00ed sva\u0159ovan\u00e1 ocelov\u00e1 konstrukce je vyztu\u017eena profily.<\/p>\n","protected":false},"featured_media":2021,"comment_status":"open","ping_status":"closed","template":"","meta":[],"product_brand":[],"product_cat":[208],"product_tag":[],"class_list":{"0":"post-1198","1":"product","2":"type-product","3":"status-publish","4":"has-post-thumbnail","6":"product_cat-ocelove-kontejnery","8":"first","9":"instock","10":"taxable","11":"shipping-taxable","12":"purchasable","13":"product-type-simple"},"_links":{"self":[{"href":"https:\/\/eco-market24.com\/cs\/wp-json\/wp\/v2\/product\/1198","targetHints":{"allow":["GET"]}}],"collection":[{"href":"https:\/\/eco-market24.com\/cs\/wp-json\/wp\/v2\/product"}],"about":[{"href":"https:\/\/eco-market24.com\/cs\/wp-json\/wp\/v2\/types\/product"}],"replies":[{"embeddable":true,"href":"https:\/\/eco-market24.com\/cs\/wp-json\/wp\/v2\/comments?post=1198"}],"wp:featuredmedia":[{"embeddable":true,"href":"https:\/\/eco-market24.com\/cs\/wp-json\/wp\/v2\/media\/2021"}],"wp:attachment":[{"href":"https:\/\/eco-market24.com\/cs\/wp-json\/wp\/v2\/media?parent=1198"}],"wp:term":[{"taxonomy":"product_brand","embeddable":true,"href":"https:\/\/eco-market24.com\/cs\/wp-json\/wp\/v2\/product_brand?post=1198"},{"taxonomy":"product_cat","embeddable":true,"href":"https:\/\/eco-market24.com\/cs\/wp-json\/wp\/v2\/product_cat?post=1198"},{"taxonomy":"product_tag","embeddable":true,"href":"https:\/\/eco-market24.com\/cs\/wp-json\/wp\/v2\/product_tag?post=1198"}],"curies":[{"name":"wp","href":"https:\/\/api.w.org\/{rel}","templated":true}]}}