{"id":1246,"date":"2025-09-29T16:22:17","date_gmt":"2025-09-29T14:22:17","guid":{"rendered":"https:\/\/eco-market24.com\/product\/770-l-kontejner-na-odpad-cerny\/"},"modified":"2025-09-29T19:58:57","modified_gmt":"2025-09-29T17:58:57","slug":"770-l-kontejner-na-odpad-cerny","status":"publish","type":"product","link":"https:\/\/eco-market24.com\/cs\/produkt\/770-l-kontejner-na-odpad-cerny\/","title":{"rendered":"770 l kontejner na odpad, \u010dern\u00fd"},"content":{"rendered":"<p>Kontejner 770 l pro t\u0159\u00edd\u011bn\u00fd sb\u011br odpadu<br \/>\nKontejner 770 l Ese byl navr\u017een pro t\u0159\u00edd\u011bn\u00fd sb\u011br odpadu. Dostupn\u00fd v 6 odst\u00ednech RAL, umo\u017e\u0148uje t\u0159\u00edd\u011bn\u00ed odpadu v souladu s platn\u00fdmi pokyny EU. Kontejner je vynikaj\u00edc\u00edm \u0159e\u0161en\u00edm pro s\u00eddli\u0161t\u011b a firmy, kter\u00e9 aktivn\u011b uplat\u0148uj\u00ed proekologick\u00e1 opat\u0159en\u00ed, a pom\u00e1h\u00e1 udr\u017eovat estetiku ve\u0159ejn\u00fdch prostranstv\u00ed v obc\u00edch a m\u011bstech. N\u011bmeck\u00e1 zna\u010dka Ese dod\u00e1v\u00e1 kvalitn\u00ed kontejnery ji\u017e 80 let \u2014 dnes je vyu\u017e\u00edvaj\u00ed podnikatel\u00e9 po cel\u00e9 Evrop\u011b.<\/p>\n<p>Certifik\u00e1ty a normy<br \/>\nKontejner na odpad 770 l m\u00e1 charakteristick\u00fd certifik\u00e1t kvality a odpov\u00edd\u00e1 glob\u00e1ln\u00ed norm\u011b RAL-GZ 951\/1. D\u00e1le spl\u0148uje d\u016fle\u017eit\u00e9 evropsk\u00e9 normy: EN 840 a EN 840-5\/6C, kter\u00e9 zaji\u0161\u0165uj\u00ed bezpe\u010dn\u00e9 pou\u017e\u00edv\u00e1n\u00ed a plnou kompatibilitu s popel\u00e1\u0159sk\u00fdmi vozy. Kontejner lze vypr\u00e1zdnit stroji s p\u0159edn\u00edm, bo\u010dn\u00edm i zadn\u00edm nakl\u00e1d\u00e1n\u00edm pomoc\u00ed bo\u010dn\u00edch \u010dep\u016f nebo p\u0159edn\u00edho h\u0159ebenu.<\/p>\n<p>Odolnost a konstrukce<br \/>\nP\u0159es svou praktickou kapacitu nab\u00edz\u00ed kontejner 770 l kompaktn\u00ed rozm\u011bry a pohodln\u00fd design. Vyroben z materi\u00e1lu PE-HD (vysokotlak\u00fd polyethylen), je vysoce odoln\u00fd v\u016f\u010di UV z\u00e1\u0159en\u00ed, kyselin\u00e1m a nep\u0159\u00edzniv\u00e9mu po\u010das\u00ed. Vhodn\u00fd pro uzav\u0159en\u00e9 sb\u011brn\u00e9 m\u00edstnosti i polouzav\u0159en\u00e1 st\u00e1n\u00ed, disponuje:<\/p>\n<p>  &#8211; Zes\u00edlenou konstrukc\u00ed korpusu s vyztu\u017een\u00fdmi p\u0159edn\u00edmi a zadn\u00edmi hranami pro vysokou odolnost proti mechanick\u00e9mu po\u0161kozen\u00ed<br \/>\n  &#8211; H\u0159ebenem dle normy DIN a po\u010d\u00edta\u010dov\u011b navr\u017een\u00fdm dnem a nosn\u00fdmi prvky<br \/>\n  &#8211; Bo\u010dn\u00edm vyztu\u017een\u00edm pro zaji\u0161t\u011bn\u00ed a ustaven\u00ed, kter\u00e9 zaru\u010duje stabilitu na r\u016fzn\u00e9m povrchu<\/p>\n<p>Funk\u010dnost a pohodl\u00ed<br \/>\nKontejner 770 l poskytuje u\u017eivatelsk\u00fd komfort d\u00edky:<\/p>\n<p>  &#8211; 4 ergonomick\u00fdm madl\u016fm<br \/>\n  &#8211; 4 odoln\u00fdm kole\u010dk\u016fm o pr\u016fm\u011bru 200 mm s brzdami na 2 p\u0159edn\u00edch kole\u010dk\u00e1ch pro bezpe\u010dn\u00e9 zaji\u0161t\u011bn\u00ed<br \/>\n  &#8211; Dodate\u010dn\u00e9 galvanizaci pro dlouhou \u017eivotnost z\u00e1v\u011bs\u016f<br \/>\n  &#8211; Ploch\u00e9mu v\u00edku s vyztu\u017een\u00fdmi kladkami pant\u016f, kter\u00e9 t\u011bsn\u00ed v\u016f\u010di z\u00e1pachu<br \/>\n  &#8211; Hladk\u00e9mu vn\u011bj\u0161\u00edmu povrchu a centr\u00e1ln\u00edmu vypou\u0161t\u011bc\u00edmu otvoru pro snadn\u00e9 \u010di\u0161t\u011bn\u00ed a \u00fadr\u017ebu<\/p>\n<p>Barvy pro t\u0159\u00edd\u011bn\u00ed<br \/>\nKontejner je dostupn\u00fd ve 6 barv\u00e1ch RAL pro povinn\u00e9 t\u0159\u00edd\u011bn\u00ed:<\/p>\n<p>  &#8211; \u010cern\u00e1 \u2014 sm\u011bsn\u00fd odpad<br \/>\n  &#8211; Modr\u00e1 \u2014 pap\u00edr<br \/>\n  &#8211; \u017dlut\u00e1 \u2014 kov a plasty<br \/>\n  &#8211; Zelen\u00e1 \u2014 sklo<br \/>\n  &#8211; Hn\u011bd\u00e1 \u2014 bioodpad<br \/>\n  &#8211; \u010cerven\u00e1 \u2014 nebezpe\u010dn\u00fd odpad<\/p>\n<p>Kl\u00ed\u010dov\u00e9 informace<\/p>\n<p>  &#8211; \u010cty\u0159kole\u010dkov\u00fd kontejner 770 l Ese<br \/>\n  &#8211; Vysoce pevn\u00e1 po\u010d\u00edta\u010dem navr\u017een\u00e1 konstrukce<br \/>\n  &#8211; Odoln\u00fd materi\u00e1l PE-HD<br \/>\n  &#8211; Certifik\u00e1t v souladu s RAL-GZ 951\/1<br \/>\n  &#8211; Schv\u00e1len\u00ed N\u00e1rodn\u00edho zdravotn\u00edho \u00fastavu<br \/>\n  &#8211; Soulad s evropskou normou PN EN 840<br \/>\n  &#8211; Mechanismus stla\u010den\u00ed v\u00edka<br \/>\n  &#8211; Brzdy na p\u0159edn\u00edch kole\u010dk\u00e1ch zaji\u0161\u0165uj\u00edc\u00ed stabilitu<br \/>\n  &#8211; Snadn\u00e1 \u00fadr\u017eba a vhodnost pro t\u0159\u00edd\u011bn\u00fd sb\u011br odpadu<\/p>\n","protected":false},"excerpt":{"rendered":"<p>770l kontejner pro selektivn\u00ed sb\u011br odpadu \u2014 navr\u017een pro snadn\u00e9 t\u0159\u00edd\u011bn\u00ed v souladu s pokyny EU. K dispozici v \u0161esti barv\u00e1ch RAL, je ide\u00e1ln\u00edm \u0159e\u0161en\u00edm pro obytn\u00e1 s\u00eddli\u0161t\u011b.<\/p>\n","protected":false},"featured_media":2043,"comment_status":"open","ping_status":"closed","template":"","meta":[],"product_brand":[],"product_cat":[114],"product_tag":[],"class_list":{"0":"post-1246","1":"product","2":"type-product","3":"status-publish","4":"has-post-thumbnail","6":"product_cat-odpadove-kontejnery","8":"first","9":"instock","10":"taxable","11":"shipping-taxable","12":"purchasable","13":"product-type-simple"},"_links":{"self":[{"href":"https:\/\/eco-market24.com\/cs\/wp-json\/wp\/v2\/product\/1246","targetHints":{"allow":["GET"]}}],"collection":[{"href":"https:\/\/eco-market24.com\/cs\/wp-json\/wp\/v2\/product"}],"about":[{"href":"https:\/\/eco-market24.com\/cs\/wp-json\/wp\/v2\/types\/product"}],"replies":[{"embeddable":true,"href":"https:\/\/eco-market24.com\/cs\/wp-json\/wp\/v2\/comments?post=1246"}],"wp:featuredmedia":[{"embeddable":true,"href":"https:\/\/eco-market24.com\/cs\/wp-json\/wp\/v2\/media\/2043"}],"wp:attachment":[{"href":"https:\/\/eco-market24.com\/cs\/wp-json\/wp\/v2\/media?parent=1246"}],"wp:term":[{"taxonomy":"product_brand","embeddable":true,"href":"https:\/\/eco-market24.com\/cs\/wp-json\/wp\/v2\/product_brand?post=1246"},{"taxonomy":"product_cat","embeddable":true,"href":"https:\/\/eco-market24.com\/cs\/wp-json\/wp\/v2\/product_cat?post=1246"},{"taxonomy":"product_tag","embeddable":true,"href":"https:\/\/eco-market24.com\/cs\/wp-json\/wp\/v2\/product_tag?post=1246"}],"curies":[{"name":"wp","href":"https:\/\/api.w.org\/{rel}","templated":true}]}}