{"id":1264,"date":"2025-09-29T16:22:15","date_gmt":"2025-09-29T14:22:15","guid":{"rendered":"https:\/\/eco-market24.com\/product\/660-l-kontejner-na-odpad-morsky-modry\/"},"modified":"2025-09-29T19:59:15","modified_gmt":"2025-09-29T17:59:15","slug":"660-l-kontejner-na-odpad-morsky-modry","status":"publish","type":"product","link":"https:\/\/eco-market24.com\/cs\/produkt\/660-l-kontejner-na-odpad-morsky-modry\/","title":{"rendered":"660 l kontejner na odpad, mo\u0159sky modr\u00fd"},"content":{"rendered":"<p>Kontejner na odpad 660 l modr\u00fd \u2013 praktick\u00e1 separace pap\u00edru<br \/>\nModr\u00fd kontejner na pap\u00edr o objemu 660 l je praktick\u00fdm \u0159e\u0161en\u00edm pro separovan\u00fd sb\u011br pap\u00edru. Spl\u0148uje ve\u0161ker\u00e9 po\u017eadavky souvisej\u00edc\u00ed se t\u0159\u00edd\u011bn\u00edm odpadu a usnad\u0148uje jeho spr\u00e1vu v souladu s normami EU. Ide\u00e1ln\u00ed pro s\u00eddli\u0161t\u011b, firmy a instituce; pom\u00e1h\u00e1 udr\u017eovat po\u0159\u00e1dek a podporuje ekologick\u00e9 aktivity. Kontejner je vyroben podle nejvy\u0161\u0161\u00edch kvalitativn\u00edch standard\u016f a je certifikov\u00e1n podle RAL-GZ 951\/1 s schv\u00e1len\u00edm PZH. Tak\u00e9 vyhovuje evropsk\u00e9 norm\u011b PN-EN 840, co\u017e zaru\u010duje bezpe\u010dnost, odolnost a plnou kompatibilitu se syst\u00e9my nakl\u00e1d\u00e1n\u00ed na boc\u00edch, zep\u0159edu i zezadu.<\/p>\n<p>Odoln\u00e1 konstrukce<br \/>\nModr\u00fd kontejner 660 l m\u00e1 robustn\u00ed konstrukci a kompaktn\u00ed rozm\u011bry, vhodn\u00e9 pro venkovn\u00ed i vnit\u0159n\u00ed pou\u017eit\u00ed. Je vyroben z kvalitn\u00edho HDPE, odoln\u00e9ho v\u016f\u010di UV z\u00e1\u0159en\u00ed, n\u00edzk\u00fdm teplot\u00e1m, kyselin\u00e1m a dal\u0161\u00edm vliv\u016fm. Dal\u0161\u00ed v\u00fdztuhy \u2014 nap\u0159\u00edklad \u017eebrov\u00e1n\u00ed ve tvaru v\u010del\u00ed pl\u00e1stve a pevn\u00e9 profilov\u00e9 hrany \u2014 zvy\u0161uj\u00ed konstruk\u010dn\u00ed odolnost. Spodn\u00ed \u010d\u00e1st a nejv\u00edce zat\u00ed\u017een\u00e9 prvky jsou navr\u017eeny po\u010d\u00edta\u010dov\u011b pro zaji\u0161t\u011bn\u00ed maxim\u00e1ln\u00ed pevnosti.<\/p>\n<p>  DIN-kompatibiln\u00ed h\u0159ebenov\u00e1 li\u0161ta<br \/>\n  Bo\u010dn\u00ed p\u0159\u00edruba pro stabilitu na nerovn\u00e9m ter\u00e9nu a snadn\u011bj\u0161\u00ed zav\u00edr\u00e1n\u00ed<\/p>\n<p>Funk\u010dnost a bezpe\u010dnost<br \/>\nKontejner je navr\u017een s ohledem na komfort u\u017eivatele a obsahuje:<\/p>\n<p>  \u010cty\u0159i ergonomick\u00e9 madla pro snadn\u011bj\u0161\u00ed manipulaci<br \/>\n  T\u011bsn\u011b p\u0159il\u00e9haj\u00edc\u00ed v\u00edko s pevn\u00fdmi panty zabra\u0148uj\u00edc\u00edmi \u00faniku z\u00e1pachu<br \/>\n  \u010cty\u0159i 200 mm odoln\u00e1 a tich\u00e1 kola (dva s brzdami)<br \/>\n  Pozinkovan\u00e9 ulo\u017een\u00ed kol pro ochranu proti korozi<br \/>\n  Hladk\u00fd vnit\u0159n\u00ed povrch a st\u0159edov\u011b um\u00edst\u011bn\u00fd vypou\u0161t\u011bc\u00ed uz\u00e1v\u011br pro snadn\u00e9 \u010di\u0161t\u011bn\u00ed a \u00fadr\u017ebu<\/p>\n<p>Barvy pro t\u0159\u00edd\u011bn\u00ed<br \/>\nTento model je modr\u00fd kontejner pro pap\u00edr. Dal\u0161\u00ed dostupn\u00e9 barvy pro separovan\u00fd sb\u011br:<\/p>\n<p>  \u017dlut\u00e1 \u2013 kovy a plasty<br \/>\n  Zelen\u00e1 \u2013 sklo<br \/>\n  Hn\u011bd\u00e1 \u2013 bioodpad<br \/>\n  \u010cerven\u00e1 \u2013 nebezpe\u010dn\u00fd odpad<br \/>\n  \u010cern\u00e1 \u2013 sm\u011bsn\u00fd odpad<\/p>\n<p>Kl\u00ed\u010dov\u00e9 informace<\/p>\n<p>  Po\u010d\u00edta\u010dem navr\u017een\u00e1 odoln\u00e1 konstrukce<br \/>\n  Odolnost v\u016f\u010di kyselin\u00e1m, mrazu, UV z\u00e1\u0159en\u00ed a dal\u0161\u00edm pov\u011btrnostn\u00edm podm\u00ednk\u00e1m<br \/>\n  Shoda s PN-EN 840; certifikace RAL-GZ 951\/1; schv\u00e1len\u00ed PZH<br \/>\n  Ergonomick\u00fd design se \u010dty\u0159mi madly<br \/>\n  Brzdy na p\u0159edn\u00edch kolech pro stabilitu<br \/>\n  Snadn\u00e1 \u00fadr\u017eba d\u00edky hladk\u00e9mu povrchu a vypou\u0161t\u011bc\u00edmu uz\u00e1v\u011bru<br \/>\n  Vhodn\u00e9 pro separovan\u00fd sb\u011br pap\u00edru<\/p>\n","protected":false},"excerpt":{"rendered":"<p>660l modr\u00fd kontejner na pap\u00edr \u2014 praktick\u00e9 \u0159e\u0161en\u00ed v souladu s p\u0159edpisy EU pro pohodln\u00e9 a efektivn\u00ed t\u0159\u00edd\u011bn\u00ed pap\u00edru.<\/p>\n","protected":false},"featured_media":1666,"comment_status":"open","ping_status":"closed","template":"","meta":[],"product_brand":[],"product_cat":[114],"product_tag":[],"class_list":{"0":"post-1264","1":"product","2":"type-product","3":"status-publish","4":"has-post-thumbnail","6":"product_cat-odpadove-kontejnery","8":"first","9":"instock","10":"taxable","11":"shipping-taxable","12":"purchasable","13":"product-type-simple"},"_links":{"self":[{"href":"https:\/\/eco-market24.com\/cs\/wp-json\/wp\/v2\/product\/1264","targetHints":{"allow":["GET"]}}],"collection":[{"href":"https:\/\/eco-market24.com\/cs\/wp-json\/wp\/v2\/product"}],"about":[{"href":"https:\/\/eco-market24.com\/cs\/wp-json\/wp\/v2\/types\/product"}],"replies":[{"embeddable":true,"href":"https:\/\/eco-market24.com\/cs\/wp-json\/wp\/v2\/comments?post=1264"}],"wp:featuredmedia":[{"embeddable":true,"href":"https:\/\/eco-market24.com\/cs\/wp-json\/wp\/v2\/media\/1666"}],"wp:attachment":[{"href":"https:\/\/eco-market24.com\/cs\/wp-json\/wp\/v2\/media?parent=1264"}],"wp:term":[{"taxonomy":"product_brand","embeddable":true,"href":"https:\/\/eco-market24.com\/cs\/wp-json\/wp\/v2\/product_brand?post=1264"},{"taxonomy":"product_cat","embeddable":true,"href":"https:\/\/eco-market24.com\/cs\/wp-json\/wp\/v2\/product_cat?post=1264"},{"taxonomy":"product_tag","embeddable":true,"href":"https:\/\/eco-market24.com\/cs\/wp-json\/wp\/v2\/product_tag?post=1264"}],"curies":[{"name":"wp","href":"https:\/\/api.w.org\/{rel}","templated":true}]}}