{"id":1282,"date":"2025-09-29T16:22:13","date_gmt":"2025-09-29T14:22:13","guid":{"rendered":"https:\/\/eco-market24.com\/product\/kontejner-na-odpad-o-objemu-660-l-je-cerny\/"},"modified":"2025-09-29T19:59:20","modified_gmt":"2025-09-29T17:59:20","slug":"kontejner-na-odpad-o-objemu-660-l-je-cerny","status":"publish","type":"product","link":"https:\/\/eco-market24.com\/cs\/produkt\/kontejner-na-odpad-o-objemu-660-l-je-cerny\/","title":{"rendered":"Kontejner na odpad o objemu 660 l je \u010dern\u00fd"},"content":{"rendered":"<p>Kontejner na komun\u00e1ln\u00ed odpad 660 l \u2013 t\u0159\u00edd\u011bn\u00ed je z\u00e1sadn\u00ed<br \/>\nKontejner na komun\u00e1ln\u00ed odpad ESE 660 l je ur\u010den pro t\u0159\u00edd\u011bn\u00fd sb\u011br odpadu. Umo\u017e\u0148uje spr\u00e1vn\u00e9 t\u0159\u00edd\u011bn\u00ed odpadu v souladu s platn\u00fdmi sm\u011brnicemi EU a je vhodn\u00fd pro bytov\u00e1 s\u00eddli\u0161t\u011b i are\u00e1ly firem. Tento kontejner je vynikaj\u00edc\u00edm \u0159e\u0161en\u00edm pro obce a m\u011bsta, kter\u00e1 pe\u010duj\u00ed o vzhled sv\u00e9ho \u00fazem\u00ed a cht\u011bj\u00ed podporovat ochranu \u017eivotn\u00edho prost\u0159ed\u00ed.<\/p>\n<p>Certifikace a shoda<\/p>\n<p>  RAL-GZ 951\/1 certifik\u00e1t kvality<br \/>\n  Certifik\u00e1t z N\u00e1rodn\u00edho institutu ve\u0159ejn\u00e9ho zdrav\u00ed (PZH)<br \/>\n  Spl\u0148uje evropskou normu EN 840<br \/>\n  Kompatibiln\u00ed s kontejnery zvedan\u00fdmi p\u0159edn\u00edmi, bo\u010dn\u00edmi i zadn\u00edmi vysyp\u00e1vac\u00edmi vozy pomoc\u00ed bo\u010dn\u00edch kol\u00edk\u016f nebo p\u0159edn\u00edho h\u0159ebene<\/p>\n<p>Kontejner 660 l \u2013 odolnost<br \/>\nKontejner 660 l pro t\u0159\u00edd\u011bn\u00fd sb\u011br odpadu m\u00e1 kompaktn\u00ed rozm\u011bry a pevnou konstrukci. Je vyroben z materi\u00e1l\u016f odoln\u00fdch v\u016f\u010di kyselin\u00e1m, UV z\u00e1\u0159en\u00ed a dal\u0161\u00edm nep\u0159\u00edzniv\u00fdm pov\u011btrnostn\u00edm vliv\u016fm, vhodn\u00fd do uzav\u0159en\u00fdch odpadn\u00edch prostor i polouzav\u0159en\u00fdch p\u0159\u00edst\u0159e\u0161k\u016f.<\/p>\n<p>  Zes\u00edlen\u00e1 konstrukce t\u011bla se zam\u011b\u0159en\u00edm na p\u0159edn\u00ed a zadn\u00ed hrany<br \/>\n  H\u0159eben p\u0159ipraven\u00fd podle normy DIN<br \/>\n  \u017debrov\u00e1n\u00ed ve tvaru v\u010del\u00edch pl\u00e1stv\u00ed pro zpevn\u011bn\u00ed<br \/>\n  Dno a \u010d\u00e1sti vystaven\u00e9 vysok\u00e9mu zat\u00ed\u017een\u00ed navr\u017een\u00e9 po\u010d\u00edta\u010dem pro mimo\u0159\u00e1dnou odolnost<br \/>\n  Bo\u010dn\u00ed p\u0159\u00edruba pro bezpe\u010dn\u00e9 uzav\u0159en\u00ed a stabiln\u00ed um\u00edst\u011bn\u00ed i na nerovn\u00e9m ter\u00e9nu<\/p>\n<p>Kontejner na odpad 660 l \u2013 snadn\u00e9 pou\u017eit\u00ed<br \/>\nKontejner 660 l je pohodln\u00fd pro obsluhu i obyvatele:<\/p>\n<p>  \u010cty\u0159i ergonomick\u00e9 madla pro snadn\u00e9 p\u0159emis\u0165ov\u00e1n\u00ed<br \/>\n  T\u011bsn\u011b uzav\u00edrateln\u00e9 v\u00edko se zes\u00edlen\u00fdmi \u010depy pant\u016f pro sn\u00ed\u017een\u00ed z\u00e1pachu<br \/>\n  \u010cty\u0159i odoln\u00e1, tich\u00e1 kola o pr\u016fm\u011bru 200 mm; dv\u011b p\u0159edn\u00ed kola s brzdami<br \/>\n  Pozinkovan\u00e9 z\u00e1v\u011bsy pro prodlou\u017eenou \u017eivotnost<br \/>\n  Hladk\u00fd vn\u011bj\u0161\u00ed povrch pro snadnou \u00fadr\u017ebu a centr\u00e1ln\u00ed odtokov\u00fd z\u00e1tka pro usnadn\u011bn\u00ed vnit\u0159n\u00edho \u010di\u0161t\u011bn\u00ed<\/p>\n<p>Kontejnery na t\u0159\u00edd\u011bn\u00ed \u2014 dostupn\u00e9 barvy<br \/>\nESE 660 l je k dispozici v \u0161esti RAL barv\u00e1ch pro t\u0159\u00edd\u011bn\u00ed:<\/p>\n<p>  Modr\u00e1 \u2013 pap\u00edr<br \/>\n  \u017dlut\u00e1 \u2013 kov a plasty<br \/>\n  Zelen\u00e1 \u2013 sklo<br \/>\n  Hn\u011bd\u00e1 \u2013 bioodpad<br \/>\n  \u010cerven\u00e1 \u2013 nebezpe\u010dn\u00fd odpad<br \/>\n  \u010cern\u00e1 \u2013 sm\u011bsn\u00fd odpad<\/p>\n<p>Kl\u00ed\u010dov\u00e9 informace<\/p>\n<p>  Odoln\u00e1, po\u010d\u00edta\u010dem navr\u017een\u00e1 konstrukce<br \/>\n  Materi\u00e1l odoln\u00fd v\u016f\u010di kyselin\u00e1m, mrazu a UV z\u00e1\u0159en\u00ed<br \/>\n  Certifik\u00e1t RAL-GZ 951\/1<br \/>\n  Soulad s PN EN 840<br \/>\n  Certifik\u00e1t N\u00e1rodn\u00edho institutu ve\u0159ejn\u00e9ho zdrav\u00ed (PZH)<br \/>\n  Mechanismus stla\u010den\u00ed v\u00edka<br \/>\n  Brzdy na p\u0159edn\u00edch kolech pro stabilitu na nerovn\u00e9m ter\u00e9nu<br \/>\n  Snadn\u00e9 \u010di\u0161t\u011bn\u00ed<br \/>\n  P\u0159ipraveno pro t\u0159\u00edd\u011bn\u00fd sb\u011br odpadu<\/p>\n","protected":false},"excerpt":{"rendered":"<p>ESE 660 l komun\u00e1ln\u00ed kontejner na odpad \u2014 navr\u017een pro separovan\u00fd sb\u011br odpadu a podporu \u0159\u00e1dn\u00e9ho t\u0159\u00edd\u011bn\u00ed v souladu s pokyny EU; ide\u00e1ln\u00ed pro bytov\u00e1 s\u00eddli\u0161t\u011b a komer\u010dn\u00ed prostory<\/p>\n","protected":false},"featured_media":1485,"comment_status":"open","ping_status":"closed","template":"","meta":[],"product_brand":[],"product_cat":[114],"product_tag":[],"class_list":{"0":"post-1282","1":"product","2":"type-product","3":"status-publish","4":"has-post-thumbnail","6":"product_cat-odpadove-kontejnery","8":"first","9":"instock","10":"taxable","11":"shipping-taxable","12":"purchasable","13":"product-type-simple"},"_links":{"self":[{"href":"https:\/\/eco-market24.com\/cs\/wp-json\/wp\/v2\/product\/1282","targetHints":{"allow":["GET"]}}],"collection":[{"href":"https:\/\/eco-market24.com\/cs\/wp-json\/wp\/v2\/product"}],"about":[{"href":"https:\/\/eco-market24.com\/cs\/wp-json\/wp\/v2\/types\/product"}],"replies":[{"embeddable":true,"href":"https:\/\/eco-market24.com\/cs\/wp-json\/wp\/v2\/comments?post=1282"}],"wp:featuredmedia":[{"embeddable":true,"href":"https:\/\/eco-market24.com\/cs\/wp-json\/wp\/v2\/media\/1485"}],"wp:attachment":[{"href":"https:\/\/eco-market24.com\/cs\/wp-json\/wp\/v2\/media?parent=1282"}],"wp:term":[{"taxonomy":"product_brand","embeddable":true,"href":"https:\/\/eco-market24.com\/cs\/wp-json\/wp\/v2\/product_brand?post=1282"},{"taxonomy":"product_cat","embeddable":true,"href":"https:\/\/eco-market24.com\/cs\/wp-json\/wp\/v2\/product_cat?post=1282"},{"taxonomy":"product_tag","embeddable":true,"href":"https:\/\/eco-market24.com\/cs\/wp-json\/wp\/v2\/product_tag?post=1282"}],"curies":[{"name":"wp","href":"https:\/\/api.w.org\/{rel}","templated":true}]}}