{"id":1312,"date":"2025-09-29T16:22:08","date_gmt":"2025-09-29T14:22:08","guid":{"rendered":"https:\/\/eco-market24.com\/product\/grafitova-nadoba-na-odpad-360-l\/"},"modified":"2025-09-29T19:59:29","modified_gmt":"2025-09-29T17:59:29","slug":"grafitova-nadoba-na-odpad-360-l","status":"publish","type":"product","link":"https:\/\/eco-market24.com\/cs\/produkt\/grafitova-nadoba-na-odpad-360-l\/","title":{"rendered":"Grafitov\u00e1 n\u00e1doba na odpad 360 l"},"content":{"rendered":"<p>Odpadkov\u00fd kontejner 360 l pro va\u0161i firmu<br \/>\nOdpadkov\u00fd kontejner 360 l od ESE je \u0159e\u0161en\u00ed pro podnikatele, kte\u0159\u00ed cht\u011bj\u00ed p\u0159isp\u011bt k udr\u017eiteln\u00e9mu nakl\u00e1d\u00e1n\u00ed s odpady a z\u00e1rove\u0148 udr\u017eet n\u00e1klady na svoz rozumn\u00e9. K dispozici v 5 RAL barv\u00e1ch, je vhodn\u00fd pro t\u0159\u00edd\u011bn\u00ed odpad\u016f v mal\u00fdch a st\u0159edn\u00edch podnic\u00edch, men\u0161\u00edch administrativn\u00edch budov\u00e1ch i v dom\u00e1cnostech. Kompaktn\u00ed proveden\u00ed a praktick\u00e9 prvky jej \u010din\u00ed ide\u00e1ln\u00edm tam, kde je omezen\u00fd prostor. N\u011bmeck\u00e1 zna\u010dka ESE je zn\u00e1m\u00e1 estetick\u00fdmi a odoln\u00fdmi \u0159e\u0161en\u00edmi v mnoha evropsk\u00fdch m\u011bstech.<\/p>\n<p>Normy a certifikace<br \/>\nKontejner 360 l je navr\u017een podle evropsk\u00e9 normy PN-EN 840, nese zna\u010dku kvality RAL a je certifikov\u00e1n St\u00e1tn\u00edm zdravotn\u00edm \u00fastavem jako ekologicky bezpe\u010dn\u00fd. Kontejner je kompatibiln\u00ed se svozov\u00fdmi vozidly se bo\u010dn\u00edm sn\u00edm\u00e1n\u00edm.<\/p>\n<p>Odolnost a trvanlivost<br \/>\nKontejner 360 l lze pou\u017e\u00edvat v interi\u00e9ru v ur\u010den\u00fdch m\u00edstnostech pro odpad i ve venkovn\u00edch \u010d\u00e1stech pod \u010d\u00e1ste\u010dn\u00fdm p\u0159\u00edst\u0159e\u0161kem nebo pod \u0161ir\u00fdm nebem. Vyroben z plastu HDPE, odol\u00e1v\u00e1 UV z\u00e1\u0159en\u00ed, de\u0161ti, sn\u011bhu a mrazu. Maxim\u00e1ln\u00ed nosnost a\u017e 160 kg. Konstruk\u010dn\u00ed prvky zaji\u0161\u0165uj\u00edc\u00ed mechanickou odolnost zahrnuj\u00ed:<\/p>\n<p>  svisl\u00e9 zpev\u0148ovac\u00ed \u017eebra na p\u0159edn\u00ed a zadn\u00ed st\u011bn\u011b<br \/>\n  h\u0159ebenov\u00fd nosi\u010d podle norem DIN<br \/>\n  dodate\u010dn\u00e9 \u017eebrov\u00e1n\u00ed v\u010d. medovit\u011b uspo\u0159\u00e1dan\u00e9ho zpevn\u011bn\u00ed<\/p>\n<p>Tyto prvky zaji\u0161\u0165uj\u00ed vysokou odolnost proti n\u00e1raz\u016fm p\u0159i vykl\u00e1dce.<\/p>\n<p>Ergonomick\u00fd design<br \/>\nPro pohodl\u00ed u\u017eivatele obsahuje kontejner:<\/p>\n<p>  dv\u011b kola pro snadn\u00e9 naklopen\u00ed a p\u0159epravu<br \/>\n  speci\u00e1ln\u00ed op\u011brku nohy pro p\u0159ekon\u00e1v\u00e1n\u00ed obrubn\u00edk\u016f<br \/>\n  konstrukci chr\u00e1n\u00edc\u00ed p\u00e1te\u0159 u\u017eivatele<br \/>\n  hladk\u00fd vnit\u0159n\u00ed povrch pro efektivn\u00ed vyprazd\u0148ov\u00e1n\u00ed a snadn\u00e9 \u010di\u0161t\u011bn\u00ed<\/p>\n<p>Kontejner na t\u0159\u00edd\u011bn\u00fd odpad \u2014 dostupn\u00e9 barvy<br \/>\nK dispozici v 5 RAL barv\u00e1ch pro efektivn\u00ed t\u0159\u00edd\u011bn\u00ed:<\/p>\n<p>  zelen\u00e1 \u2014 sklo<br \/>\n  grafitov\u00e1 \u2014 sm\u011bsn\u00fd odpad<br \/>\n  modr\u00e1 \u2014 pap\u00edr<br \/>\n  hn\u011bd\u00e1 \u2014 bioodpad<br \/>\n  \u017elut\u00e1 \u2014 kovy a plasty<\/p>\n<p>Kl\u00ed\u010dov\u00e9 informace<\/p>\n<p>  Efektivn\u00ed t\u0159\u00edd\u011bn\u00ed: dostupn\u00fd v 5 RAL barv\u00e1ch<br \/>\n  Nosnost: 160 kg<br \/>\n  Odoln\u00e1 konstrukce: materi\u00e1l HDPE, h\u0159ebenov\u00fd nosi\u010d, \u017eebrovan\u00e9 zpevn\u011bn\u00ed<br \/>\n  Nejvy\u0161\u0161\u00ed kvalita: norma PN-EN 840, zna\u010dka kvality RAL<br \/>\n  Pohodln\u00fd transport: 2 kola, nosi\u010d, op\u011brka nohy<br \/>\n  Univerz\u00e1lnost: kompatibiln\u00ed se svozov\u00fdmi vozidly se bo\u010dn\u00edm sn\u00edm\u00e1n\u00edm<br \/>\n  Snadn\u00e9 \u010di\u0161t\u011bn\u00ed: hladk\u00fd vnit\u0159n\u00ed povrch<\/p>\n","protected":false},"excerpt":{"rendered":"<p>360l kontejner na odpad \u2014 praktick\u00e9, n\u00e1kladov\u011b efektivn\u00ed \u0159e\u0161en\u00ed pro firmy, kter\u00e9 hledaj\u00ed udr\u017eiteln\u00e9 nakl\u00e1d\u00e1n\u00ed s odpady a ni\u017e\u0161\u00ed n\u00e1klady na likvidaci.<\/p>\n","protected":false},"featured_media":1647,"comment_status":"open","ping_status":"closed","template":"","meta":[],"product_brand":[],"product_cat":[114],"product_tag":[],"class_list":{"0":"post-1312","1":"product","2":"type-product","3":"status-publish","4":"has-post-thumbnail","6":"product_cat-odpadove-kontejnery","8":"first","9":"instock","10":"taxable","11":"shipping-taxable","12":"purchasable","13":"product-type-simple"},"_links":{"self":[{"href":"https:\/\/eco-market24.com\/cs\/wp-json\/wp\/v2\/product\/1312","targetHints":{"allow":["GET"]}}],"collection":[{"href":"https:\/\/eco-market24.com\/cs\/wp-json\/wp\/v2\/product"}],"about":[{"href":"https:\/\/eco-market24.com\/cs\/wp-json\/wp\/v2\/types\/product"}],"replies":[{"embeddable":true,"href":"https:\/\/eco-market24.com\/cs\/wp-json\/wp\/v2\/comments?post=1312"}],"wp:featuredmedia":[{"embeddable":true,"href":"https:\/\/eco-market24.com\/cs\/wp-json\/wp\/v2\/media\/1647"}],"wp:attachment":[{"href":"https:\/\/eco-market24.com\/cs\/wp-json\/wp\/v2\/media?parent=1312"}],"wp:term":[{"taxonomy":"product_brand","embeddable":true,"href":"https:\/\/eco-market24.com\/cs\/wp-json\/wp\/v2\/product_brand?post=1312"},{"taxonomy":"product_cat","embeddable":true,"href":"https:\/\/eco-market24.com\/cs\/wp-json\/wp\/v2\/product_cat?post=1312"},{"taxonomy":"product_tag","embeddable":true,"href":"https:\/\/eco-market24.com\/cs\/wp-json\/wp\/v2\/product_tag?post=1312"}],"curies":[{"name":"wp","href":"https:\/\/api.w.org\/{rel}","templated":true}]}}