{"id":1324,"date":"2025-09-29T16:22:07","date_gmt":"2025-09-29T14:22:07","guid":{"rendered":"https:\/\/eco-market24.com\/product\/240-l-kontejner-na-bioodpad-s-ese-mrizkou\/"},"modified":"2025-09-29T19:59:32","modified_gmt":"2025-09-29T17:59:32","slug":"240-l-kontejner-na-bioodpad-s-ese-mrizkou","status":"publish","type":"product","link":"https:\/\/eco-market24.com\/cs\/produkt\/240-l-kontejner-na-bioodpad-s-ese-mrizkou\/","title":{"rendered":"240 l kontejner na bioodpad s ESE m\u0159\u00ed\u017ekou"},"content":{"rendered":"<p>Kontejner na bioodpad 240 l s m\u0159\u00ed\u017ekou<\/p>\n<p>Ide\u00e1ln\u00ed pro obce a podniky \u2014 kontejner na bioodpad o objemu 240 l s m\u0159\u00ed\u017ekou je navr\u017een pro efektivn\u00ed vyu\u017eit\u00ed zdroj\u016f a zv\u00fd\u0161en\u00ed rentability kompost\u00e1ren. Je ur\u010den pro rozumn\u00e9 nakl\u00e1d\u00e1n\u00ed s druhotn\u00fdmi surovinami a dlouhodob\u00e9 pou\u017e\u00edv\u00e1n\u00ed.<\/p>\n<p>Konstrukce pro efektivn\u00ed kompostov\u00e1n\u00ed<br \/>\nKontejner je konstruov\u00e1n tak, aby podporoval optim\u00e1ln\u00ed proud\u011bn\u00ed vzduchu a efektivn\u00ed odpa\u0159ov\u00e1n\u00ed vlhkosti. M\u00e1 perforovan\u00e9 st\u011bny nebo v\u011btrac\u00ed s\u00ed\u0165ku v horn\u00ed a doln\u00ed \u010d\u00e1sti, podlo\u017eku v\u00edka s gumov\u00fdmi dorazy pro omezen\u00ed vzduchot\u011bsnosti (co\u017e napom\u00e1h\u00e1 su\u0161en\u00ed) a prody\u0161n\u00fd design, kter\u00fd udr\u017euje jednotku lehkou a snadno ovladatelnou p\u0159i zadr\u017een\u00ed pach\u016f.<\/p>\n<p>Konstrukce a odolnost<\/p>\n<p>  Materi\u00e1l: n\u00edzkotlak\u00fd vysokohustotn\u00ed polyethylen (HDPE) odoln\u00fd v\u016f\u010di UV z\u00e1\u0159en\u00ed, teplot\u00e1m a de\u0161ti.<br \/>\n  Zes\u00edlen\u00e9 dno pro zv\u00fd\u0161enou nosnost.<br \/>\n  Vyrobeno z materi\u00e1l\u016f bez \u0161kodliv\u00fdch chemick\u00fdch slou\u010denin.<br \/>\n  Hladk\u00fd vnit\u0159n\u00ed povrch pro snadn\u00e9 \u010di\u0161t\u011bn\u00ed a sn\u00ed\u017een\u00e9 zadr\u017eov\u00e1n\u00ed pach\u016f.<\/p>\n<p>Mo\u017enosti \u0159\u00edzen\u00ed z\u00e1pachu a kompostov\u00e1n\u00ed<br \/>\nKontejner m\u016f\u017ee b\u00fdt vybaven v\u00edkem obsahuj\u00edc\u00edm kokosov\u00e9 biofiltr (vy\u017eaduje t\u011bsn\u00e9 kontejnery se speci\u00e1ln\u00edm t\u011bsn\u011bn\u00edm). Biofiltr neutralizuje z\u00e1pachy a zabra\u0148uje vniknut\u00ed hmyzu nebo \u0161k\u016fdc\u016f, co\u017e umo\u017e\u0148uje \u010d\u00e1ste\u010dn\u00e9 kompostov\u00e1n\u00ed uvnit\u0159 kontejneru p\u0159ed p\u0159evozem do kompost\u00e1rny.<\/p>\n<p>M\u0159\u00ed\u017eka a odvodn\u011bn\u00ed tekutin<br \/>\nIntegrovan\u00e1 bio-s\u00ed\u0165ka (m\u0159\u00ed\u017eka) umo\u017e\u0148uje, aby kapaliny odt\u00e9kaly ke dnu, zat\u00edmco ventilace umo\u017e\u0148uje odpa\u0159ov\u00e1n\u00ed, co\u017e sni\u017euje vznik z\u00e1pachu. Kontejner p\u0159i tom zachov\u00e1v\u00e1 p\u0159ibli\u017en\u011b 90 % sv\u00e9ho objemu a z\u00e1rove\u0148 zlep\u0161uje kvalitu kompostu.<\/p>\n<p>Snadn\u00e9 pou\u017e\u00edv\u00e1n\u00ed<\/p>\n<p>  Pohodln\u00e9 uchycen\u00ed pro snadnou manipulaci<br \/>\n  Zes\u00edlen\u00e9 panty v\u00edka<br \/>\n  Dv\u011b kola s gumov\u00fdmi pneumatikami<br \/>\n  Lehk\u00fd a snadno p\u0159enosn\u00fd a vyprazd\u0148ovateln\u00fd<\/p>\n<p>Kl\u00ed\u010dov\u00e9 informace<\/p>\n<p>  Materi\u00e1l: HDPE<br \/>\n  Normy: shoda s RAL-GZ 951\/1<br \/>\n  Schv\u00e1len\u00ed: St\u00e1tn\u00ed zdravotn\u00ed \u00fastav (PZH)<br \/>\n  Perforovan\u00e9 t\u011blo nebo v\u011btrac\u00ed s\u00ed\u0165ky<br \/>\n  Podlo\u017eka v\u00edka<br \/>\n  Zes\u00edlen\u00e9 dno<br \/>\n  M\u0159\u00ed\u017eka pro odvodn\u011bn\u00ed tekutin<br \/>\n  2 kola a pohodln\u00e9 madla<br \/>\n  Hladk\u00fd vnit\u0159n\u00ed povrch<br \/>\n  Barva: hn\u011bd\u00e1 (RAL paleta)<\/p>\n","protected":false},"excerpt":{"rendered":"<p>240 l kontejner na bioodpad s m\u0159\u00ed\u017ekou ESE \u2014 ide\u00e1ln\u00ed pro obce a podniky hledaj\u00edc\u00ed chytr\u00e9 vyu\u017eit\u00ed zdroj\u016f. Umo\u017e\u0148uje efektivn\u00ed zpracov\u00e1n\u00ed sesb\u00edran\u00fdch organick\u00fdch materi\u00e1l\u016f pro znovuvyu\u017eit\u00ed a zvy\u0161uje ziskovost kompost\u00e1ren.<\/p>\n","protected":false},"featured_media":2069,"comment_status":"open","ping_status":"closed","template":"","meta":[],"product_brand":[],"product_cat":[114],"product_tag":[],"class_list":{"0":"post-1324","1":"product","2":"type-product","3":"status-publish","4":"has-post-thumbnail","6":"product_cat-odpadove-kontejnery","8":"first","9":"instock","10":"taxable","11":"shipping-taxable","12":"purchasable","13":"product-type-simple"},"_links":{"self":[{"href":"https:\/\/eco-market24.com\/cs\/wp-json\/wp\/v2\/product\/1324","targetHints":{"allow":["GET"]}}],"collection":[{"href":"https:\/\/eco-market24.com\/cs\/wp-json\/wp\/v2\/product"}],"about":[{"href":"https:\/\/eco-market24.com\/cs\/wp-json\/wp\/v2\/types\/product"}],"replies":[{"embeddable":true,"href":"https:\/\/eco-market24.com\/cs\/wp-json\/wp\/v2\/comments?post=1324"}],"wp:featuredmedia":[{"embeddable":true,"href":"https:\/\/eco-market24.com\/cs\/wp-json\/wp\/v2\/media\/2069"}],"wp:attachment":[{"href":"https:\/\/eco-market24.com\/cs\/wp-json\/wp\/v2\/media?parent=1324"}],"wp:term":[{"taxonomy":"product_brand","embeddable":true,"href":"https:\/\/eco-market24.com\/cs\/wp-json\/wp\/v2\/product_brand?post=1324"},{"taxonomy":"product_cat","embeddable":true,"href":"https:\/\/eco-market24.com\/cs\/wp-json\/wp\/v2\/product_cat?post=1324"},{"taxonomy":"product_tag","embeddable":true,"href":"https:\/\/eco-market24.com\/cs\/wp-json\/wp\/v2\/product_tag?post=1324"}],"curies":[{"name":"wp","href":"https:\/\/api.w.org\/{rel}","templated":true}]}}