{"id":1366,"date":"2025-09-29T16:22:00","date_gmt":"2025-09-29T14:22:00","guid":{"rendered":"https:\/\/eco-market24.com\/product\/kontejner-na-odpad-120-l-zluty\/"},"modified":"2025-09-29T19:59:44","modified_gmt":"2025-09-29T17:59:44","slug":"kontejner-na-odpad-120-l-zluty","status":"publish","type":"product","link":"https:\/\/eco-market24.com\/cs\/produkt\/kontejner-na-odpad-120-l-zluty\/","title":{"rendered":"Kontejner na odpad 120 l, \u017elut\u00fd"},"content":{"rendered":"<p>ESE \u017elut\u00fd kontejner 120 l \u2014 P\u0159ehled<br \/>\nPlastov\u00fd kontejner 120 l pro mal\u00e9 firmy a \u0159adov\u00e9 domy \u2014 ESE \u017elut\u00fd kontejner 120 l \u2014 je ov\u011b\u0159en\u00e9 \u0159e\u0161en\u00ed pro mal\u00e9 rodinn\u00e9 podniky a men\u0161\u00ed reziden\u010dn\u00ed are\u00e1ly. Pou\u017e\u00edvaj\u00ed ho zam\u011bstnanci mal\u00fdch kancel\u00e1\u0159\u00ed nebo obyvatel\u00e9 \u0159adov\u00fdch \u010di rodinn\u00fdch dom\u016f. Kontejner 120 l je v proveden\u00ed \u017elut\u00e9 barvy \u2014 v souladu s n\u00e1rodn\u00edm standardem t\u0159\u00edd\u011bn\u00ed odpad\u016f \u2014 co\u017e v\u00fdrazn\u011b usnad\u0148uje ka\u017edodenn\u00ed separaci plastu od ostatn\u00edho odpadu. \u017dlut\u00fd kontejner 120 l je kompatibiln\u00ed se standardn\u00edmi popel\u00e1\u0159sk\u00fdmi vozy s h\u00e1kov\u00fdm zved\u00e1n\u00edm.<\/p>\n<p>Kontejner 120 l dr\u017e\u00ed certifik\u00e1t potvrzuj\u00edc\u00ed shodu s evropskou normou PN-EN 840 a spl\u0148uje rovn\u011b\u017e kvalitu dle RAL. Plastov\u00fd kontejner 120 l od ESE se \u00fasp\u011b\u0161n\u011b pou\u017e\u00edv\u00e1 ve m\u011bstech po cel\u00e9 Evrop\u011b ji\u017e 80 let. Pr\u016fb\u011b\u017en\u00e9 testov\u00e1n\u00ed zaji\u0161\u0165uje trvanliv\u00e1 a atraktivn\u00ed \u0159e\u0161en\u00ed. V\u00fdrobn\u00ed proces sn\u00ed\u017eil emise CO2 a kontejner z\u00edskal certifikaci od N\u00e1rodn\u00edho institutu ve\u0159ejn\u00e9ho zdrav\u00ed, kter\u00e1 potvrzuje \u017e\u00e1dn\u00fd negativn\u00ed dopad na \u017eivotn\u00ed prost\u0159ed\u00ed. \u017dlut\u00fd kontejner 120 l je ekologick\u00fdm \u0159e\u0161en\u00edm.<\/p>\n<p>Trvanlivost a konstrukce<br \/>\n\u017dlut\u00fd kontejner 120 l s dv\u011bma koly vynik\u00e1 vysokou kvalitou. Je vyroben z n\u00edzkotlak\u00e9ho polyetyl\u00e9nu (HDPE) a dodate\u010dn\u011b chr\u00e1n\u011bn elektro-zinkov\u00e1n\u00edm a chromov\u00e1n\u00edm. Tyto materi\u00e1ly a pokro\u010dil\u00e9 technologie \u010din\u00ed kontejner odoln\u00fdm v\u016f\u010di vn\u011bj\u0161\u00edm vliv\u016fm \u2014 dlouhodob\u00e9 expozici UV z\u00e1\u0159en\u00ed, siln\u00fdm sr\u00e1\u017ek\u00e1m nebo extr\u00e9mn\u011b n\u00edzk\u00fdm teplot\u00e1m nepo\u0161kozuj\u00ed jeho technick\u00fd stav ani vzhled. Lze jej pou\u017e\u00edvat v interi\u00e9ru i v polozakryt\u00fdch venkovn\u00edch p\u0159\u00edst\u0159e\u0161c\u00edch a je odoln\u00fd proti mechanick\u00e9mu po\u0161kozen\u00ed.<\/p>\n<p>  Kovov\u00e9 osy z kalen\u00e9 oceli pro skute\u010dnou stabilitu<br \/>\n  \u017debrovan\u00e1 osmi\u017eebrov\u00e1 obj\u00edmka pro pevn\u00e9 upevn\u011bn\u00ed<br \/>\n  V\u010del\u00ed pl\u00e1stov\u00e1 struktura pro odolnost p\u0159i intenzivn\u00edch man\u00e9vrech<\/p>\n<p>Ergonomie a vlastnosti<br \/>\nV\u00fdrobn\u00ed technologie v\u00fdrobce kombinuje odolnost a bezpe\u010dnost s pozoruhodnou lehkost\u00ed. Kontejner m\u00e1 n\u00edzk\u00fd okraj p\u0159i zachov\u00e1n\u00ed tuhosti, kter\u00e1 zaru\u010duje nosnost a\u017e 60 kg. Konstruk\u010dn\u00ed prvky usnad\u0148uj\u00ed snadn\u00e9 pou\u017e\u00edv\u00e1n\u00ed a manipulaci:<\/p>\n<p>  Funk\u010dn\u00ed \u00fachyt pro snadn\u00e9 p\u0159en\u00e1\u0161en\u00ed a stabiln\u00ed zved\u00e1n\u00ed popel\u00e1\u0159sk\u00fdmi vozy<br \/>\n  Voliteln\u00fd ped\u00e1l pro bezdotykov\u00e9 otev\u00edr\u00e1n\u00ed<br \/>\n  Gumov\u00e1 kola s kryty pro tich\u00fd provoz<br \/>\n  Prvek sni\u017euj\u00edc\u00ed hluk p\u0159i zved\u00e1n\u00ed a skl\u00e1p\u011bn\u00ed v\u00edka<br \/>\n  Hladk\u00fd vnit\u0159n\u00ed povrch pro snadn\u00e9 \u010di\u0161t\u011bn\u00ed<\/p>\n<p>Dostupn\u00e9 barvy<br \/>\nKontejner 120 l je dostupn\u00fd v p\u011bti barv\u00e1ch RAL pro usnadn\u011bn\u00ed t\u0159\u00edd\u011bn\u00ed odpadu:<\/p>\n<p>  Zelen\u00e1 \u2014 sklo<br \/>\n  Grafitov\u00e1 \u2014 sm\u011bsn\u00fd odpad<br \/>\n  Modr\u00e1 \u2014 pap\u00edr<br \/>\n  Hn\u011bd\u00e1 \u2014 bioodpad<br \/>\n  \u017dlut\u00e1 \u2014 kov a plasty<\/p>\n<p>Kl\u00ed\u010dov\u00e9 informace<\/p>\n<p>  Barva: \u017dlut\u00e1 \u2014 pro frakci \u201eplasty a kovy\u201c<br \/>\n  Norma: v souladu s PN-EN 840<br \/>\n  Certifikace: N\u00e1rodn\u00ed institut ve\u0159ejn\u00e9ho zdrav\u00ed<br \/>\n  Materi\u00e1l: HDPE s dodate\u010dnou ochranou proti korozi<br \/>\n  Osy: kovov\u00e9, kalen\u00e1 ocel<br \/>\n  Kola: 2 s kryty pro tich\u00fd provoz<br \/>\n  Sn\u00ed\u017een\u00ed hluku: p\u0159i zved\u00e1n\u00ed a skl\u00e1p\u011bn\u00ed v\u00edka<br \/>\n  Vnit\u0159ek: hladk\u00fd vnit\u0159n\u00ed povrch<\/p>\n","protected":false},"excerpt":{"rendered":"<p>\u017dlut\u00fd kontejner na odpad 120 l \u2014 osv\u011bd\u010den\u00e9, praktick\u00e9 \u0159e\u0161en\u00ed pro mal\u00e9 firmy, \u0159adov\u00e9 domy a rodinn\u00e9 domy; ide\u00e1ln\u00ed pro mal\u00e9 kancel\u00e1\u0159e a dom\u00e1c\u00ed pou\u017eit\u00ed.<\/p>\n","protected":false},"featured_media":1734,"comment_status":"open","ping_status":"closed","template":"","meta":[],"product_brand":[],"product_cat":[114],"product_tag":[],"class_list":{"0":"post-1366","1":"product","2":"type-product","3":"status-publish","4":"has-post-thumbnail","6":"product_cat-odpadove-kontejnery","8":"first","9":"instock","10":"taxable","11":"shipping-taxable","12":"purchasable","13":"product-type-simple"},"_links":{"self":[{"href":"https:\/\/eco-market24.com\/cs\/wp-json\/wp\/v2\/product\/1366","targetHints":{"allow":["GET"]}}],"collection":[{"href":"https:\/\/eco-market24.com\/cs\/wp-json\/wp\/v2\/product"}],"about":[{"href":"https:\/\/eco-market24.com\/cs\/wp-json\/wp\/v2\/types\/product"}],"replies":[{"embeddable":true,"href":"https:\/\/eco-market24.com\/cs\/wp-json\/wp\/v2\/comments?post=1366"}],"wp:featuredmedia":[{"embeddable":true,"href":"https:\/\/eco-market24.com\/cs\/wp-json\/wp\/v2\/media\/1734"}],"wp:attachment":[{"href":"https:\/\/eco-market24.com\/cs\/wp-json\/wp\/v2\/media?parent=1366"}],"wp:term":[{"taxonomy":"product_brand","embeddable":true,"href":"https:\/\/eco-market24.com\/cs\/wp-json\/wp\/v2\/product_brand?post=1366"},{"taxonomy":"product_cat","embeddable":true,"href":"https:\/\/eco-market24.com\/cs\/wp-json\/wp\/v2\/product_cat?post=1366"},{"taxonomy":"product_tag","embeddable":true,"href":"https:\/\/eco-market24.com\/cs\/wp-json\/wp\/v2\/product_tag?post=1366"}],"curies":[{"name":"wp","href":"https:\/\/api.w.org\/{rel}","templated":true}]}}