{"id":1372,"date":"2025-09-29T16:21:59","date_gmt":"2025-09-29T14:21:59","guid":{"rendered":"https:\/\/eco-market24.com\/product\/120-l-kontejner-na-bioodpad-s-mrizkou-ese\/"},"modified":"2025-09-29T19:59:46","modified_gmt":"2025-09-29T17:59:46","slug":"120-l-kontejner-na-bioodpad-s-mrizkou-ese","status":"publish","type":"product","link":"https:\/\/eco-market24.com\/cs\/produkt\/120-l-kontejner-na-bioodpad-s-mrizkou-ese\/","title":{"rendered":"120 l kontejner na bioodpad s m\u0159\u00ed\u017ekou ESE"},"content":{"rendered":"<p>Kontejner na bioodpad 120 l pro obce a firmy<br \/>\nKontejner na bioodpad 120 l s ro\u0161tem od ESE je nejlep\u0161\u00ed \u0159e\u0161en\u00ed pro obce a podnikatele, kte\u0159\u00ed cht\u011bj\u00ed podporovat udr\u017eiteln\u00e9 vyu\u017e\u00edv\u00e1n\u00ed zdroj\u016f. Efektivn\u011b zpracov\u00e1v\u00e1 materi\u00e1l pro dal\u0161\u00ed vyu\u017eit\u00ed a zvy\u0161uje ziskovost kompost\u00e1ren. Jeho konstrukce umo\u017e\u0148uje optim\u00e1ln\u00ed proud\u011bn\u00ed vzduchu, kter\u00e9 zaji\u0161\u0165uje pot\u0159ebn\u00e9 odpa\u0159ov\u00e1n\u00ed tekutin a podporuje kompostov\u00e1n\u00ed. Kontejner na bioodpad 120 l podporuje rozumn\u00e9 nakl\u00e1d\u00e1n\u00ed s odpady a je v souladu s trendem p\u00e9\u010de o planetu.<\/p>\n<p>Certifikace a zna\u010dka<\/p>\n<p>  Certifik\u00e1t kvality potvrzuj\u00edc\u00ed shodu s RAL-GZ 951\/1<br \/>\n  Certifik\u00e1t od N\u00e1rodn\u00edho zdravotn\u00edho \u00fastavu<br \/>\n  Vyrobeno n\u011bmeckou zna\u010dkou ESE s 80 lety zku\u0161enost\u00ed na trhu a pe\u010dliv\u00fdm testov\u00e1n\u00edm produktu<\/p>\n<p>Konstrukce a materi\u00e1ly<br \/>\nHn\u011bd\u00fd kontejner na bioodpad 120 l je vyroben z n\u00edzkotlak\u00e9ho vysokohustotn\u00edho polyethylenu (HDPE), kter\u00fd zaji\u0161\u0165uje v\u00fdjime\u010dnou odolnost v\u016f\u010di po\u0161kozen\u00ed a vn\u011bj\u0161\u00edm vliv\u016fm v\u010detn\u011b dlouhodob\u00e9ho vystaven\u00ed UV z\u00e1\u0159en\u00ed, mraz\u016fm a siln\u00e9mu de\u0161ti. M\u00e1 zes\u00edlen\u00e9 dno, aby vydr\u017eelo t\u011b\u017ek\u00e1 zat\u00ed\u017een\u00ed. Pou\u017eit\u00e9 pigmenty neobsahuj\u00ed \u0161kodliv\u00e9 l\u00e1tky jako kadmium a olovo.<\/p>\n<p>Ventilace a v\u00edko<br \/>\nKonstrukce zahrnuje perforovan\u00e9 st\u011bny nebo v\u011btrac\u00ed s\u00ed\u0165ku se speci\u00e1ln\u00edmi v\u011btrac\u00edmi m\u0159\u00ed\u017ekami v horn\u00ed a spodn\u00ed \u010d\u00e1sti odpadkov\u00e9ho ko\u0161e. Kontejner m\u00e1 vlo\u017eku v\u00edka s gumov\u00fdmi dorazy a nen\u00ed vzduchot\u011bsn\u00fd, co\u017e urychluje su\u0161en\u00ed, sni\u017euje celkovou hmotnost a pom\u00e1h\u00e1 p\u0159edch\u00e1zet nep\u0159\u00edjemn\u00fdm z\u00e1pach\u016fm.<\/p>\n<p>Funkce ro\u0161tu (bio-s\u00ed\u0165ka)<br \/>\nKontejner na biologick\u00fd odpad obsahuje skl\u00e1dac\u00ed bio-s\u00ed\u0165ku (ro\u0161t) um\u00edst\u011bnou uvnit\u0159 pro zaji\u0161t\u011bn\u00ed efektivn\u00edho odtoku tekutin na dno. V\u011btrac\u00ed m\u0159\u00ed\u017eka umo\u017e\u0148uje pr\u016fb\u011b\u017en\u00e9 odpa\u0159ov\u00e1n\u00ed, tak\u017ee se tekutiny nehromad\u00ed. S nainstalovan\u00fdm ro\u0161tem nab\u00edz\u00ed kontejner st\u00e1le v\u00edce ne\u017e 90 % sv\u00e9ho objemu. Ro\u0161t je odn\u00edmateln\u00fd a skl\u00e1dac\u00ed pro snadn\u00e9 vysyp\u00e1n\u00ed a d\u016fkladn\u00e9 \u010di\u0161t\u011bn\u00ed, co\u017e zlep\u0161uje kvalitu kompostu a z\u00e1rove\u0148 z\u016fst\u00e1v\u00e1 pohodln\u00fd k pou\u017eit\u00ed.<\/p>\n<p>Snadn\u00e9 pou\u017eit\u00ed<\/p>\n<p>  Pohodln\u00e9 madlo pro u\u017eivatelsk\u00fd komfort<br \/>\n  Dv\u011b kole\u010dka s gumov\u00fdmi pl\u00e1\u0161ti 200 mm<br \/>\n  N\u00edzk\u00e1 celkov\u00e1 hmotnost pro snadn\u00fd p\u0159evoz a vysyp\u00e1v\u00e1n\u00ed<br \/>\n  Hladk\u00fd vnit\u0159n\u00ed povrch pro snadn\u00e9 \u010di\u0161t\u011bn\u00ed a sn\u00ed\u017een\u00e9 zadr\u017eov\u00e1n\u00ed z\u00e1pachu<\/p>\n<p>Kl\u00ed\u010dov\u00e9 informace<\/p>\n<p>  Materi\u00e1l: HDPE s vysokou odolnost\u00ed v\u016f\u010di vn\u011bj\u0161\u00edm vliv\u016fm<br \/>\n  Shoda: RAL-GZ 951\/1<br \/>\n  Certifikace: N\u00e1rodn\u00ed zdravotn\u00ed \u00fastav<br \/>\n  Vlastnosti: perforovan\u00e9 t\u011blo\/v\u011btrac\u00ed m\u0159\u00ed\u017eky, vlo\u017eka do v\u00edka, zes\u00edlen\u00e9 dno, ro\u0161t pro odvod tekutin<br \/>\n  Mobilita: 2 kole\u010dka a pohodln\u00e1 madla<br \/>\n  Vnit\u0159ek: hladk\u00fd povrch<br \/>\n  Barva: hn\u011bd\u00e1 (RAL paleta)<\/p>\n","protected":false},"excerpt":{"rendered":"<p>120 l kontejner na bioodpad s m\u0159\u00ed\u017ekou \u2014 ide\u00e1ln\u00ed \u0159e\u0161en\u00ed pro obce a podniky podporuj\u00edc\u00ed udr\u017eiteln\u00e9 vyu\u017e\u00edv\u00e1n\u00ed zdroj\u016f.<\/p>\n","protected":false},"featured_media":1589,"comment_status":"open","ping_status":"closed","template":"","meta":[],"product_brand":[],"product_cat":[114],"product_tag":[],"class_list":{"0":"post-1372","1":"product","2":"type-product","3":"status-publish","4":"has-post-thumbnail","6":"product_cat-odpadove-kontejnery","8":"first","9":"instock","10":"taxable","11":"shipping-taxable","12":"purchasable","13":"product-type-simple"},"_links":{"self":[{"href":"https:\/\/eco-market24.com\/cs\/wp-json\/wp\/v2\/product\/1372","targetHints":{"allow":["GET"]}}],"collection":[{"href":"https:\/\/eco-market24.com\/cs\/wp-json\/wp\/v2\/product"}],"about":[{"href":"https:\/\/eco-market24.com\/cs\/wp-json\/wp\/v2\/types\/product"}],"replies":[{"embeddable":true,"href":"https:\/\/eco-market24.com\/cs\/wp-json\/wp\/v2\/comments?post=1372"}],"wp:featuredmedia":[{"embeddable":true,"href":"https:\/\/eco-market24.com\/cs\/wp-json\/wp\/v2\/media\/1589"}],"wp:attachment":[{"href":"https:\/\/eco-market24.com\/cs\/wp-json\/wp\/v2\/media?parent=1372"}],"wp:term":[{"taxonomy":"product_brand","embeddable":true,"href":"https:\/\/eco-market24.com\/cs\/wp-json\/wp\/v2\/product_brand?post=1372"},{"taxonomy":"product_cat","embeddable":true,"href":"https:\/\/eco-market24.com\/cs\/wp-json\/wp\/v2\/product_cat?post=1372"},{"taxonomy":"product_tag","embeddable":true,"href":"https:\/\/eco-market24.com\/cs\/wp-json\/wp\/v2\/product_tag?post=1372"}],"curies":[{"name":"wp","href":"https:\/\/api.w.org\/{rel}","templated":true}]}}