{"id":1384,"date":"2025-09-29T16:21:58","date_gmt":"2025-09-29T14:21:58","guid":{"rendered":"https:\/\/eco-market24.com\/product\/kontejner-na-odpad-80-l-ten\/"},"modified":"2025-09-29T20:00:43","modified_gmt":"2025-09-29T18:00:43","slug":"kontejner-na-odpad-80-l-ten","status":"publish","type":"product","link":"https:\/\/eco-market24.com\/cs\/produkt\/kontejner-na-odpad-80-l-ten\/","title":{"rendered":"Kontejner na odpad 80 l, ten"},"content":{"rendered":"<p>ESE 80 L Odpadn\u00ed kontejner<br \/>\nKontejner na odpad o objemu 80 l pro firmy a soukrom\u00e9 u\u017eivatele je ESE 80 L odpadkov\u00fd ko\u0161 pro mal\u00e9 podniky a rodinn\u00e9 domy. Kontejner se v\u00fdborn\u011b hod\u00ed do men\u0161\u00edch administrativn\u00edch budov a uzav\u0159en\u00fdch obytn\u00fdch are\u00e1l\u016f \u2014 vedle \u0159adov\u00fdch dom\u016f nebo u rodinn\u00fdch a dvojdomk\u016f. Umo\u017e\u0148uje efektivn\u00ed t\u0159\u00edd\u011bn\u00ed odpadu a umo\u017e\u0148uje u\u017eivatel\u016fm prov\u00e1d\u011bt \u00fa\u010dinn\u00e9 separace recyklovateln\u00fdch slo\u017eek k ochran\u011b planety.<\/p>\n<p>Kvalita a certifikace<br \/>\nVyrobeno v N\u011bmecku se zam\u011b\u0159en\u00edm na trvanliv\u00e1 a estetick\u00e1 \u0159e\u0161en\u00ed. Kontejnery ESE se objevuj\u00ed ve m\u011bstech po cel\u00e9 Evrop\u011b ji\u017e 80 let. Kontejner 80 l spl\u0148uje normu RAL-GZ 951\/1, kter\u00e1 zaru\u010duje \u0161pi\u010dkovou v\u00fdrobn\u00ed kvalitu. Certifik\u00e1t od St\u00e1tn\u00edho zdravotn\u00edho \u00fastavu potvrzuje jeho bezpe\u010dn\u00e9 pou\u017eit\u00ed a ne\u0161kodnost pro p\u0159\u00edrodn\u00ed prost\u0159ed\u00ed.<\/p>\n<p>Design a odolnost<br \/>\nKontejner 80 l je navr\u017een pro vykl\u00edzen\u00ed pomoc\u00ed h\u0159eblov\u00e9ho syst\u00e9mu v souladu s normami DIN. Je odoln\u00fd v\u016f\u010di po\u0161kozen\u00ed a vyroben z vysoce kvalitn\u00edch materi\u00e1l\u016f: n\u00edzkotlak\u00fd polyethylen vysok\u00e9 hustoty poskytuje odolnost v\u016f\u010di vn\u011bj\u0161\u00edm vliv\u016fm, bez zhor\u0161en\u00ed p\u0159i dlouhodob\u00e9m vystaven\u00ed UV z\u00e1\u0159en\u00ed, extr\u00e9mn\u00edm teplot\u00e1m nebo de\u0161ti. Dal\u0161\u00ed ochranu proti korozi zaji\u0161\u0165uje elektrogalvanizace a chromov\u00e1n\u00ed, co\u017e \u010din\u00ed kontejner vhodn\u00fdm pro vnit\u0159n\u00ed i venkovn\u00ed pou\u017eit\u00ed.<\/p>\n<p>Bezpe\u010dnost a konstrukce<br \/>\nKontejner vyu\u017e\u00edv\u00e1 v\u010del\u00ed komoru (honeycomb) pro bezpe\u010dn\u00e9 pou\u017eit\u00ed a kovov\u00e9 osy z kalen\u00e9 oceli pro vysokou stabilitu, co\u017e zaru\u010duje dlouhou \u017eivotnost.<\/p>\n<p>Praktick\u00e9 vlastnosti<br \/>\n  Rukoje\u0165 pro snadn\u00e9 p\u0159esunov\u00e1n\u00ed<br \/>\n  Stup\u00e1tko k ochran\u011b p\u00e1te\u0159e a zlep\u0161en\u00ed man\u00e9vrovatelnosti<br \/>\n  Dv\u011b gumov\u00e1 kola pro lep\u0161\u00ed p\u0159epravu a tich\u00fd provoz<br \/>\n  Hladk\u00fd vnit\u0159n\u00ed povrch pro snadn\u00e9 \u010di\u0161t\u011bn\u00ed a sn\u00ed\u017een\u00ed rizika nep\u0159\u00edjemn\u00fdch z\u00e1pach\u016f<\/p>\n<p>Barevn\u00e9 varianty pro separaci<br \/>\nKontejnery 80 l podporuj\u00ed t\u0159\u00edd\u011bn\u00ed odpadu a jsou dostupn\u00e9 v p\u011bti RAL barv\u00e1ch:<br \/>\n  Grafit \u2014 sm\u011bsn\u00fd odpad<br \/>\n  Zelen\u00e1 \u2014 sklo<br \/>\n  Modr\u00e1 \u2014 pap\u00edr<br \/>\n  Hn\u011bd\u00e1 \u2014 bioodpad<br \/>\n  \u017dlut\u00e1 \u2014 kovy a plasty<\/p>\n<p>Kl\u00ed\u010dov\u00e9 informace<br \/>\n  Standard: RAL-GZ 951\/1<br \/>\n  Certifikace: St\u00e1tn\u00ed zdravotn\u00ed \u00fastav<br \/>\n  Vypr\u00e1zd\u0148ov\u00e1n\u00ed: H\u0159eblov\u00fd syst\u00e9m podle DIN<br \/>\n  Barvy: P\u011bt RAL barev<br \/>\n  Materi\u00e1l: N\u00edzkotlak\u00fd polyethylen vysok\u00e9 hustoty<br \/>\n  Stabilita: Kovov\u00e9 osy z kalen\u00e9 oceli<br \/>\n  Mobilita: Dv\u011b gumov\u00e1 kola, rukoje\u0165 a stup\u00e1tko<\/p>\n","protected":false},"excerpt":{"rendered":"<p>Mal\u00fd 80 l kontejner na odpad ide\u00e1ln\u00ed pro firmy i soukrom\u00e9 u\u017eivatele \u2014 perfektn\u00ed pro mal\u00e9 kancel\u00e1\u0159e, \u0159adov\u00e9 domy a domy pro jednu nebo dv\u011b rodiny.<\/p>\n","protected":false},"featured_media":2091,"comment_status":"open","ping_status":"closed","template":"","meta":[],"product_brand":[],"product_cat":[114],"product_tag":[],"class_list":{"0":"post-1384","1":"product","2":"type-product","3":"status-publish","4":"has-post-thumbnail","6":"product_cat-odpadove-kontejnery","8":"first","9":"instock","10":"taxable","11":"shipping-taxable","12":"purchasable","13":"product-type-simple"},"_links":{"self":[{"href":"https:\/\/eco-market24.com\/cs\/wp-json\/wp\/v2\/product\/1384","targetHints":{"allow":["GET"]}}],"collection":[{"href":"https:\/\/eco-market24.com\/cs\/wp-json\/wp\/v2\/product"}],"about":[{"href":"https:\/\/eco-market24.com\/cs\/wp-json\/wp\/v2\/types\/product"}],"replies":[{"embeddable":true,"href":"https:\/\/eco-market24.com\/cs\/wp-json\/wp\/v2\/comments?post=1384"}],"wp:featuredmedia":[{"embeddable":true,"href":"https:\/\/eco-market24.com\/cs\/wp-json\/wp\/v2\/media\/2091"}],"wp:attachment":[{"href":"https:\/\/eco-market24.com\/cs\/wp-json\/wp\/v2\/media?parent=1384"}],"wp:term":[{"taxonomy":"product_brand","embeddable":true,"href":"https:\/\/eco-market24.com\/cs\/wp-json\/wp\/v2\/product_brand?post=1384"},{"taxonomy":"product_cat","embeddable":true,"href":"https:\/\/eco-market24.com\/cs\/wp-json\/wp\/v2\/product_cat?post=1384"},{"taxonomy":"product_tag","embeddable":true,"href":"https:\/\/eco-market24.com\/cs\/wp-json\/wp\/v2\/product_tag?post=1384"}],"curies":[{"name":"wp","href":"https:\/\/api.w.org\/{rel}","templated":true}]}}