{"id":1390,"date":"2025-09-29T16:21:58","date_gmt":"2025-09-29T14:21:58","guid":{"rendered":"https:\/\/eco-market24.com\/product\/120-l-grafitove-sedy-kontejner-na-odpad\/"},"modified":"2025-09-29T20:00:45","modified_gmt":"2025-09-29T18:00:45","slug":"120-l-grafitove-sedy-kontejner-na-odpad","status":"publish","type":"product","link":"https:\/\/eco-market24.com\/cs\/produkt\/120-l-grafitove-sedy-kontejner-na-odpad\/","title":{"rendered":"120 l grafitov\u011b \u0161ed\u00fd kontejner na odpad"},"content":{"rendered":"<p>Kontejner na odpad 120 l pro va\u0161i firmu<br \/>\n120l kontejner od ESE je ur\u010den pro mal\u00e9 firmy a mal\u00e9 obytn\u00e9 celky. Ide\u00e1ln\u00ed pro t\u0159\u00edd\u011bn\u00ed odpadu v mal\u00fdch kancel\u00e1\u0159\u00edch nebo u \u0159adov\u00fdch dom\u016f a rodinn\u00fdch dom\u016f. Standardizovan\u00e9 barvy pro t\u0159\u00edd\u011bn\u00ed umo\u017e\u0148uj\u00ed rozpozn\u00e1n\u00ed frakc\u00ed. 120litrov\u00fd kontejner podporuje ohledupln\u00e9 kroky pro planetu a je kompatibiln\u00ed se standardn\u00edmi popel\u00e1\u0159sk\u00fdmi vozy s vidlicov\u00fdm zved\u00e1n\u00edm. Kontejner m\u00e1 certifik\u00e1t kvality potvrzuj\u00edc\u00ed shodu s evropskou normou PN-EN 840 a spl\u0148uje po\u017eadavky RAL.<\/p>\n<p>Prov\u011b\u0159en\u00fd v\u00fdrobce<br \/>\nPo 80 let ESE vyr\u00e1b\u00ed kontejnery pou\u017e\u00edvan\u00e9 v evropsk\u00fdch m\u011bstech. Spole\u010dnost je zn\u00e1m\u00e1 p\u0159\u00edsn\u00fdm testov\u00e1n\u00edm, kter\u00e9 zaji\u0161\u0165uje odoln\u00e1 a estetick\u00e1 \u0159e\u0161en\u00ed. D\u00edky pe\u010dliv\u011b \u0159\u00edzen\u00e9mu v\u00fdrobn\u00edmu procesu byly emise CO2 efektivn\u011b sn\u00ed\u017eeny o 2 %. Kone\u010dn\u00fd v\u00fdrobek z\u00edskal certifikaci od N\u00e1rodn\u00edho institutu ve\u0159ejn\u00e9ho zdrav\u00ed, kter\u00e1 potvrzuje, \u017ee 120l kontejner nem\u00e1 negativn\u00ed dopad na \u017eivotn\u00ed prost\u0159ed\u00ed \u2014 dvojn\u00e1sobn\u011b ekologick\u00e9 \u0159e\u0161en\u00ed.<\/p>\n<p>120l popelnice \u2014 vyberte na roky<br \/>\n120l popelnice na sm\u011bsn\u00fd odpad se dv\u011bma praktick\u00fdmi koly je vyrobena z polyethylenu n\u00edzkotlak\u00e9ho (HDPE) a dodate\u010dn\u011b chr\u00e1n\u011bna elektro-zinkov\u00e1n\u00edm a chromov\u00e1n\u00edm. Pe\u010dliv\u011b vybran\u00e9 materi\u00e1ly a pokro\u010dil\u00e9 technologie poskytuj\u00ed mimo\u0159\u00e1dnou odolnost v\u016f\u010di vn\u011bj\u0161\u00edm vliv\u016fm: dlouhodob\u00e9 UV z\u00e1\u0159en\u00ed, siln\u00e9 sr\u00e1\u017eky a n\u00edzk\u00e9 teploty nezp\u016fsobuj\u00ed rychl\u00e9 zhor\u0161en\u00ed. Vhodn\u00e1 pro vnit\u0159n\u00ed pou\u017eit\u00ed nebo polozast\u0159e\u0161en\u00e1 stanovi\u0161t\u011b.<br \/>\nDvoukolov\u00e1 120l popelnice je odoln\u00e1 v\u016f\u010di mechanick\u00e9mu po\u0161kozen\u00ed. M\u00e1 kovov\u00e9 n\u00e1pravy z tvrzen\u00e9 oceli pro stabilitu, \u017eebrovanou osmi\u017eebrovou patku pro pevn\u00e9 uchycen\u00ed a \u017eebrovou strukturu ve tvaru v\u010del\u00ed pl\u00e1stve, kter\u00e1 zaru\u010duje trvanlivost p\u0159i intenzivn\u00edch man\u00e9vrech. Kontejner ESE 120 l je postaven\u00fd na mnoho sez\u00f3n.<\/p>\n<p>Ergonomick\u00fd design<br \/>\nNavr\u017een\u00fd pro pohodl\u00ed kombinuje kontejner odolnost a bezpe\u010dnost s lehkost\u00ed. M\u00e1 n\u00edzk\u00e9 v\u00edko p\u0159i zachov\u00e1n\u00ed tuhosti, kter\u00e1 zaru\u010duje nosnost a\u017e 60 kg. Konstrukce obsahuje funk\u010dn\u00ed rukoje\u0165 pro snadn\u00e9 p\u0159en\u00e1\u0161en\u00ed a stabiln\u00ed zved\u00e1n\u00ed popel\u00e1\u0159sk\u00fdm vozem. Kontejner m\u016f\u017ee b\u00fdt voliteln\u011b vybaven ped\u00e1lem pro bezdotykov\u00e9 otev\u00edr\u00e1n\u00ed.<br \/>\nModern\u00ed 120l popelnice je tak\u00e9 velmi tich\u00e1: gumov\u00e1 kola s kryty a speci\u00e1ln\u00ed mechanismus sni\u017euj\u00ed hluk p\u0159i otev\u00edr\u00e1n\u00ed a zav\u00edr\u00e1n\u00ed v\u00edka. Snadn\u00e9 \u010di\u0161t\u011bn\u00ed zaji\u0161\u0165uje hladk\u00fd vnit\u0159n\u00ed povrch, kter\u00fd br\u00e1n\u00ed vzniku nep\u0159\u00edjemn\u00fdch pach\u016f.<\/p>\n<p>Dostupn\u00e9 barvy pro t\u0159\u00edd\u011bn\u00ed odpadu<br \/>\nKontejner ESE 120 l usnad\u0148uje t\u0159\u00edd\u011bn\u00ed odpadu. Popisovan\u00fd model pro sm\u011bsn\u00fd odpad je dostupn\u00fd v p\u011bti barv\u00e1ch:<\/p>\n<p>Green \u2014 sklo<br \/>\nGraphite \u2014 sm\u011bsn\u00fd odpad<br \/>\nBlue \u2014 pap\u00edr<br \/>\nBrown \u2014 bioodpad<br \/>\nYellow \u2014 kovy a plasty<\/p>\n<p>Kl\u00ed\u010dov\u00e9 informace<\/p>\n<p>Pou\u017eit\u00ed: t\u0159\u00edd\u011bn\u00ed sm\u011bsn\u00e9ho odpadu<br \/>\nNormy: PN-EN 840<br \/>\nCertifikace: N\u00e1rodn\u00ed institut ve\u0159ejn\u00e9ho zdrav\u00ed<br \/>\nMateri\u00e1l: HDPE s dodate\u010dnou korozn\u00ed ochranou<br \/>\nN\u00e1pravy: kovov\u00e9 n\u00e1pravy z tvrzen\u00e9 oceli<br \/>\nKola: 2 kryt\u00e1 kola pro tich\u00fd provoz<br \/>\nSn\u00ed\u017een\u00ed hluku: sn\u00ed\u017een\u00fd hluk p\u0159i zved\u00e1n\u00ed a spou\u0161t\u011bn\u00ed v\u00edka<br \/>\nHygiena: hladk\u00fd vnit\u0159n\u00ed povrch<\/p>\n","protected":false},"excerpt":{"rendered":"<p>Kontejner na odpad o objemu 120 l \u2014 ide\u00e1ln\u00ed pro mal\u00e9 podniky a obytn\u00e9 z\u00f3ny. Perfektn\u00ed pro t\u0159\u00edd\u011bn\u00ed odpadu v mal\u00fdch kancel\u00e1\u0159\u00edch, \u0159adov\u00fdch domech a rodinn\u00fdch domech.<\/p>\n","protected":false},"featured_media":1470,"comment_status":"open","ping_status":"closed","template":"","meta":[],"product_brand":[],"product_cat":[114],"product_tag":[],"class_list":{"0":"post-1390","1":"product","2":"type-product","3":"status-publish","4":"has-post-thumbnail","6":"product_cat-odpadove-kontejnery","8":"first","9":"instock","10":"taxable","11":"shipping-taxable","12":"purchasable","13":"product-type-simple"},"_links":{"self":[{"href":"https:\/\/eco-market24.com\/cs\/wp-json\/wp\/v2\/product\/1390","targetHints":{"allow":["GET"]}}],"collection":[{"href":"https:\/\/eco-market24.com\/cs\/wp-json\/wp\/v2\/product"}],"about":[{"href":"https:\/\/eco-market24.com\/cs\/wp-json\/wp\/v2\/types\/product"}],"replies":[{"embeddable":true,"href":"https:\/\/eco-market24.com\/cs\/wp-json\/wp\/v2\/comments?post=1390"}],"wp:featuredmedia":[{"embeddable":true,"href":"https:\/\/eco-market24.com\/cs\/wp-json\/wp\/v2\/media\/1470"}],"wp:attachment":[{"href":"https:\/\/eco-market24.com\/cs\/wp-json\/wp\/v2\/media?parent=1390"}],"wp:term":[{"taxonomy":"product_brand","embeddable":true,"href":"https:\/\/eco-market24.com\/cs\/wp-json\/wp\/v2\/product_brand?post=1390"},{"taxonomy":"product_cat","embeddable":true,"href":"https:\/\/eco-market24.com\/cs\/wp-json\/wp\/v2\/product_cat?post=1390"},{"taxonomy":"product_tag","embeddable":true,"href":"https:\/\/eco-market24.com\/cs\/wp-json\/wp\/v2\/product_tag?post=1390"}],"curies":[{"name":"wp","href":"https:\/\/api.w.org\/{rel}","templated":true}]}}