{"id":1402,"date":"2025-09-29T16:21:56","date_gmt":"2025-09-29T14:21:56","guid":{"rendered":"https:\/\/eco-market24.com\/product\/kontejner-na-odpad-1100-l-ese-s-delenym-vikem-a-vnitrnim-vikem-hnedy\/"},"modified":"2025-09-29T20:00:48","modified_gmt":"2025-09-29T18:00:48","slug":"kontejner-na-odpad-1100-l-ese-s-delenym-vikem-a-vnitrnim-vikem-hnedy","status":"publish","type":"product","link":"https:\/\/eco-market24.com\/cs\/produkt\/kontejner-na-odpad-1100-l-ese-s-delenym-vikem-a-vnitrnim-vikem-hnedy\/","title":{"rendered":"Kontejner na odpad 1100 l ESE s d\u011blen\u00fdm v\u00edkem a vnit\u0159n\u00edm v\u00edkem, hn\u011bd\u00fd"},"content":{"rendered":"<p>Kontejner na bioodpad 1100 l \u2014 d\u011blen\u00e9 v\u00edko ESE s \u201eflap-in-lid\u201c (hn\u011bd\u00fd)<\/p>\n<p>Prvot\u0159\u00eddn\u00ed, velkokapacitn\u00ed: Kontejner na odpad 1100 l s d\u011blen\u00fdm v\u00edkem ESE a \u201eflap-in-lid\u201c v hn\u011bd\u00e9 barv\u011b vyr\u00e1b\u00ed dlouholet\u00fd evropsk\u00fd v\u00fdrobce. Pou\u017e\u00edvaj\u00ed jej svozov\u00e9 slu\u017eby a provozy odpadov\u00e9ho hospod\u00e1\u0159stv\u00ed, hod\u00ed se pro obce, velk\u00e9 spole\u010dnosti, \u00fa\u0159ady, \u0161koly, n\u00e1kupn\u00ed centra, bytov\u00e1 dru\u017estva a dal\u0161\u00ed ve\u0159ejn\u00e9 objekty, kde se denn\u011b tvo\u0159\u00ed velk\u00e9 mno\u017estv\u00ed odpadu. Hn\u011bd\u00e1 barva napom\u00e1h\u00e1 separaci bioodpadu a m\u016f\u017ee b\u00fdt pou\u017eita na cel\u00fd kontejner, cel\u00e9 v\u00edko nebo pouze na men\u0161\u00ed klapku. Produkt m\u00e1 certifik\u00e1t RAL\u2011GZ 951\/1, vyhovuje norm\u011b PN\u2011EN 840 (EU) a m\u00e1 schv\u00e1len\u00ed PZH. Je kompatibiln\u00ed s vozidly pou\u017e\u00edvaj\u00edc\u00edmi DIN syst\u00e9m a h\u0159ebenov\u00e9 zvedac\u00ed mechanismy.<\/p>\n<p>Materi\u00e1l a odolnost<br \/>\nKontejner 1100 l je vyroben vst\u0159ikov\u00e1n\u00edm z vysokohustotn\u00edho polyetylenu (HDPE). HDPE zaji\u0161\u0165uje protikorozn\u00ed vlastnosti a odolnost v\u016f\u010di pov\u011btrnostn\u00edm vliv\u016fm; kontejner odol\u00e1v\u00e1 UV z\u00e1\u0159en\u00ed, de\u0161ti, sn\u011bhu, extr\u00e9mn\u00edm teplot\u00e1m a chemick\u00e9mu p\u016fsoben\u00ed bez rozpad\u00e1n\u00ed \u010di deformac\u00ed. Bioodpadov\u00fd kontejner ESE m\u00e1 zes\u00edlenou konstrukci t\u011bla s dodate\u010dn\u00fdmi \u017eebrov\u00e1n\u00edmi na p\u0159edn\u00ed a zadn\u00ed st\u011bn\u011b a zkou\u0161en\u00fdmi vysoce zat\u00ed\u017eiteln\u00fdmi body, co\u017e zvy\u0161uje odolnost proti mechanick\u00e9mu po\u0161kozen\u00ed.<\/p>\n<p>Pohodl\u00ed a pou\u017eitelnost<br \/>\nKontejner je vybaven syst\u00e9mem \u201eflap-in-lid\u201c. Men\u0161\u00ed klapka je velmi lehk\u00e1 (p\u0159ibli\u017en\u011b 1,3 kg), umo\u017e\u0148uje obsluhu i slab\u0161\u00edm, star\u0161\u00edm nebo zdravotn\u011b posti\u017een\u00fdm osob\u00e1m a sni\u017euje prostor pot\u0159ebn\u00fd p\u0159i otev\u00edr\u00e1n\u00ed. Konstrukce v\u00edka minimalizuje po\u0161kozen\u00ed t\u00edm, \u017ee zabra\u0148uje koliz\u00edm mezi kontejnerem a lisovac\u00edm mechanismem p\u0159i vyprazd\u0148ov\u00e1n\u00ed. Pohyblivost zaji\u0161\u0165uj\u00ed \u010dty\u0159i gumov\u00e1 kola o pr\u016fm\u011bru 20 cm (tich\u00fd chod) s aretacemi na dvou p\u0159edn\u00edch kolech pro stabilitu na nerovn\u00e9m ter\u00e9nu. Praktick\u00e9 madla a hladk\u00e9 povrchy usnad\u0148uj\u00ed manipulaci a \u010di\u0161t\u011bn\u00ed kontejneru.<\/p>\n<p>Kl\u00ed\u010dov\u00e9 informace<\/p>\n<p>  Materi\u00e1l: vysokohustotn\u00ed polyetylen (HDPE)<br \/>\n  Certifikace: RAL\u2011GZ 951\/1<br \/>\n  Normy: PN\u2011EN 840 (EU)<br \/>\n  Kompatibilita: DIN syst\u00e9m nebo h\u0159ebenov\u00fd zvedac\u00ed mechanismus<br \/>\n  Syst\u00e9m v\u00edka: \u201eflap-in-lid\u201c s lehkou malou klapkou<br \/>\n  Mo\u017enosti barvy pro separaci: mal\u00e1 klapka, cel\u00e9 v\u00edko nebo cel\u00fd kontejner<br \/>\n  Konstrukce: zes\u00edlen\u00e9 t\u011blo<br \/>\n  Kola: \u010dty\u0159i gumov\u00e1 kola 20 cm<br \/>\n  Stabilita: dv\u011b aretace na p\u0159edn\u00edch kolech<br \/>\n  Dal\u0161\u00ed: madla; mo\u017enost vybavit tlumi\u010di hluku<\/p>\n","protected":false},"excerpt":{"rendered":"<p>1100 l kontejner na bioodpad pro obce, podniky a bytov\u00e1 dru\u017estva \u2014 hn\u011bd\u00fd 1100 l odpadn\u00ed kontejner s d\u011blen\u00fdm v\u00edkem s \u201edv\u00ed\u0159ky ve dv\u00ed\u0159k\u00e1ch\u201c, nab\u00edzej\u00edc\u00ed \u0161pi\u010dkov\u00e9 zpracov\u00e1n\u00ed a velkou kapacitu. Vyroben spole\u010dnost\u00ed s desetilet\u00edmi zku\u0161enost\u00ed a v\u00fdrobky po cel\u00e9 Evrop\u011b.<\/p>\n","protected":false},"featured_media":2101,"comment_status":"open","ping_status":"closed","template":"","meta":[],"product_brand":[],"product_cat":[114],"product_tag":[],"class_list":{"0":"post-1402","1":"product","2":"type-product","3":"status-publish","4":"has-post-thumbnail","6":"product_cat-odpadove-kontejnery","8":"first","9":"instock","10":"taxable","11":"shipping-taxable","12":"purchasable","13":"product-type-simple"},"_links":{"self":[{"href":"https:\/\/eco-market24.com\/cs\/wp-json\/wp\/v2\/product\/1402","targetHints":{"allow":["GET"]}}],"collection":[{"href":"https:\/\/eco-market24.com\/cs\/wp-json\/wp\/v2\/product"}],"about":[{"href":"https:\/\/eco-market24.com\/cs\/wp-json\/wp\/v2\/types\/product"}],"replies":[{"embeddable":true,"href":"https:\/\/eco-market24.com\/cs\/wp-json\/wp\/v2\/comments?post=1402"}],"wp:featuredmedia":[{"embeddable":true,"href":"https:\/\/eco-market24.com\/cs\/wp-json\/wp\/v2\/media\/2101"}],"wp:attachment":[{"href":"https:\/\/eco-market24.com\/cs\/wp-json\/wp\/v2\/media?parent=1402"}],"wp:term":[{"taxonomy":"product_brand","embeddable":true,"href":"https:\/\/eco-market24.com\/cs\/wp-json\/wp\/v2\/product_brand?post=1402"},{"taxonomy":"product_cat","embeddable":true,"href":"https:\/\/eco-market24.com\/cs\/wp-json\/wp\/v2\/product_cat?post=1402"},{"taxonomy":"product_tag","embeddable":true,"href":"https:\/\/eco-market24.com\/cs\/wp-json\/wp\/v2\/product_tag?post=1402"}],"curies":[{"name":"wp","href":"https:\/\/api.w.org\/{rel}","templated":true}]}}