{"id":1426,"date":"2025-09-29T16:21:51","date_gmt":"2025-09-29T14:21:51","guid":{"rendered":"https:\/\/eco-market24.com\/product\/kontejner-na-odpad-1100-l-ese-s-delenym-vikem-a-klapkou-v-klapce-modry\/"},"modified":"2025-09-29T20:00:55","modified_gmt":"2025-09-29T18:00:55","slug":"kontejner-na-odpad-1100-l-ese-s-delenym-vikem-a-klapkou-v-klapce-modry","status":"publish","type":"product","link":"https:\/\/eco-market24.com\/cs\/produkt\/kontejner-na-odpad-1100-l-ese-s-delenym-vikem-a-klapkou-v-klapce-modry\/","title":{"rendered":"Kontejner na odpad 1100 l ESE s d\u011blen\u00fdm v\u00edkem a klapkou v klapce, modr\u00fd"},"content":{"rendered":"<p>Kontejner na odpad 1100 l pro t\u0159\u00edd\u011bn\u00ed pap\u00edru<\/p>\n<p>P\u0159ehled<br \/>\n1100 l kontejner ESE s d\u011blen\u00fdm v\u00edkem \u201ev\u00edko v v\u00edku\u201c (modr\u00e9) je efektivn\u00ed \u0159e\u0161en\u00ed pro selektivn\u00ed sb\u011br recyklovateln\u00fdch odpad\u016f v obc\u00edch, firm\u00e1ch a bytov\u00fdch komplexech. Vhodn\u00fd pro komun\u00e1ln\u00ed sb\u011brn\u00e1 m\u00edsta, kancel\u00e1\u0159e, \u0161koly, obytn\u00e9 soubory a podniky prosazuj\u00edc\u00ed ekologick\u00e1 opat\u0159en\u00ed. Produkt certifikov\u00e1n podle RAL\u2011GZ 951\/1 a evropsn\u00e9 normy PN\u2011EN 840, uzp\u016fsoben pro vozidla s DIN typem zdvihu a h\u0159ebenov\u00fdm mechanismem, a m\u00e1 schv\u00e1len\u00ed PZH.<\/p>\n<p>Dostupn\u00e9 verze<br \/>\n&#8211; Pln\u011b v barv\u011b t\u0159\u00edd\u011bn\u00ed<br \/>\n&#8211; Mal\u00e9 v\u00edko v barv\u011b t\u0159\u00edd\u011bn\u00ed<br \/>\n&#8211; Cel\u00e9 v\u00edko v barv\u011b t\u0159\u00edd\u011bn\u00ed (modr\u00e9)<\/p>\n<p>Materi\u00e1l a odolnost<br \/>\nKonstrukce: Vst\u0159ikovan\u00e1 z vysoce hust\u00e9ho HD\u2011PE.<br \/>\nVlastnosti: Odoln\u00fd v\u016f\u010di pov\u011btrnostn\u00edm vliv\u016fm (UV, d\u00e9\u0161\u0165, sn\u00edh, extr\u00e9mn\u00ed teploty), proti korozi, chemicky odoln\u00fd, zes\u00edlen\u00e1 konstrukce s \u017eebrovan\u00fdmi \u010dely. Testov\u00e1no na odolnost v podm\u00ednk\u00e1ch vysok\u00e9ho zat\u00ed\u017een\u00ed.<\/p>\n<p>Funk\u010dnost a p\u0159\u00edstupnost<br \/>\n&#8211; Design \u201ev\u00edko v v\u00edku\u201c: Mal\u00e1 klapka v\u00e1\u017e\u00ed pouze 1,3 kg, ovladateln\u00e1 jednou rukou a zab\u00edr\u00e1 m\u00e9n\u011b m\u00edsta p\u0159i otev\u0159en\u00ed.<br \/>\n&#8211; V\u011bt\u0161\u00ed pohyb v\u00edka p\u0159i vypr\u00e1zd\u0148ov\u00e1n\u00ed, aby nedoch\u00e1zelo ke kolizi s lisovac\u00edmi mechanismy a sn\u00ed\u017eilo se riziko po\u0161kozen\u00ed.<br \/>\n&#8211; \u010cty\u0159i velk\u00e1 tlumen\u00e1 gumov\u00e1 kola o pr\u016fm\u011bru 20 cm pro mobilitu; dva z\u00e1mky p\u0159edn\u00edch kol pro stabiln\u00ed zabrzd\u011bn\u00ed.<br \/>\n&#8211; Voliteln\u00e9 tlumi\u010de hluku v p\u0159edn\u00edm v\u00edku.<br \/>\n&#8211; Hladk\u00e9 vnit\u0159n\u00ed i vn\u011bj\u0161\u00ed povrchy pro snadn\u00e9 \u010di\u0161t\u011bn\u00ed.<br \/>\n&#8211; Navr\u017eeno pro snadn\u00e9 ovl\u00e1d\u00e1n\u00ed star\u0161\u00edmi nebo osobami se zdravotn\u00edm posti\u017een\u00edm.<\/p>\n<p>Kl\u00ed\u010dov\u00e9 specifikace<br \/>\n&#8211; Kapacita: 1100 l<br \/>\n&#8211; Materi\u00e1l: polyethylen vysok\u00e9 hustoty (HD\u2011PE)<br \/>\n&#8211; Normy: RAL\u2011GZ 951\/1, PN\u2011EN 840 (EU)<br \/>\n&#8211; Kompatibilita: syst\u00e9my DIN nebo h\u0159ebenov\u00e9 mechanismy<br \/>\n&#8211; Kola: 4 \u00d7 20 cm gumov\u00e1 kola; 2 z\u00e1mky p\u0159edn\u00edch kol<br \/>\n&#8211; Voliteln\u00e9: tlumi\u010de hluku, barevn\u00e9 varianty pro t\u0159\u00edd\u011bn\u00ed<\/p>\n","protected":false},"excerpt":{"rendered":"<p>1100 l modr\u00fd kontejner na odpad s d\u011blen\u00fdm v\u00edkem a klopou pro t\u0159\u00edd\u011bn\u00ed pap\u00edru \u2014 ide\u00e1ln\u00ed pro obce, podniky, s\u00eddli\u0161t\u011b, kancel\u00e1\u0159e a sb\u011brn\u00e1 m\u00edsta komun\u00e1ln\u00edho odpadu (PSZOK).<\/p>\n","protected":false},"featured_media":2113,"comment_status":"open","ping_status":"closed","template":"","meta":[],"product_brand":[],"product_cat":[114],"product_tag":[],"class_list":{"0":"post-1426","1":"product","2":"type-product","3":"status-publish","4":"has-post-thumbnail","6":"product_cat-odpadove-kontejnery","8":"first","9":"instock","10":"taxable","11":"shipping-taxable","12":"purchasable","13":"product-type-simple"},"_links":{"self":[{"href":"https:\/\/eco-market24.com\/cs\/wp-json\/wp\/v2\/product\/1426","targetHints":{"allow":["GET"]}}],"collection":[{"href":"https:\/\/eco-market24.com\/cs\/wp-json\/wp\/v2\/product"}],"about":[{"href":"https:\/\/eco-market24.com\/cs\/wp-json\/wp\/v2\/types\/product"}],"replies":[{"embeddable":true,"href":"https:\/\/eco-market24.com\/cs\/wp-json\/wp\/v2\/comments?post=1426"}],"wp:featuredmedia":[{"embeddable":true,"href":"https:\/\/eco-market24.com\/cs\/wp-json\/wp\/v2\/media\/2113"}],"wp:attachment":[{"href":"https:\/\/eco-market24.com\/cs\/wp-json\/wp\/v2\/media?parent=1426"}],"wp:term":[{"taxonomy":"product_brand","embeddable":true,"href":"https:\/\/eco-market24.com\/cs\/wp-json\/wp\/v2\/product_brand?post=1426"},{"taxonomy":"product_cat","embeddable":true,"href":"https:\/\/eco-market24.com\/cs\/wp-json\/wp\/v2\/product_cat?post=1426"},{"taxonomy":"product_tag","embeddable":true,"href":"https:\/\/eco-market24.com\/cs\/wp-json\/wp\/v2\/product_tag?post=1426"}],"curies":[{"name":"wp","href":"https:\/\/api.w.org\/{rel}","templated":true}]}}