{"id":1438,"date":"2025-09-29T16:21:50","date_gmt":"2025-09-29T14:21:50","guid":{"rendered":"https:\/\/eco-market24.com\/product\/cerveny-kontejner-na-odpad-1100-l\/"},"modified":"2025-09-29T20:00:58","modified_gmt":"2025-09-29T18:00:58","slug":"cerveny-kontejner-na-odpad-1100-l","status":"publish","type":"product","link":"https:\/\/eco-market24.com\/cs\/produkt\/cerveny-kontejner-na-odpad-1100-l\/","title":{"rendered":"\u010cerven\u00fd kontejner na odpad 1100 l"},"content":{"rendered":"<p>\u010cerven\u00fd kontejner na odpad 1100 l \u2014 RAL\u2011GZ951\/1<\/p>\n<p>Norma a certifikace: V souladu s kvalitativn\u00ed normou RAL\u2011GZ951\/1 a PN EN 840. Ozna\u010deno zna\u010dkou CE, vyhovuje p\u0159\u00edslu\u0161n\u00fdm evropsk\u00fdm a n\u00e1rodn\u00edm norm\u00e1m.<\/p>\n<p>Ur\u010den\u00ed<br \/>\nNavr\u017een pro t\u0159\u00edd\u011bn\u00ed l\u00e9ka\u0159sk\u00e9ho a nebezpe\u010dn\u00e9ho odpadu v nemocnic\u00edch, zdravotnick\u00fdch za\u0159\u00edzen\u00edch, kosmetick\u00fdch sal\u00f3nech a dal\u0161\u00edch prostorech vy\u017eaduj\u00edc\u00edch odolnost v\u016f\u010di infek\u010dn\u00edmu odpadu a \u010dast\u00e9mu pou\u017e\u00edv\u00e1n\u00ed.<\/p>\n<p>Konstrukce a materi\u00e1ly<br \/>\n  Materi\u00e1l: Vysoce hust\u00fd polyethylen (HDPE), recyklovateln\u00fd.<br \/>\n  Konstrukce: Po\u010d\u00edta\u010dov\u011b ov\u011b\u0159en\u00e1, odoln\u00e1 konstrukce s hladk\u00fdm vnit\u0159kem pro snadn\u00e9 \u010di\u0161t\u011bn\u00ed.<br \/>\n  Odtok: Spodn\u00ed odtokov\u00fd otvor zaji\u0161t\u011bn\u00fd z\u00e1tkou.<br \/>\n  Nosnost: Jmenovit\u00e9 zat\u00ed\u017een\u00ed a\u017e do 510 kg (nejvy\u0161\u0161\u00ed dostupn\u00e9 pro 1100 l plastov\u00e9 komun\u00e1ln\u00ed kontejnery).<\/p>\n<p>Odolnost a normy<br \/>\n  Vyrobeno v\u00fdrobcem s 80letou zku\u0161enost\u00ed ve v\u00fdrob\u011b MGB kontejner\u016f.<br \/>\n  Vysoce odoln\u00fd v\u016f\u010di UV z\u00e1\u0159en\u00ed a n\u00edzk\u00fdm teplot\u00e1m; vhodn\u00fd pro venkovn\u00ed pou\u017eit\u00ed za v\u0161ech pov\u011btrnostn\u00edch podm\u00ednek.<br \/>\n  Ploch\u00fd v\u00edko spl\u0148uje po\u017eadavky normy DIN.<br \/>\n  Vybaven bo\u010dn\u00edmi trunniony pro vypr\u00e1zdn\u011bn\u00ed popel\u00e1\u0159sk\u00fdmi vozy z boku, zezadu nebo po p\u0159edn\u00edm okraji kontejneru.<\/p>\n","protected":false},"excerpt":{"rendered":"<p>\u010cerven\u00fd kontejner 1 100 l, certifikovan\u00fd podle standardu kvality RAL\u2011GZ 951\/1.<\/p>\n","protected":false},"featured_media":2119,"comment_status":"open","ping_status":"closed","template":"","meta":[],"product_brand":[],"product_cat":[114],"product_tag":[],"class_list":{"0":"post-1438","1":"product","2":"type-product","3":"status-publish","4":"has-post-thumbnail","6":"product_cat-odpadove-kontejnery","8":"first","9":"instock","10":"taxable","11":"shipping-taxable","12":"purchasable","13":"product-type-simple"},"_links":{"self":[{"href":"https:\/\/eco-market24.com\/cs\/wp-json\/wp\/v2\/product\/1438","targetHints":{"allow":["GET"]}}],"collection":[{"href":"https:\/\/eco-market24.com\/cs\/wp-json\/wp\/v2\/product"}],"about":[{"href":"https:\/\/eco-market24.com\/cs\/wp-json\/wp\/v2\/types\/product"}],"replies":[{"embeddable":true,"href":"https:\/\/eco-market24.com\/cs\/wp-json\/wp\/v2\/comments?post=1438"}],"wp:featuredmedia":[{"embeddable":true,"href":"https:\/\/eco-market24.com\/cs\/wp-json\/wp\/v2\/media\/2119"}],"wp:attachment":[{"href":"https:\/\/eco-market24.com\/cs\/wp-json\/wp\/v2\/media?parent=1438"}],"wp:term":[{"taxonomy":"product_brand","embeddable":true,"href":"https:\/\/eco-market24.com\/cs\/wp-json\/wp\/v2\/product_brand?post=1438"},{"taxonomy":"product_cat","embeddable":true,"href":"https:\/\/eco-market24.com\/cs\/wp-json\/wp\/v2\/product_cat?post=1438"},{"taxonomy":"product_tag","embeddable":true,"href":"https:\/\/eco-market24.com\/cs\/wp-json\/wp\/v2\/product_tag?post=1438"}],"curies":[{"name":"wp","href":"https:\/\/api.w.org\/{rel}","templated":true}]}}