{"id":1444,"date":"2025-09-29T16:21:49","date_gmt":"2025-09-29T14:21:49","guid":{"rendered":"https:\/\/eco-market24.com\/product\/1100-l-plastovy-kontejner-na-recyklaci\/"},"modified":"2025-09-29T20:01:00","modified_gmt":"2025-09-29T18:01:00","slug":"1100-l-plastovy-kontejner-na-recyklaci","status":"publish","type":"product","link":"https:\/\/eco-market24.com\/cs\/produkt\/1100-l-plastovy-kontejner-na-recyklaci\/","title":{"rendered":"1100 l plastov\u00fd kontejner na recyklaci"},"content":{"rendered":"<p>Kontejner na plasty 1100 l pro firmy, instituce a bytov\u00e1 dru\u017estva<\/p>\n<p>ese je \u0159e\u0161en\u00ed, kter\u00e9 usnad\u0148uje spr\u00e1vn\u00e9 t\u0159\u00edd\u011bn\u00ed odpadu. Je vynikaj\u00edc\u00ed volbou pro obce, m\u011bsta, instituce, firmy a bytov\u00e1 dru\u017estva. Zna\u010dka ese je zn\u00e1m\u00e1 vysokou kvalitou a estetikou, p\u016fsob\u00ed v Evrop\u011b ji\u017e 80 let. Kontejner umo\u017e\u0148uje snadn\u00e9 t\u0159\u00edd\u011bn\u00ed plastov\u00fdch materi\u00e1l\u016f vhodn\u00fdch k op\u011btovn\u00e9mu vyu\u017eit\u00ed a je ekologick\u00fdm \u0159e\u0161en\u00edm \u2014 separace nen\u00ed jen povinnost ukl\u00e1dan\u00e1 Evropskou uni\u00ed, ale tak\u00e9 prosp\u011b\u0161n\u00e1 pro planetu.<\/p>\n<p>Normy a certifikace<br \/>\nKontejner na odpad 1100 l zaji\u0161\u0165uje bezpe\u010dn\u00e9 pou\u017e\u00edv\u00e1n\u00ed a vyhovuje glob\u00e1ln\u00ed norm\u011b RAL-GZ 951\/1 a evropsk\u00e9 norm\u011b EN 840. Certifik\u00e1t od N\u00e1rodn\u00edho institutu hygieny potvrzuje, \u017ee nem\u00e1 negativn\u00ed vliv na \u017eivotn\u00ed prost\u0159ed\u00ed. Kontejner je kompatibiln\u00ed s popel\u00e1\u0159sk\u00fdmi vozy s p\u0159edn\u00edm, bo\u010dn\u00edm i zadn\u00edm vykl\u00e1d\u00e1n\u00edm pomoc\u00ed bo\u010dn\u00edch kol\u00edk\u016f nebo p\u0159edn\u00edho h\u0159ebu.<\/p>\n<p>Odoln\u00fd, proti po\u0161kozen\u00ed chr\u00e1n\u011bn\u00fd \u017elut\u00fd kontejner<br \/>\nPlastov\u00fd kontejner 1100 l je vhodn\u00fd do uzav\u0159en\u00fdch odpadn\u00edch m\u00edstnost\u00ed v administrativn\u00edch budov\u00e1ch i do poloop\u0159en\u00fdch p\u0159\u00edst\u0159e\u0161k\u016f v bytov\u00fdch z\u00e1stavb\u00e1ch. Je vyroben z vysokohustotn\u00edho polyethylenu, odoln\u00e9ho v\u016f\u010di nep\u0159\u00edzniv\u00fdm pov\u011btrnostn\u00edm podm\u00ednk\u00e1m a kyselin\u00e1m, a neulp\u00edv\u00e1 na n\u011bm po\u0161kozen\u00ed zp\u016fsoben\u00e9 UV z\u00e1\u0159en\u00edm, siln\u00fdmi mrazy nebo vydatn\u00fdmi de\u0161ti. Kompaktn\u00ed rozm\u011bry a robustn\u00ed konstrukce umo\u017e\u0148uj\u00ed univerz\u00e1ln\u00ed pou\u017eit\u00ed a estetick\u00e9 proveden\u00ed umo\u017e\u0148uje um\u00edst\u011bn\u00ed i na voln\u00fdch prostranstv\u00edch, nap\u0159\u00edklad v podzemn\u00edch gar\u00e1\u017e\u00edch.<\/p>\n<p>  Zes\u00edlen\u00e1 konstrukce t\u011bla se zaoblen\u00fdmi p\u0159edn\u00edmi a zadn\u00edmi hranami pro estetickou a funk\u010dn\u00ed odolnost<br \/>\n  Po\u010d\u00edta\u010dem navr\u017een\u00e1 z\u00e1kladna a \u010d\u00e1sti vystaven\u00e9 vysok\u00e9mu tlaku a z\u00e1t\u011b\u017ei<br \/>\n  H\u0159eben (comb bar) vyhovuje norm\u00e1m DIN<br \/>\n  Odoln\u00fd v\u016f\u010di mechanick\u00e9mu po\u0161kozen\u00ed po mnoho let pou\u017e\u00edv\u00e1n\u00ed<\/p>\n<p>Pohodln\u00e9 a praktick\u00e9 vlastnosti<br \/>\nKontejner je u\u017eivatelsky p\u0159\u00edv\u011btiv\u00fd a bezpe\u010dn\u00fd:<\/p>\n<p>  Dv\u011b otvoru ve v\u00edku pro lahve nebo men\u0161\u00ed pytle bez nutnosti zved\u00e1n\u00ed cel\u00e9ho v\u00edka<br \/>\n  \u010cty\u0159i kola (\u00d8 200 mm) s vyztu\u017een\u00fdmi kryty a dv\u011b p\u0159edn\u00ed brzdy pro mobilitu a stabilitu<br \/>\n  \u010cty\u0159i ergonomick\u00e9 madla pro p\u0159emis\u0165ov\u00e1n\u00ed<br \/>\n  V\u00edka s bo\u010dn\u00ed p\u0159\u00edrubou, kter\u00e1 se samouzav\u00edr\u00e1 a nastavuje polohu, umo\u017e\u0148uj\u00edc\u00ed um\u00edst\u011bn\u00ed na nerovn\u00e9m ter\u00e9nu<br \/>\n  Voliteln\u00fd z\u00e1mek na kl\u00ed\u010d pro zabezpe\u010den\u00e1 m\u00edsta (nap\u0159. bytov\u00e1 dru\u017estva)<br \/>\n  Hladk\u00fd povrch pro snadn\u00e9 \u010di\u0161t\u011bn\u00ed a \u00fadr\u017ebu<br \/>\n  Centr\u00e1ln\u00ed odtokov\u00fd z\u00e1tka pro v\u011bt\u0161\u00ed pohodl\u00ed<\/p>\n<p>Kl\u00ed\u010dov\u00e9 informace<\/p>\n<p>  Kapacita: 1100 l<br \/>\n  Barva: \u017elut\u00e1<br \/>\n  2 otvory ve v\u00edku<br \/>\n  Po\u010d\u00edta\u010dov\u00fd n\u00e1vrh pro vysokou pevnost<br \/>\n  Odolnost v\u016f\u010di kyselin\u00e1m, UV z\u00e1\u0159en\u00ed a de\u0161ti<br \/>\n  Shoda s RAL-GZ 951\/1 a PN EN 840<br \/>\n  Certifik\u00e1t od N\u00e1rodn\u00edho institutu hygieny<br \/>\n  Mechanismus p\u0159itla\u010den\u00ed v\u00edka p\u0159i zav\u00edr\u00e1n\u00ed<br \/>\n  Brzdy na p\u0159edn\u00edch kolech pro zv\u00fd\u0161enou stabilitu<br \/>\n  Snadn\u00e1 \u00fadr\u017eba \u010distoty<\/p>\n","protected":false},"excerpt":{"rendered":"<p>1100 l kontejner na plast \u2014 odoln\u00e9, snadno pou\u017eiteln\u00e9 \u0159e\u0161en\u00ed pro obce, firmy, instituce a bytov\u00e1 dru\u017estva\/s\u00eddli\u0161t\u011b, kter\u00e9 usnad\u0148uje spr\u00e1vn\u00e9 t\u0159\u00edd\u011bn\u00ed a sb\u011br plastov\u00e9ho odpadu.<\/p>\n","protected":false},"featured_media":2122,"comment_status":"open","ping_status":"closed","template":"","meta":[],"product_brand":[],"product_cat":[114],"product_tag":[],"class_list":{"0":"post-1444","1":"product","2":"type-product","3":"status-publish","4":"has-post-thumbnail","6":"product_cat-odpadove-kontejnery","8":"first","9":"instock","10":"taxable","11":"shipping-taxable","12":"purchasable","13":"product-type-simple"},"_links":{"self":[{"href":"https:\/\/eco-market24.com\/cs\/wp-json\/wp\/v2\/product\/1444","targetHints":{"allow":["GET"]}}],"collection":[{"href":"https:\/\/eco-market24.com\/cs\/wp-json\/wp\/v2\/product"}],"about":[{"href":"https:\/\/eco-market24.com\/cs\/wp-json\/wp\/v2\/types\/product"}],"replies":[{"embeddable":true,"href":"https:\/\/eco-market24.com\/cs\/wp-json\/wp\/v2\/comments?post=1444"}],"wp:featuredmedia":[{"embeddable":true,"href":"https:\/\/eco-market24.com\/cs\/wp-json\/wp\/v2\/media\/2122"}],"wp:attachment":[{"href":"https:\/\/eco-market24.com\/cs\/wp-json\/wp\/v2\/media?parent=1444"}],"wp:term":[{"taxonomy":"product_brand","embeddable":true,"href":"https:\/\/eco-market24.com\/cs\/wp-json\/wp\/v2\/product_brand?post=1444"},{"taxonomy":"product_cat","embeddable":true,"href":"https:\/\/eco-market24.com\/cs\/wp-json\/wp\/v2\/product_cat?post=1444"},{"taxonomy":"product_tag","embeddable":true,"href":"https:\/\/eco-market24.com\/cs\/wp-json\/wp\/v2\/product_tag?post=1444"}],"curies":[{"name":"wp","href":"https:\/\/api.w.org\/{rel}","templated":true}]}}