{"id":1543,"date":"2025-09-29T16:21:27","date_gmt":"2025-09-29T14:21:27","guid":{"rendered":"https:\/\/eco-market24.com\/product\/recyklacni-kos-eco-estri-3-prihradky-3-x-60-l-s-klapkami\/"},"modified":"2025-09-29T20:01:16","modified_gmt":"2025-09-29T18:01:16","slug":"recyklacni-kos-eco-estri-3-prihradky-3-x-60-l-s-klapkami","status":"publish","type":"product","link":"https:\/\/eco-market24.com\/cs\/produkt\/recyklacni-kos-eco-estri-3-prihradky-3-x-60-l-s-klapkami\/","title":{"rendered":"Recykla\u010dn\u00ed ko\u0161 Eco Estri, 3 p\u0159ihr\u00e1dky, 3 \u00d7 60 l, s klapkami"},"content":{"rendered":"<p>Modul\u00e1rn\u00ed t\u0159\u00edd\u011bn\u00fd odpadkov\u00fd ko\u0161 \u2014 pro kancel\u00e1\u0159, \u00fa\u0159ad, \u0161kolu nebo obchod<\/p>\n<p>3-komorov\u00fd ekologick\u00fd ko\u0161 Estri 3 x 60 l s v\u00edky je efektivn\u00edm \u0159e\u0161en\u00edm pro zaveden\u00ed z\u00e1kladn\u00edho t\u0159\u00edd\u011bn\u00ed odpadu v dan\u00e9m prostoru. D\u00edky funk\u010dnosti a estetice je pou\u017eiteln\u00fd t\u00e9m\u011b\u0159 kdekoliv. Vnit\u0159n\u00ed kontejner je vhodn\u00fd do \u0161kol, \u00fa\u0159ad\u016f a dal\u0161\u00edch ve\u0159ejn\u00fdch instituc\u00ed. Skv\u011ble poslou\u017e\u00ed i v kancel\u00e1\u0159i \u2014 d\u00e1 se um\u00edstit jak do pracovn\u00edch prostor, tak do z\u00e1zem\u00ed \u010di komunika\u010dn\u00edch z\u00f3n. V\u00fdborn\u011b funguje i v obchodech, n\u00e1kupn\u00edch centrech a kryt\u00fdch parkovi\u0161t\u00edch.<\/p>\n<p>Design a barvy<br \/>\nModul\u00e1rn\u00ed ko\u0161 o kapacit\u011b 3 x 60 litr\u016f je dostupn\u00fd v barv\u011b grafit (RAL 7021). M\u00e1 v\u00edka v barv\u00e1ch odpadov\u00fdch frakc\u00ed a velk\u00e9 samolepky s n\u00e1zvy frakc\u00ed. Dostupn\u00e9 jsou i jin\u00e9 konfigurace modul\u016f: 2-komorov\u00e9 a 4-komorov\u00e9 proveden\u00ed.<\/p>\n<p>Konstrukce a odolnost<br \/>\n3-komorov\u00fd ocelov\u00fd ko\u0161 je ur\u010den do interi\u00e9ru. Je vyroben z kvalitn\u00ed lakovan\u00e9 oceli, kter\u00e1 zaji\u0161\u0165uje atraktivn\u00ed vzhled a odolnost proti mechanick\u00e9mu po\u0161kozen\u00ed. Vnit\u0159n\u00ed kontejner tak odol\u00e1 n\u00e1raz\u016fm b\u011b\u017en\u00fdm v intenzivn\u011b vyu\u017e\u00edvan\u00fdch prostorech a udr\u017e\u00ed si dobr\u00fd technick\u00fd stav po mnoho let.<\/p>\n<p>Barvy t\u0159\u00edd\u011bn\u00ed<br \/>\nAby bylo t\u0159\u00edd\u011bn\u00ed odpadu pro ka\u017ed\u00e9ho snadn\u00e9, je ko\u0161 jasn\u011b ozna\u010den. Jsou na n\u011bm samolepky s n\u00e1zvy frakc\u00ed a ka\u017ed\u00e9 v\u00edko m\u00e1 barvu odpov\u00eddaj\u00edc\u00ed frakci:<\/p>\n<p>  Zelen\u00e1 \u2014 sklo<br \/>\n  Modr\u00e1 \u2014 pap\u00edr<br \/>\n  \u017dlut\u00e1 \u2014 plasty a kov<\/p>\n<p>Praktick\u00e9 vlastnosti<br \/>\nInteri\u00e9ry mus\u00ed b\u00fdt atraktivn\u00ed, funk\u010dn\u00ed a snadno udr\u017eovateln\u00e9 v \u010distot\u011b. Modul\u00e1rn\u00ed ko\u0161 m\u00e1 v\u00edka, kter\u00e1 usnad\u0148uj\u00ed t\u0159\u00edd\u011bn\u00ed odpadu a pom\u00e1haj\u00ed chr\u00e1nit p\u0159ed nep\u0159\u00edjemn\u00fdmi z\u00e1pachy. Je vybaven praktick\u00fdmi r\u00e1my pro pytle o objemu 120 l, tak\u017ee pytle dr\u017e\u00ed na m\u00edst\u011b i p\u0159i pln\u00e9m napln\u011bn\u00ed a zabra\u0148uj\u00ed nekontrolovan\u00e9mu vysyp\u00e1n\u00ed odpadu. Kancel\u00e1\u0159sk\u00fd ko\u0161 je tak hygienick\u00fd a snadno se vyprazd\u0148uje i \u010dist\u00ed.<br \/>\n3-komorov\u00fd ko\u0161 stoj\u00ed na \u010dty\u0159ech noh\u00e1ch pro stabilitu. Dve\u0159e ka\u017ed\u00e9ho modulu jsou navr\u017eeny tak, aby \u0161ly uzamknout visac\u00edm z\u00e1mkem, \u010d\u00edm\u017e je jednotka nep\u0159\u00edstupn\u00e1 neopr\u00e1vn\u011bn\u00fdm osob\u00e1m. Obsahuje tak\u00e9 mont\u00e1\u017en\u00ed otvory umo\u017e\u0148uj\u00edc\u00ed voln\u00e9 propojen\u00ed modul\u016f a vytvo\u0159en\u00ed t\u0159\u00eddic\u00ed stanice podle individu\u00e1ln\u00edch pot\u0159eb.<\/p>\n<p>Kl\u00ed\u010dov\u00e9 informace<\/p>\n<p>  Kapacita: 3 x 60 litr\u016f<br \/>\n  Materi\u00e1l: lakovan\u00e1 ocel<br \/>\n  Pou\u017eit\u00ed: do interi\u00e9ru<br \/>\n  Odolnost: odolnost proti mechanick\u00e9mu po\u0161kozen\u00ed<br \/>\n  Barva: korpus v grafitu (RAL 7021)<br \/>\n  V\u00edka: v 3 barv\u00e1ch podle frakc\u00ed<br \/>\n  Ozna\u010den\u00ed: velk\u00e9 samolepky s n\u00e1zvy frakc\u00ed<br \/>\n  Zabezpe\u010den\u00ed: dve\u0159e upraven\u00e9 pro instalaci visac\u00edho z\u00e1mku<br \/>\n  V\u00edka: oto\u010dn\u00e1<br \/>\n  P\u0159\u00edslu\u0161enstv\u00ed: r\u00e1my pro pytle 120 l<br \/>\n  Stabilita: stabiliza\u010dn\u00ed no\u017eky<br \/>\n  Modularita: mont\u00e1\u017en\u00ed otvory pro spojen\u00ed modul\u016f<\/p>\n","protected":false},"excerpt":{"rendered":"<p>Modul\u00e1rn\u00ed recykla\u010dn\u00ed kontejner pro kancel\u00e1\u0159e, \u0161koly, obchody nebo vl\u00e1dn\u00ed budovy. T\u0159\u00edkomorov\u00fd recykla\u010dn\u00ed kontejner Eco Estri (3 \u00d7 60 l) s klapkami nab\u00edz\u00ed efektivn\u00ed a atraktivn\u00ed \u0159e\u0161en\u00ed pro zaveden\u00ed t\u0159\u00edd\u011bn\u00e9ho sb\u011bru odpadu v jak\u00e9mkoli prostoru.<\/p>\n","protected":false},"featured_media":1874,"comment_status":"open","ping_status":"closed","template":"","meta":[],"product_brand":[],"product_cat":[70],"product_tag":[],"class_list":{"0":"post-1543","1":"product","2":"type-product","3":"status-publish","4":"has-post-thumbnail","6":"product_cat-waste-containers","8":"first","9":"instock","10":"taxable","11":"shipping-taxable","12":"purchasable","13":"product-type-simple"},"_links":{"self":[{"href":"https:\/\/eco-market24.com\/cs\/wp-json\/wp\/v2\/product\/1543","targetHints":{"allow":["GET"]}}],"collection":[{"href":"https:\/\/eco-market24.com\/cs\/wp-json\/wp\/v2\/product"}],"about":[{"href":"https:\/\/eco-market24.com\/cs\/wp-json\/wp\/v2\/types\/product"}],"replies":[{"embeddable":true,"href":"https:\/\/eco-market24.com\/cs\/wp-json\/wp\/v2\/comments?post=1543"}],"wp:featuredmedia":[{"embeddable":true,"href":"https:\/\/eco-market24.com\/cs\/wp-json\/wp\/v2\/media\/1874"}],"wp:attachment":[{"href":"https:\/\/eco-market24.com\/cs\/wp-json\/wp\/v2\/media?parent=1543"}],"wp:term":[{"taxonomy":"product_brand","embeddable":true,"href":"https:\/\/eco-market24.com\/cs\/wp-json\/wp\/v2\/product_brand?post=1543"},{"taxonomy":"product_cat","embeddable":true,"href":"https:\/\/eco-market24.com\/cs\/wp-json\/wp\/v2\/product_cat?post=1543"},{"taxonomy":"product_tag","embeddable":true,"href":"https:\/\/eco-market24.com\/cs\/wp-json\/wp\/v2\/product_tag?post=1543"}],"curies":[{"name":"wp","href":"https:\/\/api.w.org\/{rel}","templated":true}]}}