{"id":1665,"date":"2025-09-29T16:20:59","date_gmt":"2025-09-29T14:20:59","guid":{"rendered":"https:\/\/eco-market24.com\/product\/eco-modular-modularni-recyklacni-kos-50-l-cerny\/"},"modified":"2025-09-29T20:05:16","modified_gmt":"2025-09-29T18:05:16","slug":"eco-modular-modularni-recyklacni-kos-50-l-cerny","status":"publish","type":"product","link":"https:\/\/eco-market24.com\/cs\/produkt\/eco-modular-modularni-recyklacni-kos-50-l-cerny\/","title":{"rendered":"Eco Modular modul\u00e1rn\u00ed recykla\u010dn\u00ed ko\u0161 50 l \u010dern\u00fd"},"content":{"rendered":"<p>Modul\u00e1rn\u00ed odpadkov\u00fd ko\u0161 \u2013 ide\u00e1ln\u00ed pro m\u011bsta, parkovi\u0161t\u011b a zelen\u00e9 plochy<\/p>\n<p>Ekologick\u00fd modul\u00e1rn\u00ed recykla\u010dn\u00ed ko\u0161 50 l v \u010dern\u00e9 barv\u011b je jednoduch\u00e9 \u0159e\u0161en\u00ed pro zaveden\u00ed z\u00e1kladn\u00edho separovan\u00e9ho sb\u011bru odpadu ve venkovn\u00edch prostor\u00e1ch. D\u00edky kvalitn\u00edmu proveden\u00ed a minimalistick\u00e9mu designu se tato modul\u00e1rn\u00ed stanice pro t\u0159\u00edd\u011bn\u00ed odpadu dob\u0159e hod\u00ed na ve\u0159ejn\u00e1 prostranstv\u00ed, jako jsou administrativn\u00ed budovy, \u00fa\u0159ady, \u0161koly, nemocnice, parky, n\u00e1m\u011bst\u00ed, d\u011btsk\u00e1 h\u0159i\u0161t\u011b, sportovi\u0161t\u011b, rekrea\u010dn\u00ed za\u0159\u00edzen\u00ed a parkovi\u0161t\u011b.<\/p>\n<p>Detaily produktu<\/p>\n<p>  Kapacita: 50 litr\u016f<br \/>\n  Materi\u00e1l: pozinkovan\u00e1 ocel 0,8 mm<br \/>\n  Povrchov\u00e1 \u00faprava: pr\u00e1\u0161kov\u011b lakov\u00e1no \u010dern\u011b (RAL 9005)<br \/>\n  Vnit\u0159n\u00ed vlo\u017eka: pozinkovan\u00e1 ocel, odn\u00edmateln\u00e1<br \/>\n  V\u00edko: odn\u00edmateln\u00e9 pro usnadn\u011bn\u00ed vypr\u00e1zdn\u011bn\u00ed<br \/>\n  Konstrukce: voln\u011b stoj\u00edc\u00ed<\/p>\n<p>Odoln\u00fd v\u016f\u010di pov\u011btrnostn\u00edm vliv\u016fm a po\u0161kozen\u00ed<br \/>\nVyroben\u00fd z pozinkovan\u00e9 oceli s pr\u00e1\u0161kov\u00fdm n\u00e1st\u0159ikem, ko\u0161 nab\u00edz\u00ed vysokou odolnost v\u016f\u010di de\u0161ti, mrazu, UV z\u00e1\u0159en\u00ed a vysok\u00fdm teplot\u00e1m. Je navr\u017een pro dlouhodob\u00e9 venkovn\u00ed pou\u017e\u00edv\u00e1n\u00ed bez nutnosti dodate\u010dn\u00e9ho krytu a poskytuje vysokou trvanlivost a odolnost proti mo\u017en\u00e9mu po\u0161kozen\u00ed.<\/p>\n<p>Design a pou\u017eitelnost<br \/>\nKo\u0161 m\u00e1 minimalistick\u00fd styl v \u010dern\u00e9 barv\u011b (RAL 9005), kter\u00fd zapadne jak do m\u011bstsk\u00e9ho, tak zelen\u00e9ho prost\u0159ed\u00ed. Je voln\u011b stoj\u00edc\u00ed s optim\u00e1ln\u00ed hmotnost\u00ed pro snadn\u00e9 p\u0159esunov\u00e1n\u00ed a vypr\u00e1zdn\u011bn\u00ed p\u0159i zachov\u00e1n\u00ed stability. Velk\u00fd vhoz umo\u017e\u0148uje odkl\u00e1d\u00e1n\u00ed v\u011bt\u0161\u00edch p\u0159edm\u011bt\u016f a pozinkovan\u00e1 vnit\u0159n\u00ed vlo\u017eka urychluje vypr\u00e1zdn\u011bn\u00ed a \u010di\u0161t\u011bn\u00ed.<\/p>\n<p>Barvy pro t\u0159\u00edd\u011bn\u00ed<br \/>\nToto modul\u00e1rn\u00ed \u0159e\u0161en\u00ed umo\u017e\u0148uje p\u0159izp\u016fsoben\u00ed pomoc\u00ed samolepek pro t\u0159\u00edd\u011bn\u00ed, kter\u00e9 jsou dod\u00e1v\u00e1ny s ko\u0161em. Dostupn\u00e9 barvy samolepek podle frakc\u00ed:<\/p>\n<p>  \u010cern\u00e1 \u2013 sm\u011bsn\u00fd odpad<br \/>\n  Hn\u011bd\u00e1 \u2013 bioodpad<br \/>\n  Modr\u00e1 \u2013 pap\u00edr<br \/>\n  \u017dlut\u00e1 \u2013 plasty a kovy<br \/>\n  Zelen\u00e1 \u2013 sklo<\/p>\n","protected":false},"excerpt":{"rendered":"<p>Modul\u00e1rn\u00ed odpadkov\u00fd ko\u0161 \u2014 ide\u00e1ln\u00ed pro m\u011bsta, parkovi\u0161t\u011b a ve\u0159ejnou zele\u0148. \u010cern\u00fd 50 l recykla\u010dn\u00ed ko\u0161 Eco Modular kombinuje vysoce kvalitn\u00ed konstrukci a minimalistick\u00fd design pro snadn\u00fd a efektivn\u00ed t\u0159\u00edd\u011bn\u00fd sb\u011br odpadu venku.<\/p>\n","protected":false},"featured_media":1935,"comment_status":"open","ping_status":"closed","template":"","meta":[],"product_brand":[],"product_cat":[153],"product_tag":[],"class_list":{"0":"post-1665","1":"product","2":"type-product","3":"status-publish","4":"has-post-thumbnail","6":"product_cat-kose-pro-trideni-odpadu","8":"first","9":"instock","10":"taxable","11":"shipping-taxable","12":"purchasable","13":"product-type-simple"},"_links":{"self":[{"href":"https:\/\/eco-market24.com\/cs\/wp-json\/wp\/v2\/product\/1665","targetHints":{"allow":["GET"]}}],"collection":[{"href":"https:\/\/eco-market24.com\/cs\/wp-json\/wp\/v2\/product"}],"about":[{"href":"https:\/\/eco-market24.com\/cs\/wp-json\/wp\/v2\/types\/product"}],"replies":[{"embeddable":true,"href":"https:\/\/eco-market24.com\/cs\/wp-json\/wp\/v2\/comments?post=1665"}],"wp:featuredmedia":[{"embeddable":true,"href":"https:\/\/eco-market24.com\/cs\/wp-json\/wp\/v2\/media\/1935"}],"wp:attachment":[{"href":"https:\/\/eco-market24.com\/cs\/wp-json\/wp\/v2\/media?parent=1665"}],"wp:term":[{"taxonomy":"product_brand","embeddable":true,"href":"https:\/\/eco-market24.com\/cs\/wp-json\/wp\/v2\/product_brand?post=1665"},{"taxonomy":"product_cat","embeddable":true,"href":"https:\/\/eco-market24.com\/cs\/wp-json\/wp\/v2\/product_cat?post=1665"},{"taxonomy":"product_tag","embeddable":true,"href":"https:\/\/eco-market24.com\/cs\/wp-json\/wp\/v2\/product_tag?post=1665"}],"curies":[{"name":"wp","href":"https:\/\/api.w.org\/{rel}","templated":true}]}}