{"id":1749,"date":"2025-09-29T16:21:26","date_gmt":"2025-09-29T14:21:26","guid":{"rendered":"https:\/\/eco-market24.com\/product\/kos-na-trideny-odpad-2-komorovy-eco-estri-2-x-60-l-s-klapkami\/"},"modified":"2025-09-29T20:02:09","modified_gmt":"2025-09-29T18:02:09","slug":"kos-na-trideny-odpad-2-komorovy-eco-estri-2-x-60-l-s-klapkami","status":"publish","type":"product","link":"https:\/\/eco-market24.com\/cs\/produkt\/kos-na-trideny-odpad-2-komorovy-eco-estri-2-x-60-l-s-klapkami\/","title":{"rendered":"Ko\u0161 na t\u0159\u00edd\u011bn\u00fd odpad 2-komorov\u00fd Eco Estri 2 \u00d7 60 l s klapkami"},"content":{"rendered":"<p>Eco Estri dvoud\u00edln\u00fd recykla\u010dn\u00ed kontejner \u2014 2 x 60 l s klapkami<br \/>\nEstetick\u00fd vnit\u0159n\u00ed recykla\u010dn\u00ed kontejner kombinuje elegantn\u00ed design a kvalitn\u00ed zpracov\u00e1n\u00ed. P\u0159edev\u0161\u00edm nab\u00edz\u00ed ov\u011b\u0159en\u00e9 \u0159e\u0161en\u00ed pro zaji\u0161t\u011bn\u00ed t\u0159\u00edd\u011bn\u00e9ho sb\u011bru odpadu ve vnit\u0159n\u00edch prostorech, jako jsou \u0161koly, st\u00e1tn\u00ed \u00fa\u0159ady, ve\u0159ejn\u00e9 instituce, obchody, n\u00e1kupn\u00ed centra, kryt\u00e1 parkovi\u0161t\u011b, chodby a z\u00e1vodn\u00ed j\u00eddelny. Jednotka je dostupn\u00e1 v barv\u011b grafit (RAL 7021). K ozna\u010den\u00ed proud\u016f se pou\u017e\u00edvaj\u00ed barevn\u00e9 v\u00edka a velk\u00e9 samolepky s n\u00e1zvy frakc\u00ed \u2014 z\u00e1kazn\u00edk si m\u016f\u017ee vybrat 2 z 5 z\u00e1kladn\u00edch barev. Dostupn\u00e9 jsou i varianty s v\u00edce moduly.<\/p>\n<p>Konstrukce a odolnost<br \/>\nTento odoln\u00fd dvoud\u00edln\u00fd recykla\u010dn\u00ed kontejner (2 x 60 l) je vyroben z kvalitn\u00ed lakovan\u00e9 oceli, co\u017e zaji\u0161\u0165uje atraktivn\u00ed \u0159e\u0161en\u00ed pro vnit\u0159n\u00ed pou\u017eit\u00ed s vysokou odolnost\u00ed proti mechanick\u00e9mu po\u0161kozen\u00ed. Vydr\u017e\u00ed n\u00e1razy b\u011b\u017en\u00e9 ve frekventovan\u00fdch \u0161koln\u00edch \u010di kancel\u00e1\u0159sk\u00fdch prostorech a je vhodn\u00fd do m\u00edst s vysokou n\u00e1v\u0161t\u011bvnost\u00ed, jako jsou n\u00e1kupn\u00ed centra.<\/p>\n<p>Dostupn\u00e9 barvy pro t\u0159\u00edd\u011bn\u00ed<br \/>\nDvoud\u00edln\u00fd kontejner je p\u0159ehledn\u011b ozna\u010den pro usnadn\u011bn\u00ed t\u0159\u00edd\u011bn\u00e9ho sb\u011bru. Identifikace zahrnuje barevn\u00e1 v\u00edka kryj\u00edc\u00ed vstupn\u00ed otvory a samolepky s n\u00e1zvy frakc\u00ed v souladu s platn\u00fdmi p\u0159edpisy (nap\u0159\u00edklad):<\/p>\n<p>  Hn\u011bd\u00e1 \u2014 bioodpad<br \/>\n  Grafitov\u00e1 \u2014 sm\u011bsn\u00fd odpad<\/p>\n<p>Funk\u010dnost a hygiena<br \/>\nNavr\u017een pro vnit\u0159n\u00ed prostory, kde z\u00e1le\u017e\u00ed na estetice, funk\u010dnosti a hygien\u011b, kontejner m\u00e1 praktick\u00e1 kloubov\u00e1 v\u00edka, kter\u00e1 usnad\u0148uj\u00ed t\u0159\u00edd\u011bn\u00ed a pom\u00e1haj\u00ed zamezit \u0161\u00ed\u0159en\u00ed z\u00e1pachu. Jednotka obsahuje r\u00e1my pro pytle o objemu 120 l, kter\u00e9 udr\u017euj\u00ed pytle na m\u00edst\u011b bez ohledu na napln\u011bn\u00ed a usnad\u0148uj\u00ed vypr\u00e1zdn\u011bn\u00ed a \u010di\u0161t\u011bn\u00ed.<\/p>\n<p>Bezpe\u010dnost a mont\u00e1\u017e<\/p>\n<p>  Stoj\u00ed na \u010dty\u0159ech stabiliza\u010dn\u00edch no\u017ek\u00e1ch pro konstruk\u010dn\u00ed stabilitu<br \/>\n  Dve\u0159e ka\u017ed\u00e9ho modulu jsou p\u0159ipraveny pro instalaci visac\u00edho z\u00e1mku k zabr\u00e1n\u011bn\u00ed neopr\u00e1vn\u011bn\u00e9ho p\u0159\u00edstupu<br \/>\n  Vybaven otvory pro mont\u00e1\u017e k propojen\u00ed modul\u016f dle pot\u0159eby<\/p>\n<p>Kl\u00ed\u010dov\u00e9 informace<\/p>\n<p>  Kapacita: 2 x 60 litr\u016f<br \/>\n  Materi\u00e1l: lakovan\u00e1 ocel<br \/>\n  Pou\u017eit\u00ed: vnit\u0159n\u00ed<br \/>\n  Odolnost: odoln\u00fd proti mechanick\u00e9mu po\u0161kozen\u00ed<br \/>\n  Barva sk\u0159\u00edn\u011b: grafit (RAL 7021)<br \/>\n  T\u0159\u00eddic\u00ed v\u00edka: volba 2 z 5 barev<br \/>\n  Samolepky: n\u00e1zvy frakc\u00ed sou\u010d\u00e1st\u00ed<br \/>\n  Bezpe\u010dnost: dve\u0159e p\u0159ipraven\u00e9 pro visac\u00ed z\u00e1mky<br \/>\n  V\u00edka: kloubov\u00e1<br \/>\n  P\u0159\u00edslu\u0161enstv\u00ed: r\u00e1my na pytle 120 l<br \/>\n  No\u017eky: stabiliza\u010dn\u00ed<br \/>\n  Propojen\u00ed: mont\u00e1\u017en\u00ed otvory pro spojov\u00e1n\u00ed modul\u016f<\/p>\n","protected":false},"excerpt":{"rendered":"<p>Estetick\u00fd vnit\u0159n\u00ed dvoukomorov\u00fd recykla\u010dn\u00ed ko\u0161 (2 \u00d7 60 l) s klapkami \u2014 kombinuje stylov\u00fd design a vysoce kvalitn\u00ed proveden\u00ed pro jednoduch\u00e9 a efektivn\u00ed t\u0159\u00edd\u011bn\u00ed odpadu v jak\u00e9mkoli vnit\u0159n\u00edm prostoru.<\/p>\n","protected":false},"featured_media":1971,"comment_status":"open","ping_status":"closed","template":"","meta":[],"product_brand":[],"product_cat":[70],"product_tag":[],"class_list":{"0":"post-1749","1":"product","2":"type-product","3":"status-publish","4":"has-post-thumbnail","6":"product_cat-waste-containers","8":"first","9":"instock","10":"taxable","11":"shipping-taxable","12":"purchasable","13":"product-type-simple"},"_links":{"self":[{"href":"https:\/\/eco-market24.com\/cs\/wp-json\/wp\/v2\/product\/1749","targetHints":{"allow":["GET"]}}],"collection":[{"href":"https:\/\/eco-market24.com\/cs\/wp-json\/wp\/v2\/product"}],"about":[{"href":"https:\/\/eco-market24.com\/cs\/wp-json\/wp\/v2\/types\/product"}],"replies":[{"embeddable":true,"href":"https:\/\/eco-market24.com\/cs\/wp-json\/wp\/v2\/comments?post=1749"}],"wp:featuredmedia":[{"embeddable":true,"href":"https:\/\/eco-market24.com\/cs\/wp-json\/wp\/v2\/media\/1971"}],"wp:attachment":[{"href":"https:\/\/eco-market24.com\/cs\/wp-json\/wp\/v2\/media?parent=1749"}],"wp:term":[{"taxonomy":"product_brand","embeddable":true,"href":"https:\/\/eco-market24.com\/cs\/wp-json\/wp\/v2\/product_brand?post=1749"},{"taxonomy":"product_cat","embeddable":true,"href":"https:\/\/eco-market24.com\/cs\/wp-json\/wp\/v2\/product_cat?post=1749"},{"taxonomy":"product_tag","embeddable":true,"href":"https:\/\/eco-market24.com\/cs\/wp-json\/wp\/v2\/product_tag?post=1749"}],"curies":[{"name":"wp","href":"https:\/\/api.w.org\/{rel}","templated":true}]}}