{"id":1751,"date":"2025-09-29T16:21:29","date_gmt":"2025-09-29T14:21:29","guid":{"rendered":"https:\/\/eco-market24.com\/product\/kos-na-recyklaci-5-prihradek-eco-estri-5-x-60-l-s-klapkami\/"},"modified":"2025-09-29T20:01:12","modified_gmt":"2025-09-29T18:01:12","slug":"kos-na-recyklaci-5-prihradek-eco-estri-5-x-60-l-s-klapkami","status":"publish","type":"product","link":"https:\/\/eco-market24.com\/cs\/produkt\/kos-na-recyklaci-5-prihradek-eco-estri-5-x-60-l-s-klapkami\/","title":{"rendered":"Ko\u0161 na recyklaci, 5 p\u0159ihr\u00e1dek ECO Estri, 5 \u00d7 60 l s klapkami"},"content":{"rendered":"<p>5odd\u00edlov\u00fd eco Estri 5 x 60 l kontejner na t\u0159\u00edd\u011bn\u00fd odpad s v\u00edky<\/p>\n<p>5odd\u00edlov\u00fd eco Estri 5 x 60 l kontejner na t\u0159\u00edd\u011bn\u00fd odpad s v\u00edky je estetick\u00e9 a funk\u010dn\u00ed \u0159e\u0161en\u00ed pro vnit\u0159n\u00ed t\u0159\u00edd\u011bn\u00ed odpadu v kancel\u00e1\u0159\u00edch, \u0161kol\u00e1ch, \u00fa\u0159adech nebo obchodech, kter\u00e9 umo\u017e\u0148uje zaveden\u00ed z\u00e1kladn\u00edch ekologick\u00fdch n\u00e1vyk\u016f v dan\u00e9m vnit\u0159n\u00edm prostoru. Je ide\u00e1ln\u00ed pro pracovi\u0161t\u011b, m\u00edstnosti pro zam\u011bstnance, chodby a dal\u0161\u00ed frekventovan\u00e9 spole\u010dn\u00e9 prostory. Jednotka kombinuje 2- a 3modulov\u00e9 kontejnery \u2014 ka\u017ed\u00fd modul m\u00e1 objem 60 litr\u016f. Korpus je v grafitov\u00e9 barv\u011b (RAL 7021) a v\u00edka jsou v barv\u00e1ch pro t\u0159\u00edd\u011bn\u00ed. Dodate\u010dnou identifikaci zaji\u0161\u0165uj\u00ed n\u00e1lepky s n\u00e1zvem frakce.<\/p>\n<p>Konstrukce a odolnost<br \/>\nVyrobeno z lakovan\u00e9 oceli, tento kancel\u00e1\u0159sk\u00fd kontejner na t\u0159\u00edd\u011bn\u00ed je navr\u017een pro pohodln\u00e9 a bezpe\u010dn\u00e9 vnit\u0159n\u00ed pou\u017eit\u00ed. Kvalitn\u00ed lakovan\u00e1 ocelov\u00e1 konstrukce poskytuje vysokou odolnost v\u016f\u010di mechanick\u00e9mu po\u0161kozen\u00ed b\u011b\u017en\u00e9mu ve frekventovan\u00fdch prostorech, co\u017e ho \u010din\u00ed vhodn\u00fdm pro \u0161koly, ve\u0159ejn\u00e9 instituce a chodby s vysokou pr\u016fchodnost\u00ed.<\/p>\n<p>Barvy pro t\u0159\u00edd\u011bn\u00ed a ozna\u010den\u00ed<br \/>\nModuly o objemu 60 l jsou opat\u0159eny velk\u00fdmi n\u00e1lepkami s n\u00e1zvem frakce a v\u00edky obarven\u00fdmi dle sch\u00e9matu t\u0159\u00edd\u011bn\u00ed stanoven\u00e9ho Ministerstvem klimatu a \u017eivotn\u00edho prost\u0159ed\u00ed. Kontejner podporuje separaci:<\/p>\n<p>  Sklo (zelen\u00e1)<br \/>\n  Pap\u00edr (modr\u00e1)<br \/>\n  Plasty a kovy (\u017elut\u00e1)<br \/>\n  Bioodpad (hn\u011bd\u00e1)<br \/>\n  Sm\u011bsn\u00fd odpad (\u0161ed\u00e1)<\/p>\n<p>Funk\u010dn\u00ed design<\/p>\n<p>  Kombinace 2- a 3modulov\u00fdch ko\u0161\u016f se speci\u00e1ln\u00edmi mont\u00e1\u017en\u00edmi otvory pro vytvo\u0159en\u00ed vlastn\u00ed stanice na t\u0159\u00edd\u011bn\u00ed odpadu<br \/>\n  Stabiln\u00ed nohy zabra\u0148uj\u00edc\u00ed p\u0159evr\u00e1cen\u00ed<br \/>\n  Mo\u017enost uzamknout ka\u017ed\u00fd modul visac\u00edm z\u00e1mkem proti neopr\u00e1vn\u011bn\u00e9mu p\u0159\u00edstupu<br \/>\n  Hygienick\u00e9 vyprazd\u0148ov\u00e1n\u00ed a snadn\u00e9 \u010di\u0161t\u011bn\u00ed<br \/>\n  Praktick\u00e9 r\u00e1my pro pytle (pro 120 l pytle) pro zaji\u0161t\u011bn\u00ed pytl\u016f a zabr\u00e1n\u011bn\u00ed vyte\u010den\u00ed<br \/>\n  V\u00edka uchycen\u00e1 na pantech pro omezen\u00ed \u0161\u00ed\u0159en\u00ed nep\u0159\u00edjemn\u00fdch pach\u016f<\/p>\n<p>Kl\u00ed\u010dov\u00e9 informace<\/p>\n<p>  Kapacita: 2 x 60 + 3 x 60 litr\u016f<br \/>\n  Materi\u00e1l: lakovan\u00e1 ocel<br \/>\n  Ur\u010den\u00ed: vnit\u0159n\u00ed pou\u017eit\u00ed<br \/>\n  Povrchov\u00e1 \u00faprava: korpus v grafitov\u00e9 barv\u011b (RAL 7021)<br \/>\n  V\u00edka: dostupn\u00e1 v 5 barv\u00e1ch pro t\u0159\u00edd\u011bn\u00ed<br \/>\n  Ozna\u010den\u00ed: n\u00e1lepky s n\u00e1zvy frakc\u00ed<br \/>\n  Bezpe\u010dnost: dve\u0159e p\u0159ipraven\u00e9 pro instalaci visac\u00edho z\u00e1mku<br \/>\n  Vlastnosti: pantov\u00e1 v\u00edka, r\u00e1my na pytle, stabiliza\u010dn\u00ed nohy, mont\u00e1\u017en\u00ed otvory pro spojen\u00ed modul\u016f<\/p>\n","protected":false},"excerpt":{"rendered":"<p>Estetick\u00e9 a funk\u010dn\u00ed vnit\u0159n\u00ed \u0159e\u0161en\u00ed pro t\u0159\u00edd\u011bn\u00ed odpadu do kancel\u00e1\u0159\u00ed, \u0161kol, ve\u0159ejn\u00fdch budov a obchod\u016f \u2014 kontejner na t\u0159\u00edd\u011bn\u00fd odpad Eco Estri se 5 komorami (5 \u00d7 60 l) s klapkami podporuje jednoduch\u00e9 proekologick\u00e9 n\u00e1vyky; ide\u00e1ln\u00ed pro \u0161koly a kancel\u00e1\u0159e.<\/p>\n","protected":false},"featured_media":1972,"comment_status":"open","ping_status":"closed","template":"","meta":[],"product_brand":[],"product_cat":[70],"product_tag":[],"class_list":{"0":"post-1751","1":"product","2":"type-product","3":"status-publish","4":"has-post-thumbnail","6":"product_cat-waste-containers","8":"first","9":"instock","10":"taxable","11":"shipping-taxable","12":"purchasable","13":"product-type-simple"},"_links":{"self":[{"href":"https:\/\/eco-market24.com\/cs\/wp-json\/wp\/v2\/product\/1751","targetHints":{"allow":["GET"]}}],"collection":[{"href":"https:\/\/eco-market24.com\/cs\/wp-json\/wp\/v2\/product"}],"about":[{"href":"https:\/\/eco-market24.com\/cs\/wp-json\/wp\/v2\/types\/product"}],"replies":[{"embeddable":true,"href":"https:\/\/eco-market24.com\/cs\/wp-json\/wp\/v2\/comments?post=1751"}],"wp:featuredmedia":[{"embeddable":true,"href":"https:\/\/eco-market24.com\/cs\/wp-json\/wp\/v2\/media\/1972"}],"wp:attachment":[{"href":"https:\/\/eco-market24.com\/cs\/wp-json\/wp\/v2\/media?parent=1751"}],"wp:term":[{"taxonomy":"product_brand","embeddable":true,"href":"https:\/\/eco-market24.com\/cs\/wp-json\/wp\/v2\/product_brand?post=1751"},{"taxonomy":"product_cat","embeddable":true,"href":"https:\/\/eco-market24.com\/cs\/wp-json\/wp\/v2\/product_cat?post=1751"},{"taxonomy":"product_tag","embeddable":true,"href":"https:\/\/eco-market24.com\/cs\/wp-json\/wp\/v2\/product_tag?post=1751"}],"curies":[{"name":"wp","href":"https:\/\/api.w.org\/{rel}","templated":true}]}}