{"id":1825,"date":"2025-09-29T16:21:12","date_gmt":"2025-09-29T14:21:12","guid":{"rendered":"https:\/\/eco-market24.com\/product\/eco-modular-modularni-kos-na-trideny-odpad-3-x-50-l-cerny\/"},"modified":"2025-09-29T20:02:29","modified_gmt":"2025-09-29T18:02:29","slug":"eco-modular-modularni-kos-na-trideny-odpad-3-x-50-l-cerny","status":"publish","type":"product","link":"https:\/\/eco-market24.com\/cs\/produkt\/eco-modular-modularni-kos-na-trideny-odpad-3-x-50-l-cerny\/","title":{"rendered":"Eco Modular modul\u00e1rn\u00ed ko\u0161 na t\u0159\u00edd\u011bn\u00fd odpad, 3 \u00d7 50 l, \u010dern\u00fd"},"content":{"rendered":"<p>Recykla\u010dn\u00ed ko\u0161 \u2014 ide\u00e1ln\u00ed pro m\u011bsta, parkovi\u0161t\u011b a zelen\u00e9 plochy<br \/>\nEkologick\u00fd modul\u00e1rn\u00ed ko\u0161 na t\u0159\u00edd\u011bn\u00fd odpad 3 \u00d7 50 l (\u010dern\u00fd, RAL 9005) umo\u017e\u0148uje snadn\u00e9 zaveden\u00ed z\u00e1kladn\u00edho syst\u00e9mu separace odpadu ve venkovn\u00edch prostorech. D\u00edky kvalitn\u00edm materi\u00e1l\u016fm a minimalistick\u00e9mu designu se tento separa\u010dn\u00ed ko\u0161 hod\u00ed do ve\u0159ejn\u00fdch prostor jako jsou administrativn\u00ed budovy, \u00fa\u0159ady, \u0161koly, nemocnice, parky, n\u00e1m\u011bst\u00ed, d\u011btsk\u00e1 h\u0159i\u0161t\u011b, sportovi\u0161t\u011b, koupali\u0161t\u011b, parkovi\u0161t\u011b a obytn\u00e9 are\u00e1ly. Jednotka m\u00e1 voln\u011b stoj\u00edc\u00ed konstrukci.<\/p>\n<p>Odoln\u00e1, v\u016f\u010di po\u010das\u00ed a po\u0161kozen\u00ed rezistentn\u00ed konstrukce<br \/>\nKo\u0161 je vyroben z pozinkovan\u00e9 oceli 0,8 mm s pr\u00e1\u0161kovou povrchovou \u00fapravou, co\u017e zaji\u0161\u0165uje odolnost v\u016f\u010di de\u0161ti, mrazu, UV z\u00e1\u0159en\u00ed a vysok\u00fdm teplot\u00e1m. Robustn\u00ed proveden\u00ed d\u011bl\u00e1 ko\u0161 dlouhodob\u011b odoln\u00fdm v\u016f\u010di po\u0161kozen\u00ed a jeho minimalistick\u00e1 \u010dern\u00e1 \u00faprava (RAL 9005) dob\u0159e zapad\u00e1 jak do m\u011bstsk\u00e9ho, tak do zelen\u00e9ho prost\u0159ed\u00ed.<\/p>\n<p>Praktick\u00fd design pro snadn\u00e9 pou\u017eit\u00ed a \u00fadr\u017ebu<\/p>\n<p>  Voln\u011b stoj\u00edc\u00ed konstrukce s optim\u00e1ln\u00ed hmotnost\u00ed pro stabilitu a snadnou manipulaci.<br \/>\n  Vnit\u0159n\u00ed vlo\u017eky z pozinkovan\u00e9 oceli, kter\u00e9 usnad\u0148uj\u00ed vysyp\u00e1v\u00e1n\u00ed a \u010di\u0161t\u011bn\u00ed.<br \/>\n  Velk\u00e1 vtokov\u00e1 otvoru pro p\u0159ij\u00edm\u00e1n\u00ed objemn\u011bj\u0161\u00edho odpadu.<br \/>\n  Sn\u00edmac\u00ed v\u00edka pro snadn\u00e9 vysyp\u00e1v\u00e1n\u00ed kontejneru.<\/p>\n<p>Mo\u017enosti t\u0159\u00edd\u011bn\u00ed (n\u00e1lepky sou\u010d\u00e1st\u00ed)<br \/>\nModul\u00e1rn\u00ed design umo\u017e\u0148uje volbu t\u0159\u00eddic\u00edch n\u00e1lepek (dod\u00e1van\u00e9 s ko\u0161em k samolepen\u00ed) v n\u00e1sleduj\u00edc\u00edch barv\u00e1ch a frakc\u00edch:<\/p>\n<p>  \u010cern\u00e1 \u2014 sm\u011bsn\u00fd odpad<br \/>\n  Hn\u011bd\u00e1 \u2014 bioodpad<br \/>\n  Modr\u00e1 \u2014 pap\u00edr<br \/>\n  \u017dlut\u00e1 \u2014 plasty a kovy<br \/>\n  Zelen\u00e1 \u2014 sklo<\/p>\n<p>Kl\u00ed\u010dov\u00e9 informace<\/p>\n<p>  Kapacita: 3 \u00d7 50 l<br \/>\n  Materi\u00e1l: pozinkovan\u00e1 ocel 0,8 mm<br \/>\n  Povrchov\u00e1 \u00faprava: pr\u00e1\u0161kov\u00fd lak, \u010dern\u00e1 (RAL 9005)<br \/>\n  Vnit\u0159n\u00ed vlo\u017eky: pozinkovan\u00e1 ocel<br \/>\n  V\u00edka: otev\u00edrateln\u00e1 \/ sn\u00edmateln\u00e1<br \/>\n  Konstrukce: voln\u011b stoj\u00edc\u00ed<\/p>\n","protected":false},"excerpt":{"rendered":"<p>Ko\u0161 na recyklaci \u2014 ide\u00e1ln\u00ed do m\u011bst, na parkovi\u0161t\u011b a do zelen\u00fdch ploch. \u010cern\u00fd recykla\u010dn\u00ed ko\u0161 ECO Modular 3\u00d750 l je modul\u00e1rn\u00ed \u0159e\u0161en\u00ed, kter\u00e9 zjednodu\u0161uje t\u0159\u00edd\u011bn\u00fd sb\u011br odpadu v jak\u00e9mkoli venkovn\u00edm prostoru.<\/p>\n","protected":false},"featured_media":2182,"comment_status":"open","ping_status":"closed","template":"","meta":[],"product_brand":[],"product_cat":[70],"product_tag":[],"class_list":{"0":"post-1825","1":"product","2":"type-product","3":"status-publish","4":"has-post-thumbnail","6":"product_cat-waste-containers","8":"first","9":"instock","10":"taxable","11":"shipping-taxable","12":"purchasable","13":"product-type-simple"},"_links":{"self":[{"href":"https:\/\/eco-market24.com\/cs\/wp-json\/wp\/v2\/product\/1825","targetHints":{"allow":["GET"]}}],"collection":[{"href":"https:\/\/eco-market24.com\/cs\/wp-json\/wp\/v2\/product"}],"about":[{"href":"https:\/\/eco-market24.com\/cs\/wp-json\/wp\/v2\/types\/product"}],"replies":[{"embeddable":true,"href":"https:\/\/eco-market24.com\/cs\/wp-json\/wp\/v2\/comments?post=1825"}],"wp:featuredmedia":[{"embeddable":true,"href":"https:\/\/eco-market24.com\/cs\/wp-json\/wp\/v2\/media\/2182"}],"wp:attachment":[{"href":"https:\/\/eco-market24.com\/cs\/wp-json\/wp\/v2\/media?parent=1825"}],"wp:term":[{"taxonomy":"product_brand","embeddable":true,"href":"https:\/\/eco-market24.com\/cs\/wp-json\/wp\/v2\/product_brand?post=1825"},{"taxonomy":"product_cat","embeddable":true,"href":"https:\/\/eco-market24.com\/cs\/wp-json\/wp\/v2\/product_cat?post=1825"},{"taxonomy":"product_tag","embeddable":true,"href":"https:\/\/eco-market24.com\/cs\/wp-json\/wp\/v2\/product_tag?post=1825"}],"curies":[{"name":"wp","href":"https:\/\/api.w.org\/{rel}","templated":true}]}}