{"id":2140,"date":"2025-09-29T16:21:30","date_gmt":"2025-09-29T14:21:30","guid":{"rendered":"https:\/\/eco-market24.com\/product\/dvoukomorovy-kos-na-trideny-odpad-eco-star-2-x-60-l\/"},"modified":"2025-09-29T20:01:11","modified_gmt":"2025-09-29T18:01:11","slug":"dvoukomorovy-kos-na-trideny-odpad-eco-star-2-x-60-l","status":"publish","type":"product","link":"https:\/\/eco-market24.com\/cs\/produkt\/dvoukomorovy-kos-na-trideny-odpad-eco-star-2-x-60-l\/","title":{"rendered":"Dvoukomorov\u00fd ko\u0161 na t\u0159\u00edd\u011bn\u00fd odpad Eco Star 2 \u00d7 60 L"},"content":{"rendered":"<p>Ko\u0161 na t\u0159\u00edd\u011bn\u00fd odpad, 2-komorov\u00fd \u2014 pro vnit\u0159n\u00ed pou\u017eit\u00ed<br \/>\nEco Star 2 x 60 l 2-komorov\u00fd ko\u0161 na t\u0159\u00edd\u011bn\u00fd odpad je kombinac\u00ed vysoce kvalitn\u00edch materi\u00e1l\u016f, funk\u010dnosti a estetiky. Je vynikaj\u00edc\u00edm \u0159e\u0161en\u00edm pro firmy, kter\u00e9 cht\u011bj\u00ed na sv\u00fdch provozech zav\u00e9st z\u00e1kladn\u00ed t\u0159\u00edd\u011bn\u00fd sb\u011br odpadu, a hod\u00ed se do kancel\u00e1\u0159\u00ed, \u0161kol a dal\u0161\u00edch ve\u0159ejn\u00fdch instituc\u00ed. Vnit\u0159n\u00ed kontejnery na t\u0159\u00edd\u011bn\u00fd odpad funguj\u00ed dob\u0159e v pracovn\u00edch prostor\u00e1ch, \u0161atn\u00e1ch, chodb\u00e1ch, obchodn\u00edch centrech, na n\u00e1dra\u017e\u00edch i v podzemn\u00edch gar\u00e1\u017e\u00edch.<\/p>\n<p>Kapacita a vzhled<br \/>\nT\u0159\u00eddic\u00ed odpadkov\u00fd ko\u0161 se skl\u00e1d\u00e1 ze 2 n\u00e1dob, ka\u017ed\u00e1 s kapacitou 60 litr\u016f. Sk\u0159\u00ed\u0148 je povrchov\u011b upravena do grafitov\u00e9 barvy (RAL 7024) a plnic\u00ed otvory jsou dostupn\u00e9 v recykla\u010dn\u00edch barv\u00e1ch. Dodate\u010dnou identifikaci zaji\u0161\u0165uj\u00ed samolepky s n\u00e1zvy odpadov\u00fdch frakc\u00ed. Jsou dostupn\u00e9 i modely s v\u00edce moduly: Eco Star 3 x 60 l (3-komorov\u00fd), Eco Star 4 x 60 l (4-komorov\u00fd) a Eco Star 5 x 60 l (5-komorov\u00fd).<\/p>\n<p>Odoln\u00fd vnit\u0159n\u00ed kontejner na t\u0159\u00edd\u011bn\u00fd odpad<br \/>\n2-komorov\u00fd ko\u0161 na t\u0159\u00edd\u011bn\u00fd odpad je navr\u017een pro vnit\u0159n\u00ed pou\u017eit\u00ed a je vyroben z lakovan\u00e9ho plechu pro zaji\u0161t\u011bn\u00ed dlouhodob\u00e9 technick\u00e9 odolnosti. Tato konstrukce poskytuje vysokou odolnost proti mechanick\u00e9mu po\u0161kozen\u00ed, d\u00edky \u010demu\u017e je vhodn\u00fd pro intenzivn\u011b vyu\u017e\u00edvan\u00e9 prostory, jako jsou \u0161koln\u00ed chodby, pr\u016fchody kancel\u00e1\u0159sk\u00fdch budov, \u00fa\u0159ady a ve\u0159ejn\u00e9 instituce.<\/p>\n<p>Kancel\u00e1\u0159sk\u00fd ko\u0161 \u2014 recykla\u010dn\u00ed barvy<br \/>\nKontejner je navr\u017een tak, aby usnadnil ka\u017edodenn\u00ed t\u0159\u00edd\u011bn\u00fd sb\u011br odpadu. Moduly jsou ozna\u010deny velk\u00fdmi samolepkami s n\u00e1zvy jednotliv\u00fdch frakc\u00ed a maj\u00ed plnic\u00ed otvory v recykla\u010dn\u00edch barv\u00e1ch. 2-komorov\u00fd ko\u0161 lze pou\u017e\u00edt pro:<\/p>\n<p>  Sklo (zelen\u00e1)<br \/>\n  Pap\u00edr (modr\u00e1)<br \/>\n  Plasty a kovy (\u017elut\u00e1)<br \/>\n  Bioodpad (hn\u011bd\u00e1)<br \/>\n  Sm\u011bsn\u00fd odpad (grafitov\u00e1)<\/p>\n<p>Snadn\u00e9 \u010di\u0161t\u011bn\u00ed<br \/>\nVnit\u0159n\u00ed kontejner je vybaven r\u00e1my na pytle (kapacita 120 l), kter\u00e9 je udr\u017e\u00ed na m\u00edst\u011b i p\u0159i pln\u00e9m napln\u011bn\u00ed, zabra\u0148uj\u00ed rozhazov\u00e1n\u00ed odpadu uvnit\u0159 n\u00e1dob a usnad\u0148uj\u00ed jejich vyprazd\u0148ov\u00e1n\u00ed a \u010di\u0161t\u011bn\u00ed. T\u0159\u00eddic\u00ed ko\u0161 zaji\u0161\u0165uje stabilitu pomoc\u00ed stabiliza\u010dn\u00edch no\u017eek a obsahuje mont\u00e1\u017en\u00ed otvory pro spojov\u00e1n\u00ed modul\u016f k vytvo\u0159en\u00ed vlastn\u00edho stanovi\u0161t\u011b pro t\u0159\u00edd\u011bn\u00ed odpadu. Dve\u0159e mohou b\u00fdt opat\u0159eny visac\u00edm z\u00e1mkem proti neopr\u00e1vn\u011bn\u00e9mu p\u0159\u00edstupu.<\/p>\n<p>Kl\u00ed\u010dov\u00e9 informace \u2014 2-komorov\u00fd ko\u0161 na t\u0159\u00edd\u011bn\u00fd odpad<\/p>\n<p>  Kapacita: 2 x 60 litr\u016f<br \/>\n  Materi\u00e1l: lakovan\u00fd plech<br \/>\n  Ur\u010den\u00ed: vnit\u0159n\u00ed pou\u017eit\u00ed<br \/>\n  Odolnost: odoln\u00fd proti mechanick\u00e9mu po\u0161kozen\u00ed<br \/>\n  Barva sk\u0159\u00edn\u011b: grafitov\u00e1 (RAL 7024)<br \/>\n  Plnic\u00ed otvory: dostupn\u00e9 v 5 recykla\u010dn\u00edch barv\u00e1ch<br \/>\n  Identifikace: samolepky s n\u00e1zvy frakc\u00ed<br \/>\n  Zabezpe\u010den\u00ed: dve\u0159e lze opat\u0159it visac\u00edm z\u00e1mkem<br \/>\n  P\u0159\u00edslu\u0161enstv\u00ed: r\u00e1my na pytle (120 l)<br \/>\n  Stabilita: stabiliza\u010dn\u00ed no\u017eky<br \/>\n  Modularita: mont\u00e1\u017en\u00ed otvory pro spojov\u00e1n\u00ed modul\u016f<\/p>\n","protected":false},"excerpt":{"rendered":"<p>Ko\u0161 na t\u0159\u00edd\u011bn\u00fd odpad, 2komorov\u00fd \u2014 do interi\u00e9ru. Eco Star 2\u00d760 l kombinuje vysoce kvalitn\u00ed materi\u00e1ly, praktickou funk\u010dnost a elegantn\u00ed design \u2014 ide\u00e1ln\u00ed \u0159e\u0161en\u00ed pro firmy zav\u00e1d\u011bj\u00edc\u00ed z\u00e1kladn\u00ed t\u0159\u00edd\u011bn\u00ed odpadu na pracovi\u0161ti.<\/p>\n","protected":false},"featured_media":2146,"comment_status":"open","ping_status":"closed","template":"","meta":[],"product_brand":[],"product_cat":[70],"product_tag":[],"class_list":{"0":"post-2140","1":"product","2":"type-product","3":"status-publish","4":"has-post-thumbnail","6":"product_cat-waste-containers","8":"first","9":"instock","10":"taxable","11":"shipping-taxable","12":"purchasable","13":"product-type-simple"},"_links":{"self":[{"href":"https:\/\/eco-market24.com\/cs\/wp-json\/wp\/v2\/product\/2140","targetHints":{"allow":["GET"]}}],"collection":[{"href":"https:\/\/eco-market24.com\/cs\/wp-json\/wp\/v2\/product"}],"about":[{"href":"https:\/\/eco-market24.com\/cs\/wp-json\/wp\/v2\/types\/product"}],"replies":[{"embeddable":true,"href":"https:\/\/eco-market24.com\/cs\/wp-json\/wp\/v2\/comments?post=2140"}],"wp:featuredmedia":[{"embeddable":true,"href":"https:\/\/eco-market24.com\/cs\/wp-json\/wp\/v2\/media\/2146"}],"wp:attachment":[{"href":"https:\/\/eco-market24.com\/cs\/wp-json\/wp\/v2\/media?parent=2140"}],"wp:term":[{"taxonomy":"product_brand","embeddable":true,"href":"https:\/\/eco-market24.com\/cs\/wp-json\/wp\/v2\/product_brand?post=2140"},{"taxonomy":"product_cat","embeddable":true,"href":"https:\/\/eco-market24.com\/cs\/wp-json\/wp\/v2\/product_cat?post=2140"},{"taxonomy":"product_tag","embeddable":true,"href":"https:\/\/eco-market24.com\/cs\/wp-json\/wp\/v2\/product_tag?post=2140"}],"curies":[{"name":"wp","href":"https:\/\/api.w.org\/{rel}","templated":true}]}}