{"id":2184,"date":"2025-09-29T16:21:11","date_gmt":"2025-09-29T14:21:11","guid":{"rendered":"https:\/\/eco-market24.com\/product\/eco-modular-modularni-kontejner-na-trideny-odpad-2-x-50-l-cerny\/"},"modified":"2025-09-29T20:02:31","modified_gmt":"2025-09-29T18:02:31","slug":"eco-modular-modularni-kontejner-na-trideny-odpad-2-x-50-l-cerny","status":"publish","type":"product","link":"https:\/\/eco-market24.com\/cs\/produkt\/eco-modular-modularni-kontejner-na-trideny-odpad-2-x-50-l-cerny\/","title":{"rendered":"Eco Modular modul\u00e1rn\u00ed kontejner na t\u0159\u00edd\u011bn\u00fd odpad, 2 \u00d7 50 l, \u010dern\u00fd"},"content":{"rendered":"<p>Sada pro t\u0159\u00edd\u011bn\u00ed odpadu \u2014 2komorov\u00e1<br \/>\nIde\u00e1ln\u00ed pro: m\u011bsta, parkovi\u0161t\u011b, zele\u0148, administrativn\u00ed budovy, ve\u0159ejn\u00e9 instituce (\u0161koly, nemocnice), parky, n\u00e1m\u011bst\u00ed, d\u011btsk\u00e1 h\u0159i\u0161t\u011b, sportovi\u0161t\u011b, rekrea\u010dn\u00ed za\u0159\u00edzen\u00ed a obytn\u00e9 are\u00e1ly.<\/p>\n<p>P\u0159ehled produktu<br \/>\nModul\u00e1rn\u00ed \u010dern\u00fd recykla\u010dn\u00ed ko\u0161 eco 2 \u00d7 50 l umo\u017e\u0148uje snadn\u00e9 zaveden\u00ed z\u00e1kladn\u00edho t\u0159\u00edd\u011bn\u00e9ho sb\u011bru odpadu ve venkovn\u00edm prost\u0159ed\u00ed. D\u00edky kvalitn\u00edmu zpracov\u00e1n\u00ed a minimalistick\u00e9mu designu se skv\u011ble hod\u00ed do ve\u0159ejn\u00fdch prostor.<\/p>\n<p>Vzhled a p\u0159izp\u016fsoben\u00ed<br \/>\nBarva: \u010dern\u00e1 (RAL 9005). U\u017eivatel si m\u016f\u017ee zvolit libovolnou samolepku \u201epro t\u0159\u00edd\u011bn\u00ed\u201c (odpov\u00eddaj\u00edc\u00ed barv\u00e1m frakc\u00ed) pro samolepn\u00e9 nalepen\u00ed. Dvoukomorov\u00e1 sada m\u00e1 voln\u011b stoj\u00edc\u00ed konstrukci.<\/p>\n<p>Konstrukce a odolnost<br \/>\nTento modul\u00e1rn\u00ed recykla\u010dn\u00ed ko\u0161 odoln\u00fd v\u016f\u010di pov\u011btrnosti a po\u0161kozen\u00ed je vyroben z pozinkovan\u00e9ho plechu 0,8 mm s pr\u00e1\u0161kov\u00fdm n\u00e1t\u011brem. Odol\u00e1v\u00e1 de\u0161ti, mrazu, UV z\u00e1\u0159en\u00ed a extr\u00e9m\u016fm teplot, lze jej tedy pou\u017e\u00edvat venku bez p\u0159\u00edst\u0159e\u0161ku. Produkt si po mnoho let udr\u017euje dobr\u00fd technick\u00fd stav a vysokou odolnost proti po\u0161kozen\u00ed.<\/p>\n<p>Praktick\u00e9 proveden\u00ed<br \/>\n&#8211; Voln\u011b stoj\u00edc\u00ed a optim\u00e1ln\u011b vyv\u00e1\u017een\u00fd \u2014 snadn\u00e9 p\u0159en\u00e1\u0161en\u00ed a vypr\u00e1zd\u0148ov\u00e1n\u00ed, p\u0159itom stabiln\u00ed p\u0159i pou\u017e\u00edv\u00e1n\u00ed.<br \/>\n&#8211; Obsahuje praktickou vnit\u0159n\u00ed pozinkovanou vlo\u017eku pro usnadn\u011bn\u00ed vypr\u00e1zd\u0148ov\u00e1n\u00ed a \u010di\u0161t\u011bn\u00ed.<br \/>\n&#8211; Velk\u00fd otvor pro vkl\u00e1d\u00e1n\u00ed umo\u017e\u0148uje odkl\u00e1d\u00e1n\u00ed objemn\u011bj\u0161\u00edch p\u0159edm\u011bt\u016f.<br \/>\n&#8211; Odn\u00edmateln\u00fd v\u00edko pro snadn\u011bj\u0161\u00ed vypr\u00e1zd\u0148ov\u00e1n\u00ed.<\/p>\n<p>Barvy pro samolepky t\u0159\u00edd\u011bn\u00ed<br \/>\nModul\u00e1rn\u00ed sada umo\u017e\u0148uje vytvo\u0159en\u00ed stanice pro t\u0159\u00edd\u011bn\u00ed odpadu p\u0159izp\u016fsoben\u00e9 pot\u0159eb\u00e1m. Se \u0161kopem jsou zasl\u00e1ny samolepky pro samolepn\u00e9 nalepen\u00ed:<br \/>\n&#8211; \u010cern\u00e1 \u2014 sm\u011bsn\u00fd odpad<br \/>\n&#8211; Hn\u011bd\u00e1 \u2014 bioodpad<br \/>\n&#8211; Modr\u00e1 \u2014 pap\u00edr<br \/>\n&#8211; \u017dlut\u00e1 \u2014 plasty a kovy<br \/>\n&#8211; Zelen\u00e1 \u2014 sklo<\/p>\n<p>Kl\u00ed\u010dov\u00e9 informace<br \/>\n&#8211; Kapacita: 2 \u00d7 50 l<br \/>\n&#8211; Materi\u00e1l: pozinkovan\u00fd plech 0,8 mm, pr\u00e1\u0161kov\u00fd n\u00e1t\u011br<br \/>\n&#8211; Barva: \u010dern\u00e1 (RAL 9005)<br \/>\n&#8211; Vnit\u0159n\u00ed vlo\u017eky: pozinkovan\u00e1 ocel<br \/>\n&#8211; Otev\u00edrac\u00ed v\u00edka<br \/>\n&#8211; Voln\u011b stoj\u00edc\u00ed konstrukce<\/p>\n","protected":false},"excerpt":{"rendered":"<p>Dvoukomorov\u00e1 sada pro t\u0159\u00edd\u011bn\u00ed odpadu \u2014 ide\u00e1ln\u00ed pro m\u011bsta, parkovi\u0161t\u011b a zelen\u00e9 plochy. \u010cern\u00fd ko\u0161 Modular Eco 2 x 50 l usnad\u0148uje zaveden\u00ed z\u00e1kladn\u00edho separov\u00e1n\u00ed odpadu v jak\u00e9mkoli venkovn\u00edm prostoru.<\/p>\n","protected":false},"featured_media":2304,"comment_status":"open","ping_status":"closed","template":"","meta":[],"product_brand":[],"product_cat":[70],"product_tag":[],"class_list":{"0":"post-2184","1":"product","2":"type-product","3":"status-publish","4":"has-post-thumbnail","6":"product_cat-waste-containers","8":"first","9":"instock","10":"taxable","11":"shipping-taxable","12":"purchasable","13":"product-type-simple"},"_links":{"self":[{"href":"https:\/\/eco-market24.com\/cs\/wp-json\/wp\/v2\/product\/2184","targetHints":{"allow":["GET"]}}],"collection":[{"href":"https:\/\/eco-market24.com\/cs\/wp-json\/wp\/v2\/product"}],"about":[{"href":"https:\/\/eco-market24.com\/cs\/wp-json\/wp\/v2\/types\/product"}],"replies":[{"embeddable":true,"href":"https:\/\/eco-market24.com\/cs\/wp-json\/wp\/v2\/comments?post=2184"}],"wp:featuredmedia":[{"embeddable":true,"href":"https:\/\/eco-market24.com\/cs\/wp-json\/wp\/v2\/media\/2304"}],"wp:attachment":[{"href":"https:\/\/eco-market24.com\/cs\/wp-json\/wp\/v2\/media?parent=2184"}],"wp:term":[{"taxonomy":"product_brand","embeddable":true,"href":"https:\/\/eco-market24.com\/cs\/wp-json\/wp\/v2\/product_brand?post=2184"},{"taxonomy":"product_cat","embeddable":true,"href":"https:\/\/eco-market24.com\/cs\/wp-json\/wp\/v2\/product_cat?post=2184"},{"taxonomy":"product_tag","embeddable":true,"href":"https:\/\/eco-market24.com\/cs\/wp-json\/wp\/v2\/product_tag?post=2184"}],"curies":[{"name":"wp","href":"https:\/\/api.w.org\/{rel}","templated":true}]}}