{"id":2203,"date":"2025-09-29T16:21:04","date_gmt":"2025-09-29T14:21:04","guid":{"rendered":"https:\/\/eco-market24.com\/product\/binova-ulice-mestska-bali-65-l\/"},"modified":"2025-09-29T20:02:46","modified_gmt":"2025-09-29T18:02:46","slug":"binova-ulice-mestska-bali-65-l","status":"publish","type":"product","link":"https:\/\/eco-market24.com\/cs\/produkt\/binova-ulice-mestska-bali-65-l\/","title":{"rendered":"Binova ulice m\u011bstsk\u00e1 Bali 65 L"},"content":{"rendered":"<p>Bin Street s krytem pro m\u011bsta, parky a are\u00e1ly firem<\/p>\n<p>Bin Street urban Bali 65 L je praktick\u00e9 \u0159e\u0161en\u00ed pro r\u016fzn\u00e1 venkovn\u00ed prostranstv\u00ed, kter\u00e1 vy\u017eaduj\u00ed odoln\u00e9 a estetick\u00e9 vybaven\u00ed. Je ide\u00e1ln\u00ed do center m\u011bst, na chodn\u00edky, zast\u00e1vky ve\u0159ejn\u00e9 dopravy a v bl\u00edzkosti obchod\u016f a slu\u017eeb. V zelen\u00fdch ploch\u00e1ch jako parky, n\u00e1m\u011bst\u00ed, botanick\u00e9 zahrady nebo promen\u00e1dy se Bin Street s krytem nen\u00e1padn\u011b za\u010dle\u0148uje do okol\u00ed a pom\u00e1h\u00e1 udr\u017eovat po\u0159\u00e1dek. D\u00edky univerz\u00e1ln\u00edmu designu se hod\u00ed i do hotelov\u00fdch dvor\u016f, obytn\u00fdch soubor\u016f, na d\u011btsk\u00e1 h\u0159i\u0161t\u011b a rekrea\u010dn\u00ed oblasti jako sportovi\u0161t\u011b nebo volno\u010dasov\u00e1 za\u0159\u00edzen\u00ed.<\/p>\n<p>Konstrukce a povrchov\u00e1 \u00faprava<br \/>\nV nab\u00eddce je tento venkovn\u00ed ko\u0161 s \u010dern\u00fdm r\u00e1mem (RAL 9005) a tmav\u011b hn\u011bd\u00fdmi lamelami z kompozitn\u00edho d\u0159eva (WPC). Lze jej kotvit k zemi. Vysokoodoln\u00fd, nad\u010dasov\u00fd model Bin Street urban je vyroben z kvalitn\u00ed \u017e\u00e1rov\u011b pozinkovan\u00e9 oceli, kter\u00e1 zaru\u010duje vynikaj\u00edc\u00ed odolnost proti korozi a mechanick\u00e9mu po\u0161kozen\u00ed. Dal\u0161\u00ed pr\u00e1\u0161kov\u00e9 lakov\u00e1n\u00ed v elegantn\u00ed \u010dern\u00e9 barv\u011b (RAL 9005) nejen zvy\u0161uje odolnost ko\u0161e, ale tak\u00e9 ho chr\u00e1n\u00ed p\u0159ed UV z\u00e1\u0159en\u00edm a nep\u0159\u00edzniv\u00fdm po\u010das\u00edm, jako je d\u00e9\u0161\u0165 nebo mr\u00e1z. D\u00edky tomu je Bin Street s krytem spolehliv\u00fd i p\u0159i intenzivn\u00edm pou\u017e\u00edv\u00e1n\u00ed ve ve\u0159ejn\u00fdch prostorech.<\/p>\n<p>Design<br \/>\nVenkovn\u00ed odpadkov\u00fd ko\u0161 Wooden m\u00e1 nad\u010dasov\u00fd styl, kter\u00fd harmonicky kombinuje hlubokou \u010dernou \u017e\u00e1rov\u011b pozinkovanou ocel s dv\u00ed\u0159ky oblo\u017een\u00fdmi lamelami s efektem d\u0159eva z kompozitn\u00edho materi\u00e1lu (WPC). D\u0159ev\u011bn\u00fd vzhled dod\u00e1v\u00e1 konstrukci tepl\u00fd, p\u0159irozen\u00fd r\u00e1z, kter\u00fd dob\u0159e lad\u00ed zejm\u00e9na se zelen\u00fdmi plochami. Bin Street s krytem vypad\u00e1 skv\u011ble i v modern\u00ed m\u011bstsk\u00e9 architektu\u0159e. Toto proveden\u00ed zd\u016fraz\u0148uje pozornost k detailu a estetiku, \u010d\u00edm\u017e d\u00e1v\u00e1 ko\u0161i charakter vhodn\u00fd pro jak\u00fdkoli typ prostoru.<\/p>\n<p>Funk\u010dnost<br \/>\nPrakticky navr\u017een\u00fd venkovn\u00ed ko\u0161 Wooden Bin Street s krytem nab\u00edz\u00ed \u0159adu praktick\u00fdch \u0159e\u0161en\u00ed zaji\u0161\u0165uj\u00edc\u00edch funk\u010dnost. Vnit\u0159n\u00ed vlo\u017eka z pozinkovan\u00e9 oceli s hladk\u00fdm povrchem umo\u017e\u0148uje rychl\u00e9 a hygienick\u00e9 vypr\u00e1zdn\u011bn\u00ed a snadn\u00e9 \u010di\u0161t\u011bn\u00ed. Dv\u00ed\u0159ka uzamykan\u00e1 na kl\u00ed\u010d zabezpe\u010duj\u00ed obsah proti neopr\u00e1vn\u011bn\u00e9mu vniknut\u00ed a udr\u017euj\u00ed po\u0159\u00e1dek. Kryt, integrov\u00e1n do konstrukce ko\u0161e, \u00fa\u010dinn\u011b chr\u00e1n\u00ed odpad p\u0159ed de\u0161t\u011bm a zvy\u0161uje jeho pou\u017eitelnost za jak\u00e9hokoli po\u010das\u00ed. V\u0161echny tyto vlastnosti d\u011blaj\u00ed z venkovn\u00edho ko\u0161e Wooden spolehliv\u00e9 \u0159e\u0161en\u00ed pro ve\u0159ejn\u00e9 prostory.<\/p>\n<p>Kl\u00ed\u010dov\u00e9 informace<\/p>\n<p>  Kapacita: 65 litr\u016f<br \/>\n  Konstrukce: \u017e\u00e1rov\u011b pozinkovan\u00e1 ocel, tlou\u0161\u0165ka 3,0 mm<br \/>\n  Povrchov\u00e1 \u00faprava: pr\u00e1\u0161kov\u00e9 lakov\u00e1n\u00ed \u010dern\u00e9 (RAL 9005)<br \/>\n  Lamelov\u00e9 oblo\u017een\u00ed: kompozitn\u00ed d\u0159evo (WPC)<br \/>\n  Vnit\u0159n\u00ed vlo\u017eka: pozinkovan\u00e1 ocel<br \/>\n  Zabezpe\u010den\u00ed: dv\u00ed\u0159ka uzamykateln\u00e1 na kl\u00ed\u010d<br \/>\n  Vlastnost: konstrukce vybavena krytem<br \/>\n  Upevn\u011bn\u00ed: mo\u017enost p\u0159ikotven\u00ed k zemi pomoc\u00ed \u0161roubu<\/p>\n","protected":false},"excerpt":{"rendered":"<p>Bin Street Municipal Bali 65 L s p\u0159\u00edst\u0159e\u0161kem \u2014 odoln\u00fd, atraktivn\u00ed venkovn\u00ed ko\u0161 o objemu 65 l, ide\u00e1ln\u00ed pro centra m\u011bst, parky, chodn\u00edky a firemn\u00ed are\u00e1ly.<\/p>\n","protected":false},"featured_media":2322,"comment_status":"open","ping_status":"closed","template":"","meta":[],"product_brand":[],"product_cat":[114,166],"product_tag":[],"class_list":{"0":"post-2203","1":"product","2":"type-product","3":"status-publish","4":"has-post-thumbnail","6":"product_cat-odpadove-kontejnery","7":"product_cat-poulicni-a-parkove-odpadkove-kose","9":"first","10":"instock","11":"taxable","12":"shipping-taxable","13":"purchasable","14":"product-type-simple"},"_links":{"self":[{"href":"https:\/\/eco-market24.com\/cs\/wp-json\/wp\/v2\/product\/2203","targetHints":{"allow":["GET"]}}],"collection":[{"href":"https:\/\/eco-market24.com\/cs\/wp-json\/wp\/v2\/product"}],"about":[{"href":"https:\/\/eco-market24.com\/cs\/wp-json\/wp\/v2\/types\/product"}],"replies":[{"embeddable":true,"href":"https:\/\/eco-market24.com\/cs\/wp-json\/wp\/v2\/comments?post=2203"}],"wp:featuredmedia":[{"embeddable":true,"href":"https:\/\/eco-market24.com\/cs\/wp-json\/wp\/v2\/media\/2322"}],"wp:attachment":[{"href":"https:\/\/eco-market24.com\/cs\/wp-json\/wp\/v2\/media?parent=2203"}],"wp:term":[{"taxonomy":"product_brand","embeddable":true,"href":"https:\/\/eco-market24.com\/cs\/wp-json\/wp\/v2\/product_brand?post=2203"},{"taxonomy":"product_cat","embeddable":true,"href":"https:\/\/eco-market24.com\/cs\/wp-json\/wp\/v2\/product_cat?post=2203"},{"taxonomy":"product_tag","embeddable":true,"href":"https:\/\/eco-market24.com\/cs\/wp-json\/wp\/v2\/product_tag?post=2203"}],"curies":[{"name":"wp","href":"https:\/\/api.w.org\/{rel}","templated":true}]}}