{"id":2219,"date":"2025-09-29T16:20:58","date_gmt":"2025-09-29T14:20:58","guid":{"rendered":"https:\/\/eco-market24.com\/product\/eco-modular-modularni-recyklacni-kos-40-l-bily\/"},"modified":"2025-09-29T20:05:18","modified_gmt":"2025-09-29T18:05:18","slug":"eco-modular-modularni-recyklacni-kos-40-l-bily","status":"publish","type":"product","link":"https:\/\/eco-market24.com\/cs\/produkt\/eco-modular-modularni-recyklacni-kos-40-l-bily\/","title":{"rendered":"Eco Modular modul\u00e1rn\u00ed recykla\u010dn\u00ed ko\u0161, 40 l, b\u00edl\u00fd"},"content":{"rendered":"<p>Recykla\u010dn\u00ed ko\u0161 Modular Eco Modular 40 l \u2014 b\u00edl\u00fd<\/p>\n<p>Popis: Modul\u00e1rn\u00ed 40l recykla\u010dn\u00ed ko\u0161 podporuje ekologick\u00e9 chov\u00e1n\u00ed ve ve\u0159ejn\u00fdch prostorech. Vyroben\u00fd z vysoce kvalitn\u00edch materi\u00e1l\u016f, je vhodn\u00fd pro vnit\u0159n\u00ed i venkovn\u00ed pou\u017eit\u00ed a ide\u00e1ln\u00ed pro n\u00e1kupn\u00ed centra, n\u00e1dra\u017e\u00ed, leti\u0161t\u011b, \u00fa\u0159ady, nemocnice, \u0161koly, administrativn\u00ed budovy a \u010derpac\u00ed stanice.<\/p>\n<p>Odoln\u00e1 konstrukce<\/p>\n<p>  Materi\u00e1l: pozinkovan\u00e1 ocel 0,8 mm s pr\u00e1\u0161kov\u00fdm n\u00e1t\u011brem<br \/>\n  Povrch: vzhled brou\u0161en\u00e9 oceli s matnou, jednotnou barvou<br \/>\n  Odolnost: odoln\u00fd proti prom\u00e1\u010dknut\u00ed, deformaci a drobn\u00fdm \u0161kr\u00e1banc\u016fm \u2014 vhodn\u00fd do m\u00edst s vysokou frekvenc\u00ed n\u00e1v\u0161t\u011bvn\u00edk\u016f<br \/>\n  Design: elegantn\u00ed, modern\u00ed vzhled, kter\u00fd lad\u00ed se sou\u010dasn\u00fdm m\u011bstsk\u00fdm a kancel\u00e1\u0159sk\u00fdm prost\u0159ed\u00edm<\/p>\n<p>Praktick\u00e9 vlastnosti<\/p>\n<p>  Kapacita: 40 litr\u016f<br \/>\n  Konfigurace: voln\u011b stoj\u00edc\u00ed konstrukce<br \/>\n  Vnit\u0159n\u00ed vlo\u017eka: pozinkovan\u00e1 vnit\u0159n\u00ed vlo\u017eka s dr\u017e\u00e1ky pytl\u016f, kter\u00e9 zaji\u0161\u0165uj\u00ed pytle na m\u00edst\u011b<br \/>\n  \u00dadr\u017eba: hladk\u00e1 vlo\u017eka pro snadn\u00e9 \u010di\u0161t\u011bn\u00ed<br \/>\n  P\u0159\u00edstup: odn\u00edmateln\u00fd horn\u00ed kryt pro jednoduch\u00e9 vypr\u00e1zdn\u011bn\u00ed<br \/>\n  Barva: b\u00edl\u00e1<\/p>\n","protected":false},"excerpt":{"rendered":"<p>Modul\u00e1rn\u00ed 40 l ekologick\u00fd ko\u0161 na recyklaci v b\u00edl\u00e9 barv\u011b \u2014 ide\u00e1ln\u00ed do obchodn\u00edch center, vlakov\u00fdch n\u00e1dra\u017e\u00ed a leti\u0161\u0165; podporuje proekologick\u00e9 chov\u00e1n\u00ed na ve\u0159ejn\u00fdch prostranstv\u00edch.<\/p>\n","protected":false},"featured_media":2352,"comment_status":"open","ping_status":"closed","template":"","meta":[],"product_brand":[],"product_cat":[153],"product_tag":[],"class_list":{"0":"post-2219","1":"product","2":"type-product","3":"status-publish","4":"has-post-thumbnail","6":"product_cat-kose-pro-trideni-odpadu","8":"first","9":"instock","10":"taxable","11":"shipping-taxable","12":"purchasable","13":"product-type-simple"},"_links":{"self":[{"href":"https:\/\/eco-market24.com\/cs\/wp-json\/wp\/v2\/product\/2219","targetHints":{"allow":["GET"]}}],"collection":[{"href":"https:\/\/eco-market24.com\/cs\/wp-json\/wp\/v2\/product"}],"about":[{"href":"https:\/\/eco-market24.com\/cs\/wp-json\/wp\/v2\/types\/product"}],"replies":[{"embeddable":true,"href":"https:\/\/eco-market24.com\/cs\/wp-json\/wp\/v2\/comments?post=2219"}],"wp:featuredmedia":[{"embeddable":true,"href":"https:\/\/eco-market24.com\/cs\/wp-json\/wp\/v2\/media\/2352"}],"wp:attachment":[{"href":"https:\/\/eco-market24.com\/cs\/wp-json\/wp\/v2\/media?parent=2219"}],"wp:term":[{"taxonomy":"product_brand","embeddable":true,"href":"https:\/\/eco-market24.com\/cs\/wp-json\/wp\/v2\/product_brand?post=2219"},{"taxonomy":"product_cat","embeddable":true,"href":"https:\/\/eco-market24.com\/cs\/wp-json\/wp\/v2\/product_cat?post=2219"},{"taxonomy":"product_tag","embeddable":true,"href":"https:\/\/eco-market24.com\/cs\/wp-json\/wp\/v2\/product_tag?post=2219"}],"curies":[{"name":"wp","href":"https:\/\/api.w.org\/{rel}","templated":true}]}}