{"id":2235,"date":"2025-09-29T16:20:54","date_gmt":"2025-09-29T14:20:54","guid":{"rendered":"https:\/\/eco-market24.com\/product\/poulicni-kos-na-sloupu-monaco-40-l\/"},"modified":"2025-09-29T20:05:28","modified_gmt":"2025-09-29T18:05:28","slug":"poulicni-kos-na-sloupu-monaco-40-l","status":"publish","type":"product","link":"https:\/\/eco-market24.com\/cs\/produkt\/poulicni-kos-na-sloupu-monaco-40-l\/","title":{"rendered":"Pouli\u010dn\u00ed ko\u0161 na sloupu Monaco 40 l"},"content":{"rendered":"<p>Pouli\u010dn\u00ed ko\u0161 na sloupku \u2014 Monaco 40 L<\/p>\n<p>Pouli\u010dn\u00ed ko\u0161 na sloupku Monaco 40 L je kombinac\u00ed elegance a vysok\u00e9 kvality, ide\u00e1ln\u00ed pro m\u011bstsk\u00e9 ve\u0159ejn\u00e9 prostory a drobnou m\u011bstskou architekturu. Je perfektn\u00ed pro m\u00edsta s vysokou frekvenc\u00ed chodc\u016f, jako jsou zast\u00e1vky, dopravn\u00ed uzly, stanice, parky, n\u00e1m\u011bst\u00ed, administrativn\u00ed budovy, \u00fa\u0159ady a obytn\u00e9 soubory.<\/p>\n<p>Hlavn\u00ed vlastnosti<\/p>\n<p>  Kapacita: 40 litr\u016f<br \/>\n  Materi\u00e1l: pozinkovan\u00e1 ocel 1,5 mm s pr\u00e1\u0161kov\u00fdm lakem<br \/>\n  Barva: grafit (RAL 7016)<br \/>\n  Certifik\u00e1ty: ISO, BV, T\u00dcV<br \/>\n  Mont\u00e1\u017e: konstrukce na sloupku, p\u0159ipevn\u011bn\u00ed k zemi \u0161rouby<br \/>\n  Trvanlivost: vysoce odoln\u00fd proti mechanick\u00e9mu po\u0161kozen\u00ed a nep\u0159\u00edzniv\u00e9mu po\u010das\u00ed (UV, d\u00e9\u0161\u0165, sn\u00edh, extr\u00e9mn\u00ed teploty)<\/p>\n<p>Design a prakti\u010dnost<\/p>\n<p>  Velk\u00fd vstup s odn\u00edmateln\u00fdm krytem, kter\u00fd chr\u00e1n\u00ed proti v\u011btru a sr\u00e1\u017ek\u00e1m a z\u00e1rove\u0148 umo\u017e\u0148uje snadn\u00e9 vypr\u00e1zdn\u011bn\u00ed<br \/>\n  Vnit\u0159n\u00ed pozinkovan\u00e1 vlo\u017eka pro jednodu\u0161\u0161\u00ed vypr\u00e1zdn\u011bn\u00ed a \u010di\u0161t\u011bn\u00ed<br \/>\n  Zamykateln\u00e9 v\u00edko (na kl\u00ed\u010d) proti neopr\u00e1vn\u011bn\u00e9mu p\u0159\u00edstupu<br \/>\n  Odoln\u00fd, nen\u00e1ro\u010dn\u00fd povrch s elegantn\u00edm, nad\u010dasov\u00fdm vzhledem, kter\u00fd dob\u0159e zapad\u00e1 do m\u011bstsk\u00e9 architektury<br \/>\n  Stabiln\u00ed i p\u0159es n\u00edzkou hmotnost d\u00edky trval\u00e9mu p\u0159ipevn\u011bn\u00ed k zemi<\/p>\n","protected":false},"excerpt":{"rendered":"<p>Bin Street na sloupku Monaco 40 L kombinuje elegantn\u00ed design a pr\u00e9miovou odolnost, d\u00edky \u010demu\u017e je ide\u00e1ln\u00ed pro m\u011bstsk\u00e9 ve\u0159ejn\u00e9 prostory a zelen\u00e9 plochy \u2014 dokonale se za\u010dle\u0148uje do drobn\u00e9 architektury.<\/p>\n","protected":false},"featured_media":2367,"comment_status":"open","ping_status":"closed","template":"","meta":[],"product_brand":[],"product_cat":[166],"product_tag":[],"class_list":{"0":"post-2235","1":"product","2":"type-product","3":"status-publish","4":"has-post-thumbnail","6":"product_cat-poulicni-a-parkove-odpadkove-kose","8":"first","9":"instock","10":"taxable","11":"shipping-taxable","12":"purchasable","13":"product-type-simple"},"_links":{"self":[{"href":"https:\/\/eco-market24.com\/cs\/wp-json\/wp\/v2\/product\/2235","targetHints":{"allow":["GET"]}}],"collection":[{"href":"https:\/\/eco-market24.com\/cs\/wp-json\/wp\/v2\/product"}],"about":[{"href":"https:\/\/eco-market24.com\/cs\/wp-json\/wp\/v2\/types\/product"}],"replies":[{"embeddable":true,"href":"https:\/\/eco-market24.com\/cs\/wp-json\/wp\/v2\/comments?post=2235"}],"wp:featuredmedia":[{"embeddable":true,"href":"https:\/\/eco-market24.com\/cs\/wp-json\/wp\/v2\/media\/2367"}],"wp:attachment":[{"href":"https:\/\/eco-market24.com\/cs\/wp-json\/wp\/v2\/media?parent=2235"}],"wp:term":[{"taxonomy":"product_brand","embeddable":true,"href":"https:\/\/eco-market24.com\/cs\/wp-json\/wp\/v2\/product_brand?post=2235"},{"taxonomy":"product_cat","embeddable":true,"href":"https:\/\/eco-market24.com\/cs\/wp-json\/wp\/v2\/product_cat?post=2235"},{"taxonomy":"product_tag","embeddable":true,"href":"https:\/\/eco-market24.com\/cs\/wp-json\/wp\/v2\/product_tag?post=2235"}],"curies":[{"name":"wp","href":"https:\/\/api.w.org\/{rel}","templated":true}]}}