{"id":368,"date":"2025-09-28T18:39:58","date_gmt":"2025-09-28T16:39:58","guid":{"rendered":"https:\/\/eco-market24.com\/product\/1100l-yellow-waste-container-ese\/"},"modified":"2025-09-30T16:06:07","modified_gmt":"2025-09-30T14:06:07","slug":"1100l-yellow-waste-container-ese","status":"publish","type":"product","link":"https:\/\/eco-market24.com\/cs\/produkt\/1100l-yellow-waste-container-ese\/","title":{"rendered":"1100 l \u017elut\u00fd kontejner na odpad ESE"},"content":{"rendered":"\n<p>Kontejner ESE v souladu s normou PN-EN 840<\/p>\n\n<p>Potvrzen\u00edm nejvy\u0161\u0161\u00ed kvality a odolnosti v\u016f\u010di vliv\u016fm prost\u0159ed\u00ed u pr\u016fmyslov\u00e9ho kontejneru o objemu 1100 l je ozna\u010den\u00ed kvality RAL\u2011GZ951\/1 a dodr\u017een\u00ed evropsk\u00e9 normy PN\u2011EN 840. Kontejner ESE je ozna\u010den zna\u010dkou CE a m\u00e1 certifik\u00e1ty, kter\u00e9 zaru\u010duj\u00ed spln\u011bn\u00ed po\u017eadavk\u016f na ochranu proti hluku.<\/p>\n\n<p>\u017dlut\u00fd kontejner o objemu 1100 l n\u011bmeck\u00e9 zna\u010dky ESE je nejfunk\u010dn\u011bj\u0161\u00ed, nejodoln\u011bj\u0161\u00ed a z\u00e1rove\u0148 nejesteti\u010dt\u011bj\u0161\u00ed venkovn\u00ed komun\u00e1ln\u00ed kontejner dostupn\u00fd na polsk\u00e9m trhu. Kontejner ESE m\u00e1 ploch\u00e9 lehk\u00e9 v\u00edko a praktickou sadu \u010dty\u0159 gumov\u00fdch kol s dodate\u010dn\u00fdm v\u00fdztu\u017en\u00fdm krytem a brzdami na p\u0159edn\u00edch kolech, co\u017e zaji\u0161\u0165uje snadn\u00e9 a tich\u00e9 p\u0159emis\u0165ov\u00e1n\u00ed.<\/p>\n\n<p>Funk\u010dn\u00ed a odoln\u00fd kontejner na odpad 1100 l<\/p>\n\n<p>Segregace komun\u00e1ln\u00edho odpadu ve firm\u011b vy\u017eaduje pou\u017eit\u00ed profesion\u00e1ln\u00edch kontejner\u016f, kter\u00e9 vydr\u017e\u00ed ka\u017edodenn\u00ed pou\u017e\u00edv\u00e1n\u00ed a intenzivn\u00ed provoz, jsou vyrobeny z tlust\u00e9ho materi\u00e1lu odoln\u00e9ho v\u016f\u010di deformac\u00edm a z\u00e1rove\u0148 jsou snadn\u00e9 na vypr\u00e1zd\u0148ov\u00e1n\u00ed a p\u0159epravu.<\/p>\n\n<p>Kontejner na komun\u00e1ln\u00ed odpad n\u011bmeck\u00e9 zna\u010dky ESE m\u00e1 v\u00fdhody, kter\u00e9 ho odli\u0161uj\u00ed z hlediska kvality a odolnosti oproti jin\u00fdm kontejner\u016fm.<\/p>\n\n<ul class=\"wp-block-list\">\n<li>N\u00e1doba ESE je vyrobena z vysokohustotn\u00edho polyethylenu, d\u00edky \u010demu\u017e je konstrukce kontejneru, st\u011bny, dno a v\u00edko odoln\u00e9 v\u016f\u010di deformac\u00edm a prom\u00e1\u010dknut\u00ed.<\/li>\n\n\n\n<li>Kontejner je odoln\u00fd v\u016f\u010di UV z\u00e1\u0159en\u00ed a m\u00e1 vysokou tepelnou odolnost. Kontejner na komun\u00e1ln\u00ed odpad o objemu 1100 l je navr\u017een pro venkovn\u00ed t\u0159\u00edd\u011bn\u00ed odpadu za v\u0161ech pov\u011btrnostn\u00edch podm\u00ednek.<\/li>\n\n\n\n<li>Materi\u00e1l vysok\u00e9 hustoty pou\u017eit\u00fd p\u0159i v\u00fdrob\u011b 1100L kontejneru zna\u010dky ESE zaru\u010duje zachov\u00e1n\u00ed intenzity \u017elut\u00e9 barvy.<\/li>\n\n\n\n<li>Kontejner zna\u010dky 1100L ESE se tak\u00e9 vyzna\u010duje odolnost\u00ed v\u016f\u010di chemik\u00e1li\u00edm. Lze jej pou\u017e\u00edt pro segregaci v\u00fdrobn\u00edho odpadu obsahuj\u00edc\u00edho zbytky \u010distic\u00edch prost\u0159edk\u016f nebo jin\u00fdch l\u00e1tek.<\/li>\n<\/ul>\n\n<p>MGB 1100 kontejner upraven\u00fd pro vykl\u00e1d\u00e1n\u00ed h\u0159ebenem<\/p>\n\n<p>Kontejner na odpad zna\u010dky ESE o objemu 1100 l je upraven pro h\u0159ebenov\u00fd i DIN typ vyprazd\u0148ov\u00e1n\u00ed. Pr\u016fmyslov\u00e9 kontejnery ESE lze snadno vypr\u00e1zdnit v\u0161emi svozov\u00fdmi vozy odpad\u016f v Polsku.<\/p>\n\n<p>Nominaln\u00ed hmotnost kontejneru ESE o kapacit\u011b 1100 l je 510 kg a jedn\u00e1 se o nejvy\u0161\u0161\u00ed mo\u017enou nomin\u00e1ln\u00ed zat\u011b\u017eovac\u00ed hmotnost pro kontejner o objemu 1100 l mezi v\u0161emi komun\u00e1ln\u00edmi odpadov\u00fdmi kontejnery vyroben\u00fdmi z HDPE plastu. Zkusit znovu<\/p>\n","protected":false},"excerpt":{"rendered":"<ul>\n<li class=\"whitespace-normal break-words\"><strong>Odoln\u00fd materi\u00e1l PE-HD<\/strong> \u2013 UV-odoln\u00fd a \u0161irok\u00fd teplotn\u00ed rozsah, ide\u00e1ln\u00ed pro venkovn\u00ed pou\u017eit\u00ed<\/li>\n<li class=\"whitespace-normal break-words\"><strong>Jmenovit\u00e1 nosnost a\u017e 510 kg<\/strong> \u2013 nejvy\u0161\u0161\u00ed mezi 1100l kontejnery na evropsk\u00e9m trhu<\/li>\n<li class=\"whitespace-normal break-words\"><strong>Pry\u017eov\u00fd syst\u00e9m kol \u00d8 20 cm s brzdami a zes\u00edlen\u00fdmi kryty<\/strong> \u2013 tich\u00fd a snadn\u00fd p\u0159evoz<\/li>\n<li class=\"whitespace-normal break-words\"><strong>Zes\u00edlen\u00e1 konstrukce s kovov\u00fdmi vlo\u017ekami v bo\u010dn\u00edch \u010dep\u00edch a ergonomick\u00fdmi rukoje\u0165mi<\/strong><\/li>\n<li class=\"whitespace-normal break-words\"><strong>Kompatibilita s popel\u00e1\u0159sk\u00fdmi vozy<\/strong> \u2013 p\u0159izp\u016fsobeno pro vykl\u00e1p\u011bc\u00ed syst\u00e9my typu h\u0159eben a DIN<\/li>\n<li class=\"whitespace-normal break-words\"><strong>Kompletn\u00ed barevn\u00e9 proveden\u00ed pro t\u0159\u00edd\u011bn\u00ed<\/strong> \u2013 \u010dern\u00e1, modr\u00e1, \u017elut\u00e1, zelen\u00e1, hn\u011bd\u00e1, \u010derven\u00e1<\/li>\n<li class=\"whitespace-normal break-words\"><strong>Kvalitn\u00ed certifikace<\/strong> \u2013 spl\u0148uje normu PN-EN 840 a zna\u010den\u00ed RAL-GZ951\/1, certifikov\u00e1no CE<\/li>\n<\/ul>\n","protected":false},"featured_media":266,"comment_status":"open","ping_status":"closed","template":"","meta":[],"product_brand":[77],"product_cat":[115,114],"product_tag":[],"class_list":{"0":"post-368","1":"product","2":"type-product","3":"status-publish","4":"has-post-thumbnail","6":"product_brand-ese","7":"product_cat-ctyrkolove-odpadkove-kontejnery-1100l","8":"product_cat-odpadove-kontejnery","10":"first","11":"instock","12":"taxable","13":"shipping-taxable","14":"purchasable","15":"product-type-simple"},"_links":{"self":[{"href":"https:\/\/eco-market24.com\/cs\/wp-json\/wp\/v2\/product\/368","targetHints":{"allow":["GET"]}}],"collection":[{"href":"https:\/\/eco-market24.com\/cs\/wp-json\/wp\/v2\/product"}],"about":[{"href":"https:\/\/eco-market24.com\/cs\/wp-json\/wp\/v2\/types\/product"}],"replies":[{"embeddable":true,"href":"https:\/\/eco-market24.com\/cs\/wp-json\/wp\/v2\/comments?post=368"}],"wp:featuredmedia":[{"embeddable":true,"href":"https:\/\/eco-market24.com\/cs\/wp-json\/wp\/v2\/media\/266"}],"wp:attachment":[{"href":"https:\/\/eco-market24.com\/cs\/wp-json\/wp\/v2\/media?parent=368"}],"wp:term":[{"taxonomy":"product_brand","embeddable":true,"href":"https:\/\/eco-market24.com\/cs\/wp-json\/wp\/v2\/product_brand?post=368"},{"taxonomy":"product_cat","embeddable":true,"href":"https:\/\/eco-market24.com\/cs\/wp-json\/wp\/v2\/product_cat?post=368"},{"taxonomy":"product_tag","embeddable":true,"href":"https:\/\/eco-market24.com\/cs\/wp-json\/wp\/v2\/product_tag?post=368"}],"curies":[{"name":"wp","href":"https:\/\/api.w.org\/{rel}","templated":true}]}}