{"id":369,"date":"2025-09-28T17:45:10","date_gmt":"2025-09-28T15:45:10","guid":{"rendered":"https:\/\/eco-market24.com\/product\/1100l-blue-waste-container-ese\/"},"modified":"2025-09-30T16:06:09","modified_gmt":"2025-09-30T14:06:09","slug":"1100l-blue-waste-container-ese","status":"publish","type":"product","link":"https:\/\/eco-market24.com\/cs\/produkt\/1100l-blue-waste-container-ese\/","title":{"rendered":"1100 l modr\u00fd kontejner na odpad ESE"},"content":{"rendered":"\n<p>Kontejner v souladu s evropskou normou PN-EN 840<\/p>\n\n<p>Potvrzen\u00edm nejvy\u0161\u0161\u00ed odolnosti v\u016f\u010di vliv\u016fm prost\u0159ed\u00ed kontejneru na komun\u00e1ln\u00ed odpad o objemu 1100 l zna\u010dky ESE je ozna\u010den\u00ed kvality RAL\u2011GZ951\/1 a shoda s evropskou normou PN\u2011EN 840. Kontejner m\u00e1 certifikace zaru\u010duj\u00edc\u00ed spln\u011bn\u00ed po\u017eadavk\u016f na ochranu proti hluku a je ozna\u010den zna\u010dkou CE.<\/p>\n\n<p>Kontejner zna\u010dky ESE o objemu 1100 l je nejodoln\u011bj\u0161\u00edm, nejesteti\u010dt\u011bj\u0161\u00edm a nejfunk\u010dn\u011bj\u0161\u00edm kontejnerem na komun\u00e1ln\u00ed odpad dostupn\u00fdm na trhu. Kontejner je vybaven ploch\u00fdm v\u00edkem a pohodln\u00fdm, tich\u00fdm syst\u00e9mem gumov\u00fdch kol o pr\u016fm\u011bru 20 cm, s dodate\u010dn\u00fdm zesiluj\u00edc\u00edm krytem a brzdami na p\u0159edn\u00edch kolech. D\u00edky tomu se snadno pou\u017e\u00edv\u00e1 a p\u0159emis\u0165uje.<\/p>\n\n<p>\u010dty\u0159kolov\u00fd kontejner na odpad 1100 l ESE<\/p>\n\n<p>Skladov\u00e1n\u00ed pr\u016fmyslov\u00e9ho a komun\u00e1ln\u00edho odpadu vy\u017eaduje pou\u017eit\u00ed vhodn\u00fdch kontejner\u016f, kter\u00e9 budou odoln\u00e9, vyroben\u00e9 z pevn\u00e9ho materi\u00e1lu odoln\u00e9ho v\u016f\u010di deformac\u00edm, a z\u00e1rove\u0148 snadn\u00e9 na vypr\u00e1zd\u0148ov\u00e1n\u00ed a p\u0159emis\u0165ov\u00e1n\u00ed. Kontejner na komun\u00e1ln\u00ed odpad ESE 1100 L m\u00e1 p\u0159ednosti, kter\u00e9 ho odli\u0161uj\u00ed z hlediska kvality a trvanlivosti.<\/p>\n\n<p>Kontejner MGB je vyroben z odoln\u00e9ho vysokohustotn\u00edho plastu HDPE, je odoln\u00fd v\u016f\u010di UV z\u00e1\u0159en\u00ed a sn\u00e1\u0161\u00ed \u0161irok\u00e9 teplotn\u00ed rozmez\u00ed. D\u00edky tomu lze 1100l kontejner na komun\u00e1ln\u00ed odpad skladovat venku za ka\u017ed\u00e9ho po\u010das\u00ed. Nav\u00edc vysokohustotn\u00ed plast pou\u017eit\u00fd p\u0159i v\u00fdrob\u011b kontejneru ESE 1100l zaru\u010duje zachov\u00e1n\u00ed intenzity barvy.<\/p>\n\n<p>Kontejner zna\u010dky 1100L ESE se vyzna\u010duje odolnost\u00ed v\u016f\u010di chemik\u00e1li\u00edm. D\u00edky tomu je vhodn\u00fd pro skladov\u00e1n\u00ed komun\u00e1ln\u00edho i v\u00fdrobn\u00edho odpadu obsahuj\u00edc\u00edho zbytky \u010distic\u00edch prost\u0159edk\u016f nebo jin\u00fdch p\u0159\u00edpravk\u016f. Kontejner nereaguje s chemik\u00e1liemi a nedeformuje se.<\/p>\n\n<p>P\u0159izp\u016fsoben\u00ed kontejneru mechanism\u016fm vyprazd\u0148ov\u00e1n\u00ed h\u0159ebenem<\/p>\n\n<p>Kontejner na odpad MGB 1100 L je upraven pro vysyp\u00e1v\u00e1n\u00ed pomoc\u00ed h\u0159ebenu i pro vysyp\u00e1v\u00e1n\u00ed podle normy DIN. Kontejnery ESE pro komun\u00e1ln\u00ed odpad jsou upraveny pro vysyp\u00e1v\u00e1n\u00ed v\u0161emi b\u011b\u017en\u00fdmi popel\u00e1\u0159sk\u00fdmi vozy sb\u00edraj\u00edc\u00edmi odpad v Polsku.<\/p>\n\n<p>Jmenovit\u00e1 hmotnost kontejneru ESE 1100 L je 510 kg a jedn\u00e1 se o nejvy\u0161\u0161\u00ed jmenovitou nosnost pro 1100l kontejnery mezi v\u0161emi komun\u00e1ln\u00edmi odpadov\u00fdmi kontejnery dostupn\u00fdmi na polsk\u00e9m a evropsk\u00e9m trhu. Opakovat<\/p>\n\n<p><\/p>\n","protected":false},"excerpt":{"rendered":"<ul>\n<li class=\"whitespace-normal break-words\"><strong>Trvanliv\u00fd materi\u00e1l PE-HD<\/strong> \u2013 odoln\u00fd proti UV z\u00e1\u0159en\u00ed a \u0161irok\u00e9mu teplotn\u00edmu rozsahu, ide\u00e1ln\u00ed pro venkovn\u00ed pou\u017eit\u00ed<\/li>\n<li class=\"whitespace-normal break-words\"><strong>Jmenovit\u00e1 nosnost a\u017e 510 kg<\/strong> \u2013 nejvy\u0161\u0161\u00ed mezi 1100l kontejnery na evropsk\u00e9m trhu<\/li>\n<li class=\"whitespace-normal break-words\"><strong>Syst\u00e9m gumov\u00fdch kol \u00d8 20 cm s brzdami a zes\u00edlen\u00fdmi kryty<\/strong> \u2013 tich\u00fd a snadn\u00fd transport<\/li>\n<li class=\"whitespace-normal break-words\"><strong>Zes\u00edlen\u00e1 konstrukce s kovov\u00fdmi vlo\u017ekami v bo\u010dn\u00edch \u010dep\u00edch a ergonomick\u00fdmi madly<\/strong><\/li>\n<li class=\"whitespace-normal break-words\"><strong>Kompatibilita s popel\u00e1\u0159sk\u00fdmi vozy<\/strong> \u2013 p\u0159izp\u016fsobeno pro h\u0159eblov\u00e9 a DIN typy vykl\u00e1d\u00e1n\u00ed<\/li>\n<li class=\"whitespace-normal break-words\"><strong>Kompletn\u00ed barevn\u00e1 \u0161k\u00e1la pro separaci<\/strong> \u2013 \u010dern\u00e1, modr\u00e1, \u017elut\u00e1, zelen\u00e1, hn\u011bd\u00e1, \u010derven\u00e1<\/li>\n<li class=\"whitespace-normal break-words\"><strong>Kvalitn\u00ed certifikace<\/strong> \u2013 spl\u0148uje normu PN-EN 840 a zna\u010dku RAL-GZ951\/1, certifikov\u00e1no CE<\/li>\n<\/ul>\n","protected":false},"featured_media":139,"comment_status":"open","ping_status":"closed","template":"","meta":[],"product_brand":[77],"product_cat":[115,114],"product_tag":[],"class_list":{"0":"post-369","1":"product","2":"type-product","3":"status-publish","4":"has-post-thumbnail","6":"product_brand-ese","7":"product_cat-ctyrkolove-odpadkove-kontejnery-1100l","8":"product_cat-odpadove-kontejnery","10":"first","11":"instock","12":"taxable","13":"shipping-taxable","14":"purchasable","15":"product-type-simple"},"_links":{"self":[{"href":"https:\/\/eco-market24.com\/cs\/wp-json\/wp\/v2\/product\/369","targetHints":{"allow":["GET"]}}],"collection":[{"href":"https:\/\/eco-market24.com\/cs\/wp-json\/wp\/v2\/product"}],"about":[{"href":"https:\/\/eco-market24.com\/cs\/wp-json\/wp\/v2\/types\/product"}],"replies":[{"embeddable":true,"href":"https:\/\/eco-market24.com\/cs\/wp-json\/wp\/v2\/comments?post=369"}],"wp:featuredmedia":[{"embeddable":true,"href":"https:\/\/eco-market24.com\/cs\/wp-json\/wp\/v2\/media\/139"}],"wp:attachment":[{"href":"https:\/\/eco-market24.com\/cs\/wp-json\/wp\/v2\/media?parent=369"}],"wp:term":[{"taxonomy":"product_brand","embeddable":true,"href":"https:\/\/eco-market24.com\/cs\/wp-json\/wp\/v2\/product_brand?post=369"},{"taxonomy":"product_cat","embeddable":true,"href":"https:\/\/eco-market24.com\/cs\/wp-json\/wp\/v2\/product_cat?post=369"},{"taxonomy":"product_tag","embeddable":true,"href":"https:\/\/eco-market24.com\/cs\/wp-json\/wp\/v2\/product_tag?post=369"}],"curies":[{"name":"wp","href":"https:\/\/api.w.org\/{rel}","templated":true}]}}