{"id":382,"date":"2025-09-28T18:40:02","date_gmt":"2025-09-28T16:40:02","guid":{"rendered":"https:\/\/eco-market24.com\/product\/1100l-green-waste-container-ese\/"},"modified":"2025-09-28T20:27:36","modified_gmt":"2025-09-28T18:27:36","slug":"1100l-green-waste-container-ese","status":"publish","type":"product","link":"https:\/\/eco-market24.com\/cs\/produkt\/1100l-green-waste-container-ese\/","title":{"rendered":"1100 l zelen\u00fd kontejner na bioodpad ESE"},"content":{"rendered":"\n<p>Tady je anglick\u00fd p\u0159eklad:<\/p>\n\n<p>ESE kontejner s ozna\u010den\u00edm kvality RAL\u2011GZ951\/1<\/p>\n\n<p>Potvrzen\u00edm nejvy\u0161\u0161\u00ed kvality komun\u00e1ln\u00edch odpadov\u00fdch kontejner\u016f zna\u010dky ESE a jejich odolnosti v\u016f\u010di vn\u011bj\u0161\u00edm vliv\u016fm je jejich ozna\u010den\u00ed zna\u010dkou kvality RAL-GZ951\/1 a shoda s normou Evropsk\u00e9 unie PN-EN 840. Kontejnery zna\u010dky ESE jsou ozna\u010deny zna\u010dkou CE a maj\u00ed certifik\u00e1ty zaru\u010duj\u00edc\u00ed spln\u011bn\u00ed po\u017eadavk\u016f na ochranu proti hluku.<\/p>\n\n<p>Zelen\u00fd kontejner o objemu 1100 l vyr\u00e1b\u011bn\u00fd n\u011bmeckou zna\u010dkou ESE je nejfunk\u010dn\u011bj\u0161\u00ed, nejodoln\u011bj\u0161\u00ed a z\u00e1rove\u0148 estetick\u00fd venkovn\u00ed m\u011bstsk\u00fd kontejner dostupn\u00fd na polsk\u00e9m trhu. Kontejner ESE m\u00e1 ploch\u00e9, lehk\u00e9 v\u00edko a praktickou sadu \u010dty\u0159 pry\u017eov\u00fdch kol s dodate\u010dn\u00fdm krytem pro zpevn\u011bn\u00ed a brzdami na p\u0159edn\u00edch kolech, d\u00edky \u010demu\u017e se snadno pou\u017e\u00edv\u00e1 a p\u0159i p\u0159eprav\u011b je tich\u00fd.<\/p>\n\n<p>Vysoce kvalitn\u00ed kontejner na odpad zna\u010dky ESE 1100 l<\/p>\n\n<p>T\u0159\u00edd\u011bn\u00ed pr\u016fmyslov\u00e9ho odpadu ve firm\u011b vy\u017eaduje pou\u017eit\u00ed profesion\u00e1ln\u00edch kontejner\u016f, kter\u00e9 vydr\u017e\u00ed \u010dast\u00e9 pou\u017e\u00edv\u00e1n\u00ed a provoz. Kontejnery MGB by m\u011bly b\u00fdt vyrobeny z tlust\u00e9ho materi\u00e1lu odoln\u00e9ho proti po\u0161kozen\u00ed a z\u00e1rove\u0148 snadno p\u0159epraviteln\u00e9 a vyprazd\u0148ovateln\u00e9.<\/p>\n\n<p>N\u011bmeck\u00e9 kontejnery na komun\u00e1ln\u00ed odpad zna\u010dky ESE maj\u00ed vlastnosti, kter\u00e9 je odli\u0161uj\u00ed od ostatn\u00edch kontejner\u016f vysokou kvalitou a odolnost\u00ed.<\/p>\n\n<ul class=\"wp-block-list\">\n<li>Kontejnery ESE jsou vyrobeny z vysoce hust\u00e9ho materi\u00e1lu PE\u2011HD, d\u00edky \u010demu\u017e je cel\u00e1 konstrukce n\u00e1doby \u2014 st\u011bny, dno a v\u00edko \u2014 odoln\u00e1 proti deformac\u00edm a prom\u00e1\u010dknut\u00ed.<\/li>\n\n\n\n<li>Kontejnery jsou odoln\u00e9 v\u016f\u010di slune\u010dn\u00edmu z\u00e1\u0159en\u00ed a maj\u00ed vysokou odolnost v\u016f\u010di n\u00edzk\u00fdm i vysok\u00fdm teplot\u00e1m. 1100litrov\u00e9 kontejnery na komun\u00e1ln\u00ed odpad jsou navr\u017eeny pro venkovn\u00ed t\u0159\u00edd\u011bn\u00ed odpadu za v\u0161ech pov\u011btrnostn\u00edch podm\u00ednek.<\/li>\n\n\n\n<li>Vysokohustotn\u00ed polyethylen pou\u017eit\u00fd p\u0159i v\u00fdrob\u011b n\u00e1dob ESE 1100L zaru\u010duje zachov\u00e1n\u00ed intenzity zelen\u00e9 barvy.<\/li>\n\n\n\n<li>ESE zna\u010dkov\u00e9 kontejnery na odpad se tak\u00e9 vyzna\u010duj\u00ed odolnost\u00ed v\u016f\u010di chemik\u00e1li\u00edm, kter\u00e9 jsou v nich uchov\u00e1v\u00e1ny. Kontejnery lze pou\u017e\u00edt k odd\u011blen\u00e9mu ukl\u00e1d\u00e1n\u00ed odpad\u016f po v\u00fdrob\u011b, kter\u00e9 obsahuj\u00ed zbytky \u010distic\u00edch prost\u0159edk\u016f nebo jin\u00fdch podobn\u00fdch l\u00e1tek, je\u017e mohou b\u00fdt pova\u017eov\u00e1ny za nebezpe\u010dn\u00e9.<\/li>\n<\/ul>\n\n<p>ESE kontejnery upraven\u00e9 pro v\u00fdboj h\u0159ebenu<\/p>\n\n<p>Kontejnery zna\u010dky ESE o objemu 1100 l jsou uzp\u016fsobeny pro vysyp\u00e1v\u00e1n\u00ed pomoc\u00ed h\u0159ebenov\u00e9ho mechanismu i pro vysyp\u00e1v\u00e1n\u00ed podle normy DIN. Kontejner MGB od ESE lze snadno vypr\u00e1zdnit v\u0161emi svozov\u00fdmi vozy sb\u00edraj\u00edc\u00edmi odpad v Polsku.<\/p>\n\n<p>Jmenovit\u00e1 hmotnost kontejner\u016f ESE o kapacit\u011b 1100 l je 510 kg a jde o nejvy\u0161\u0161\u00ed mo\u017enou jmenovitou zat\u011b\u017eovac\u00ed hmotnost pro kontejnery o kapacit\u011b 1100 l mezi v\u0161emi plastov\u00fdmi pr\u016fmyslov\u00fdmi kontejnery.<\/p>\n\n<p><\/p>\n","protected":false},"excerpt":{"rendered":"<ul>\n<li class=\"whitespace-normal break-words\"><strong>Odoln\u00fd materi\u00e1l PE-HD<\/strong> \u2013 odoln\u00fd proti UV z\u00e1\u0159en\u00ed a se \u0161irok\u00fdm teplotn\u00edm rozsahem, ide\u00e1ln\u00ed pro venkovn\u00ed pou\u017eit\u00ed<\/li>\n<li class=\"whitespace-normal break-words\"><strong>Jmenovit\u00e1 kapacita a\u017e 510 kg<\/strong> \u2013 nejvy\u0161\u0161\u00ed mezi 1100l kontejnery na evropsk\u00e9m trhu<\/li>\n<li class=\"whitespace-normal break-words\"><strong>Gumov\u00fd syst\u00e9m kol \u00d8 20 cm s brzdami a zes\u00edlen\u00fdmi kryty<\/strong> \u2013 tich\u00fd a snadn\u00fd transport<\/li>\n<li class=\"whitespace-normal break-words\"><strong>Zes\u00edlen\u00e1 konstrukce s kovov\u00fdmi vlo\u017ekami v bo\u010dn\u00edch \u010dep\u00edch a ergonomick\u00fdmi rukoje\u0165mi<\/strong><\/li>\n<li class=\"whitespace-normal break-words\"><strong>Kompatibiln\u00ed se sb\u011bra\u010dov\u00fdmi vozy<\/strong> \u2013 p\u0159izp\u016fsobeno pro h\u0159ebenov\u00e9 a DIN typy vykl\u00e1dky<\/li>\n<li class=\"whitespace-normal break-words\"><strong>Kompletn\u00ed barevn\u00e1 \u0161k\u00e1la pro t\u0159\u00edd\u011bn\u00ed<\/strong> \u2013 \u010dern\u00e1, modr\u00e1, \u017elut\u00e1, zelen\u00e1, hn\u011bd\u00e1, \u010derven\u00e1<\/li>\n<li class=\"whitespace-normal break-words\"><strong>Kvalitn\u00ed certifikace<\/strong> \u2013 v souladu s normou PN-EN 840 a zna\u010dkou RAL-GZ951\/1, certifikov\u00e1no CE<\/li>\n<\/ul>\n","protected":false},"featured_media":320,"comment_status":"open","ping_status":"closed","template":"","meta":[],"product_brand":[77],"product_cat":[115,114],"product_tag":[],"class_list":{"0":"post-382","1":"product","2":"type-product","3":"status-publish","4":"has-post-thumbnail","6":"product_brand-ese","7":"product_cat-ctyrkolove-odpadkove-kontejnery-1100l","8":"product_cat-odpadove-kontejnery","10":"first","11":"instock","12":"taxable","13":"shipping-taxable","14":"purchasable","15":"product-type-simple"},"_links":{"self":[{"href":"https:\/\/eco-market24.com\/cs\/wp-json\/wp\/v2\/product\/382","targetHints":{"allow":["GET"]}}],"collection":[{"href":"https:\/\/eco-market24.com\/cs\/wp-json\/wp\/v2\/product"}],"about":[{"href":"https:\/\/eco-market24.com\/cs\/wp-json\/wp\/v2\/types\/product"}],"replies":[{"embeddable":true,"href":"https:\/\/eco-market24.com\/cs\/wp-json\/wp\/v2\/comments?post=382"}],"wp:featuredmedia":[{"embeddable":true,"href":"https:\/\/eco-market24.com\/cs\/wp-json\/wp\/v2\/media\/320"}],"wp:attachment":[{"href":"https:\/\/eco-market24.com\/cs\/wp-json\/wp\/v2\/media?parent=382"}],"wp:term":[{"taxonomy":"product_brand","embeddable":true,"href":"https:\/\/eco-market24.com\/cs\/wp-json\/wp\/v2\/product_brand?post=382"},{"taxonomy":"product_cat","embeddable":true,"href":"https:\/\/eco-market24.com\/cs\/wp-json\/wp\/v2\/product_cat?post=382"},{"taxonomy":"product_tag","embeddable":true,"href":"https:\/\/eco-market24.com\/cs\/wp-json\/wp\/v2\/product_tag?post=382"}],"curies":[{"name":"wp","href":"https:\/\/api.w.org\/{rel}","templated":true}]}}