{"id":383,"date":"2025-09-28T12:27:26","date_gmt":"2025-09-28T10:27:26","guid":{"rendered":"https:\/\/eco-market24.com\/product\/1100l-black-waste-container-ese\/"},"modified":"2025-10-15T08:28:54","modified_gmt":"2025-10-15T06:28:54","slug":"1100l-black-waste-container-ese","status":"publish","type":"product","link":"https:\/\/eco-market24.com\/cs\/produkt\/1100l-black-waste-container-ese\/","title":{"rendered":"1100l \u010dern\u00fd kontejner na odpad ESE"},"content":{"rendered":"\n<p>1100 l kontejner na odpad \u2013 Zaru\u010den\u00e1 kvalita v\u00fdrobku<\/p>\n\n<p>\u00da\u010dinn\u00e9 t\u0159\u00edd\u011bn\u00ed odpadu v komer\u010dn\u00edch provozech vy\u017eaduje vhodn\u00e9 kontejnery o objemu 1100 l, kter\u00e9 jsou odoln\u00e9, navr\u017een\u00e9 pro \u010dast\u00e9 pou\u017e\u00edv\u00e1n\u00ed a snadn\u00e9 vypr\u00e1zd\u0148ov\u00e1n\u00ed a \u00fadr\u017ebu.<\/p>\n\n<p>Kontejner 1100 l je vyr\u00e1b\u011bn z odoln\u00e9ho plastu PE\u2011HD technologi\u00ed vst\u0159ikov\u00e1n\u00ed. Polyethylen s vysokou hustotou zaji\u0161\u0165uje dlouhodobou st\u00e1lost barvy kontejneru MGB.<\/p>\n\n<p>Materi\u00e1l kontejneru je odoln\u00fd v\u016f\u010di UV z\u00e1\u0159en\u00ed a sn\u00e1\u0161\u00ed \u0161irok\u00e9 teplotn\u00ed rozmez\u00ed. D\u00edky tomu lze kontejner o objemu 1100 l skladovat venku za v\u0161ech pov\u011btrnostn\u00edch podm\u00ednek.<\/p>\n\n<p>Kontejner ESE 1100L m\u00e1 rovn\u011b\u017e vynikaj\u00edc\u00ed chemickou odolnost. Kontejner 1100L m\u016f\u017ee skladovat pr\u016fmyslov\u00fd odpad obsahuj\u00edc\u00ed zbytky \u010distic\u00edch prost\u0159edk\u016f a jin\u00e9 chemick\u00e9 p\u0159\u00edpravky. Plastov\u00fd materi\u00e1l se za jejich p\u016fsoben\u00ed nedeformuje ani nereaguje s chemik\u00e1liemi.<\/p>\n\n<p>Kontejner na odpad 1100 l \u2013 pohodl\u00ed a funk\u010dnost<\/p>\n\n<p>Kontejner MGB 1100 n\u011bmeck\u00e9 zna\u010dky ESE je funk\u010dn\u00ed, odoln\u00fd a esteticky p\u0159\u00edjemn\u00fd. Kontejner m\u00e1 ploch\u00e9 v\u00edko, pohodln\u00e1 tich\u00e1 gumov\u00e1 kole\u010dka o pr\u016fm\u011bru 20 cm, zes\u00edlen\u00e9 ochrann\u00e9 kryty a brzdy na p\u0159edn\u00edch kolech. D\u00edky tomu se 1100litrov\u00fd kontejner snadno p\u0159esouv\u00e1 a vyprazd\u0148uje.<\/p>\n\n<p>Konstrukce korby kontejneru 1100 l je nav\u00edc zes\u00edlena, zejm\u00e9na v oblastech nejv\u00edce vystaven\u00fdch nam\u00e1h\u00e1n\u00ed. Ka\u017ed\u00fd 1100litrov\u00fd odpadn\u00ed kontejner ESE je b\u011bhem v\u00fdroby po\u010d\u00edta\u010dov\u011b testov\u00e1n na odolnost.<\/p>\n\n<p>Kontejner o objemu 1100 litr\u016f m\u00e1 bo\u010dn\u00ed \u010depy vyztu\u017een\u00e9 kovov\u00fdmi trubkami, \u010dty\u0159i ergonomick\u00e1 madla na bo\u010dn\u00edch st\u011bn\u00e1ch a odtokov\u00fd otvor ve dn\u011b.<\/p>\n\n<p>Kontejner ESE 1100 l je k dispozici ve v\u0161ech barv\u00e1ch pro t\u0159\u00edd\u011bn\u00ed odpadu:<\/p>\n\n<ul class=\"wp-block-list\">\n<li>\u010cern\u00e1 \u2013 na sm\u011bsn\u00fd odpad<\/li>\n\n\n\n<li>Modr\u00fd 1100l kontejner na pap\u00edr<\/li>\n\n\n\n<li>\u017dlut\u00e1 \u2013 pro plasty<\/li>\n\n\n\n<li>Zelen\u00fd kontejner 1100 l na sklo<\/li>\n\n\n\n<li>Hn\u011bd\u00e1 \u2013 na bioodpad<\/li>\n\n\n\n<li>\u010cerven\u00e1 \u2013 pro kov<\/li>\n<\/ul>\n\n<p>Kontejner ESE 1100 litr\u016f &#8211; normy a certifikace<\/p>\n\n<p>Potvrzen\u00edm vysok\u00e9 odolnosti v\u016f\u010di vliv\u016fm prost\u0159ed\u00ed, kter\u00e1 charakterizuje kontejner ESE black 1100 l, je shoda s evropskou normou PN\u2011EN 840 a nejvy\u0161\u0161\u00ed mezin\u00e1rodn\u00ed zna\u010dkou kvality RAL\u2011GZ951\/1. Kontejner 1100 l rovn\u011b\u017e z\u00edskal certifik\u00e1ty potvrzuj\u00edc\u00ed spln\u011bn\u00ed po\u017eadavk\u016f na ochranu proti hluku a nese zna\u010dku CE.<\/p>\n\n<p>1100litrov\u00fd kontejner p\u0159izp\u016fsoben\u00fd pro vypou\u0161t\u011bn\u00ed pl\u00e1st\u016f<\/p>\n\n<p>To je jedna z nejd\u016fle\u017eit\u011bj\u0161\u00edch vlastnost\u00ed kontejner\u016f o objemu 1100 l. Odpadn\u00ed kontejner ESE o objemu 1100 litr\u016f je upraven pro uchycen\u00ed k h\u0159ebenov\u00fdm vyprazd\u0148ovac\u00edm mechanism\u016fm i k vyprazd\u0148ov\u00e1n\u00ed podle normy DIN. M\u011bstsk\u00e9 kontejnery ESE jsou kompatibiln\u00ed se v\u0161emi tradi\u010dn\u00edmi popel\u00e1\u0159sk\u00fdmi vozy jezd\u00edc\u00edmi po cel\u00e9m Polsku.<\/p>\n\n<p>Rozm\u011bry a hmotnost kontejneru 1100 l<\/p>\n\n<p>Kontejner na odpad ESE o objemu 1100 litr\u016f m\u00e1 n\u00e1sleduj\u00edc\u00ed rozm\u011bry:<\/p>\n\n<ul class=\"wp-block-list\">\n<li>V\u00fd\u0161ka \u2013 137 cm<\/li>\n\n\n\n<li>\u0160\u00ed\u0159ka \u2013 137,5 cm<\/li>\n\n\n\n<li>Hloubka \u2013 107,5 cm<\/li>\n<\/ul>\n\n<p>Kolik v\u00e1\u017e\u00ed kontejner o objemu 1100 l? Skute\u010dn\u00e1 hmotnost 1100litrov\u00e9ho kontejneru na odpad je 49 kg. Nomin\u00e1ln\u00ed hmotnost 1100l kontejneru p\u0159i napln\u011bn\u00ed v\u0161ak m\u016f\u017ee dos\u00e1hnout a\u017e 510 kg, co\u017e je nejvy\u0161\u0161\u00ed nomin\u00e1ln\u00ed kapacita mezi v\u0161emi 1100l plastov\u00fdmi kontejnery na odpad na evropsk\u00e9m trhu.<\/p>\n","protected":false},"excerpt":{"rendered":"<ul>\n<li class=\"whitespace-normal break-words\"><strong>Odoln\u00fd materi\u00e1l PE-HD<\/strong> \u2013 odoln\u00fd proti UV z\u00e1\u0159en\u00ed a s \u0161irok\u00fdm teplotn\u00edm rozsahem, ide\u00e1ln\u00ed pro venkovn\u00ed pou\u017eit\u00ed<\/li>\n<li class=\"whitespace-normal break-words\"><strong>Jmenovit\u00e1 nosnost a\u017e 510 kg<\/strong> \u2013 nejvy\u0161\u0161\u00ed mezi 1100l kontejnery na evropsk\u00e9m trhu<\/li>\n<li class=\"whitespace-normal break-words\"><strong>Syst\u00e9m gumov\u00fdch kol \u00d8 20 cm s brzdami a zes\u00edlen\u00fdmi kryty<\/strong> \u2013 tich\u00fd a snadn\u00fd transport<\/li>\n<li class=\"whitespace-normal break-words\"><strong>Zes\u00edlen\u00e1 konstrukce s kovov\u00fdmi vlo\u017ekami v bo\u010dn\u00edch \u010depech a ergonomick\u00fdmi madly<\/strong><\/li>\n<li class=\"whitespace-normal break-words\"><strong>Kompatibilita s popel\u00e1\u0159sk\u00fdmi vozy<\/strong> \u2013 upraveno pro v\u00fdsypn\u00e9 syst\u00e9my typu h\u0159eben a DIN<\/li>\n<li class=\"whitespace-normal break-words\"><strong>Kompletn\u00ed barevn\u00e9 proveden\u00ed pro t\u0159\u00edd\u011bn\u00ed<\/strong> \u2013 \u010dern\u00e1, modr\u00e1, \u017elut\u00e1, zelen\u00e1, hn\u011bd\u00e1, \u010derven\u00e1<\/li>\n<li class=\"whitespace-normal break-words\"><strong>Certifikace kvality<\/strong> \u2013 v souladu s normou PN-EN 840 a zna\u010dkou RAL-GZ951\/1, certifikov\u00e1no CE<\/li>\n<\/ul>\n","protected":false},"featured_media":187,"comment_status":"open","ping_status":"closed","template":"","meta":[],"product_brand":[77],"product_cat":[115,114],"product_tag":[],"class_list":{"0":"post-383","1":"product","2":"type-product","3":"status-publish","4":"has-post-thumbnail","6":"product_brand-ese","7":"product_cat-ctyrkolove-odpadkove-kontejnery-1100l","8":"product_cat-odpadove-kontejnery","10":"first","11":"instock","12":"taxable","13":"shipping-taxable","14":"purchasable","15":"product-type-simple"},"_links":{"self":[{"href":"https:\/\/eco-market24.com\/cs\/wp-json\/wp\/v2\/product\/383","targetHints":{"allow":["GET"]}}],"collection":[{"href":"https:\/\/eco-market24.com\/cs\/wp-json\/wp\/v2\/product"}],"about":[{"href":"https:\/\/eco-market24.com\/cs\/wp-json\/wp\/v2\/types\/product"}],"replies":[{"embeddable":true,"href":"https:\/\/eco-market24.com\/cs\/wp-json\/wp\/v2\/comments?post=383"}],"wp:featuredmedia":[{"embeddable":true,"href":"https:\/\/eco-market24.com\/cs\/wp-json\/wp\/v2\/media\/187"}],"wp:attachment":[{"href":"https:\/\/eco-market24.com\/cs\/wp-json\/wp\/v2\/media?parent=383"}],"wp:term":[{"taxonomy":"product_brand","embeddable":true,"href":"https:\/\/eco-market24.com\/cs\/wp-json\/wp\/v2\/product_brand?post=383"},{"taxonomy":"product_cat","embeddable":true,"href":"https:\/\/eco-market24.com\/cs\/wp-json\/wp\/v2\/product_cat?post=383"},{"taxonomy":"product_tag","embeddable":true,"href":"https:\/\/eco-market24.com\/cs\/wp-json\/wp\/v2\/product_tag?post=383"}],"curies":[{"name":"wp","href":"https:\/\/api.w.org\/{rel}","templated":true}]}}