{"id":394,"date":"2025-09-28T18:40:00","date_gmt":"2025-09-28T16:40:00","guid":{"rendered":"https:\/\/eco-market24.com\/product\/1100l-brown-waste-container-ese\/"},"modified":"2025-09-30T16:06:05","modified_gmt":"2025-09-30T14:06:05","slug":"1100l-brown-waste-container-ese","status":"publish","type":"product","link":"https:\/\/eco-market24.com\/cs\/produkt\/1100l-brown-waste-container-ese\/","title":{"rendered":"1100l hn\u011bd\u00fd kontejner na odpad ESE"},"content":{"rendered":"\n<p>Kontejner 1100 l se standardem kvality RAL\u2011GZ951\/1<\/p>\n\n<p>Potvrzen\u00edm nejvy\u0161\u0161\u00ed kvality kontejner\u016f ESE na komun\u00e1ln\u00ed odpad a jejich odolnosti v\u016f\u010di vliv\u016fm prost\u0159ed\u00ed je jejich ozna\u010den\u00ed nejvy\u0161\u0161\u00edm sv\u011btov\u00fdm standardem kvality RAL-GZ951\/1 a certifikace v souladu s normou PN-EN 840. Kontejnery zna\u010dky ESE jsou ozna\u010deny zna\u010dkou CE a spl\u0148uj\u00ed v\u0161echny platn\u00e9 evropsk\u00e9 a n\u00e1rodn\u00ed normy.<\/p>\n\n<p>Hn\u011bd\u00fd kontejner MGB vyr\u00e1b\u011bn\u00fd n\u011bmeckou zna\u010dkou ESE je odoln\u00fd a z\u00e1rove\u0148 \u0161etrn\u00fd k \u017eivotn\u00edmu prost\u0159ed\u00ed, proto\u017ee je vyroben z recyklovateln\u00e9ho materi\u00e1lu.<\/p>\n\n<p>Kontejner MGB 1100 m\u00e1 ploch\u00e9, bezpe\u010dn\u00e9 v\u00edko a \u010dty\u0159i kola s v\u00fdztu\u017en\u00fdm krytem a brzdami na dvou p\u0159edn\u00edch kolech, co\u017e zjednodu\u0161uje jeho vypr\u00e1zdn\u011bn\u00ed a p\u0159epravu a zaji\u0161\u0165uje soulad s p\u0159edpisy o bezpe\u010dnosti a ochran\u011b zdrav\u00ed. Nav\u00edc m\u00e1 kontejner ve dn\u011b odtokov\u00fd otvor se z\u00e1tkou, kter\u00fd umo\u017e\u0148uje voln\u00fd odtok kapaln\u00fdch odpad\u016f.<\/p>\n\n<p>Z\u00e1ruka nejvy\u0161\u0161\u00ed kvality kontejneru na odpad ESE 1100L<\/p>\n\n<p>T\u0159\u00edd\u011bn\u00ed biologicky rozlo\u017eiteln\u00e9ho odpadu ve firm\u011b vy\u017eaduje pou\u017eit\u00ed profesion\u00e1ln\u00edch kontejner\u016f, kter\u00e9 vydr\u017e\u00ed \u010dast\u00e9 pou\u017e\u00edv\u00e1n\u00ed a v\u00edcelet\u00fd provoz. Kontejnery ESE jsou vyrobeny z materi\u00e1lu odoln\u00e9ho proti po\u0161kozen\u00ed, maj\u00ed zes\u00edlenou konstrukci a hladk\u00fd povrch, kter\u00fd usnad\u0148uje \u00fadr\u017ebu a udr\u017eov\u00e1n\u00ed \u010distoty.<\/p>\n\n<p>N\u011bmeck\u00e9 kontejnery ESE na odpad maj\u00ed vlastnosti, kter\u00e9 je z hlediska kvality a spolehlivosti odli\u0161uj\u00ed od ostatn\u00edch kontejner\u016f MGB.<\/p>\n\n<ul class=\"wp-block-list\">\n<li>Kontejnery ESE jsou vyrobeny z vysokohustotn\u00edho materi\u00e1lu HDPE, d\u00edky \u010demu\u017e je cel\u00e9 t\u011blo n\u00e1doby \u2013 zadn\u00ed a p\u0159edn\u00ed st\u011bny i dno kontejneru \u2013 odoln\u00e9 proti deformaci.<\/li>\n\n\n\n<li>Kontejner na odpad zna\u010dky ESE o objemu 1100 l umo\u017e\u0148uje nomin\u00e1ln\u00ed zat\u00ed\u017een\u00ed a\u017e 510 kg, co\u017e je nejvy\u0161\u0161\u00ed mo\u017en\u00e9 nomin\u00e1ln\u00ed zat\u00ed\u017een\u00ed mezi v\u0161emi plastov\u00fdmi obecn\u00edmi kontejnery o objemu 1100 l.<\/li>\n\n\n\n<li>Kontejnery o objemu 1100 l jsou vysoce odoln\u00e9 v\u016f\u010di UV z\u00e1\u0159en\u00ed a mrazu. Kontejnery na odpad o objemu 1100 l jsou navr\u017eeny pro venkovn\u00ed t\u0159\u00edd\u011bn\u00ed odpadu za v\u0161ech pov\u011btrnostn\u00edch podm\u00ednek.<\/li>\n\n\n\n<li>Plastov\u00fd materi\u00e1l, z n\u011bho\u017e je vyroben kontejner ESE na odpad, lze recyklovat. Kontejnery ESE na odpad jsou bezpe\u010dn\u00e9 pro \u017eivotn\u00ed prost\u0159ed\u00ed.<\/li>\n\n\n\n<li>Odpadkov\u00e9 ko\u0161e zna\u010dky ESE vynikaj\u00ed odolnost\u00ed v\u016f\u010di chemick\u00fdm l\u00e1tk\u00e1m.<\/li>\n<\/ul>\n\n<p>MGB kontejner p\u0159izp\u016fsoben\u00fd pro vykl\u00e1d\u00e1n\u00ed h\u0159ebenu<\/p>\n\n<p>\u010cty\u0159kolov\u00e9 kontejnery s ploch\u00fdmi v\u00edky zna\u010dky ESE lze vypr\u00e1zd\u0148ovat popel\u00e1\u0159sk\u00fdmi vozy s bo\u010dn\u00edm, p\u0159edn\u00edm i zadn\u00edm vykl\u00e1p\u011bn\u00edm. Kontejnery maj\u00ed bo\u010dn\u00ed \u010depy, d\u00edky nim\u017e jsou p\u0159izp\u016fsobeny pro mechanick\u00e9 vykl\u00e1p\u011bn\u00ed z libovoln\u00e9ho okraje kontejneru.<\/p>\n\n<p>Kontejnery spl\u0148uj\u00ed po\u017eadavky norem DIN a lze je vykl\u00e1dat metodou h\u0159ebenu. Zkuste znovu<\/p>\n","protected":false},"excerpt":{"rendered":"<ul>\n<li class=\"whitespace-normal break-words\"><strong>Odoln\u00fd materi\u00e1l PE-HD<\/strong> \u2013 UV odoln\u00fd a \u0161irok\u00fd teplotn\u00ed rozsah, ide\u00e1ln\u00ed pro venkovn\u00ed pou\u017eit\u00ed<\/li>\n<li class=\"whitespace-normal break-words\"><strong>Jmenovit\u00e1 nosnost a\u017e 510 kg<\/strong> \u2013 nejvy\u0161\u0161\u00ed mezi 1100l kontejnery na evropsk\u00e9m trhu<\/li>\n<li class=\"whitespace-normal break-words\"><strong>Gumov\u00fd kolov\u00fd syst\u00e9m \u00d8 20 cm s brzdami a zes\u00edlen\u00fdmi kryty<\/strong> \u2013 tich\u00fd a snadn\u00fd transport<\/li>\n<li class=\"whitespace-normal break-words\"><strong>Zes\u00edlen\u00e1 konstrukce s kovov\u00fdmi vlo\u017ekami v bo\u010dn\u00edch \u010dep\u016f a ergonomick\u00fdmi madly<\/strong><\/li>\n<li class=\"whitespace-normal break-words\"><strong>Kompatibiln\u00ed s popel\u00e1\u0159sk\u00fdmi vozy<\/strong> \u2013 p\u0159izp\u016fsobeno pro syst\u00e9my vykl\u00e1p\u011bn\u00ed typu comb a DIN<\/li>\n<li class=\"whitespace-normal break-words\"><strong>Kompletn\u00ed barevn\u00e1 \u0161k\u00e1la pro t\u0159\u00edd\u011bn\u00ed odpadu<\/strong> \u2013 \u010dern\u00e1, modr\u00e1, \u017elut\u00e1, zelen\u00e1, hn\u011bd\u00e1, \u010derven\u00e1<\/li>\n<li class=\"whitespace-normal break-words\"><strong>Kvalitn\u00ed certifikace<\/strong> \u2013 vyhovuje norm\u011b PN-EN 840 a zna\u010dce RAL-GZ951\/1, certifikov\u00e1no CE<\/li>\n<\/ul>\n","protected":false},"featured_media":314,"comment_status":"open","ping_status":"closed","template":"","meta":[],"product_brand":[77],"product_cat":[115,114],"product_tag":[],"class_list":{"0":"post-394","1":"product","2":"type-product","3":"status-publish","4":"has-post-thumbnail","6":"product_brand-ese","7":"product_cat-ctyrkolove-odpadkove-kontejnery-1100l","8":"product_cat-odpadove-kontejnery","10":"first","11":"instock","12":"taxable","13":"shipping-taxable","14":"purchasable","15":"product-type-simple"},"_links":{"self":[{"href":"https:\/\/eco-market24.com\/cs\/wp-json\/wp\/v2\/product\/394","targetHints":{"allow":["GET"]}}],"collection":[{"href":"https:\/\/eco-market24.com\/cs\/wp-json\/wp\/v2\/product"}],"about":[{"href":"https:\/\/eco-market24.com\/cs\/wp-json\/wp\/v2\/types\/product"}],"replies":[{"embeddable":true,"href":"https:\/\/eco-market24.com\/cs\/wp-json\/wp\/v2\/comments?post=394"}],"wp:featuredmedia":[{"embeddable":true,"href":"https:\/\/eco-market24.com\/cs\/wp-json\/wp\/v2\/media\/314"}],"wp:attachment":[{"href":"https:\/\/eco-market24.com\/cs\/wp-json\/wp\/v2\/media?parent=394"}],"wp:term":[{"taxonomy":"product_brand","embeddable":true,"href":"https:\/\/eco-market24.com\/cs\/wp-json\/wp\/v2\/product_brand?post=394"},{"taxonomy":"product_cat","embeddable":true,"href":"https:\/\/eco-market24.com\/cs\/wp-json\/wp\/v2\/product_cat?post=394"},{"taxonomy":"product_tag","embeddable":true,"href":"https:\/\/eco-market24.com\/cs\/wp-json\/wp\/v2\/product_tag?post=394"}],"curies":[{"name":"wp","href":"https:\/\/api.w.org\/{rel}","templated":true}]}}