{"id":1200,"date":"2025-09-29T16:22:24","date_gmt":"2025-09-29T14:22:24","guid":{"rendered":"https:\/\/eco-market24.com\/product\/stahlcontainer-kp7-ist-offen\/"},"modified":"2025-09-29T19:58:44","modified_gmt":"2025-09-29T17:58:44","slug":"stahlcontainer-kp7-ist-offen","status":"publish","type":"product","link":"https:\/\/eco-market24.com\/de\/produkt\/stahlcontainer-kp7-ist-offen\/","title":{"rendered":"Stahlcontainer KP7 ist offen"},"content":{"rendered":"<p>Robuste KP-7-Containerkonstruktion<br \/>\nKP-7-Container werden aus hochwertigem Stahlblech gefertigt, gew\u00e4hrleisten die Einhaltung von Qualit\u00e4tsstandards und einen effektiven Umgang mit Sperrm\u00fcll. In der Standardausf\u00fchrung ist die geschwei\u00dfte Stahlkonstruktion durch geschlossene Profile und kalt gewalzte Tr\u00e4ger verst\u00e4rkt. Die Universal-KP7-Container sind zus\u00e4tzlich durch korrosionshemmende Grundierungen gegen Witterung gesch\u00fctzt, die das Eindringen von Feuchtigkeit verhindern.<\/p>\n<p>KP7-Container f\u00fcr Hakenlift- und Torlift-Fahrzeuge<br \/>\nDie Container sind f\u00fcr drei Systeme ausgelegt. Sie k\u00f6nnen w\u00e4hlen:<\/p>\n<p>  KP-7-Container nur f\u00fcr Hakenlift-Fahrzeuge (Hakenh\u00f6he 1,2 m)<br \/>\n  Container nur f\u00fcr Torlift-Fahrzeuge<br \/>\n  Universal-KP7, kompatibel mit Torvorrichtungen (entspricht DIN 30720) und Hakenvorrichtungen (Hakenh\u00f6he 1,2 m)<\/p>\n<p>KP-7-Container \u2013 Einsatzgebiete<br \/>\nKP7-Container eignen sich zum Sammeln und Transportieren von sperrigen, schweren kommunalen, Bau- und Industrieabf\u00e4llen. Sie sind eine universelle L\u00f6sung f\u00fcr viele Standorte, Unternehmen und Einrichtungen, z. B.:<\/p>\n<p>  PSZOKs (Punkte zur separaten kommunalen Abfallsammlung)<br \/>\n  Kl\u00e4ranlagen<br \/>\n  Produktions- und Bauunternehmen<br \/>\n  Kommunalverwaltungen<br \/>\n  Friedh\u00f6fe<\/p>\n<p>Bauabfallcontainer k\u00f6nnen offen oder verschlie\u00dfbar mit mehreren Klappen ausgef\u00fchrt werden.<\/p>\n<p>KP-7-Container \u2013 Abmessungen und Materialst\u00e4rken<br \/>\nStandard-KP7-Varianten werden \u00fcblicherweise in zwei Gr\u00f6\u00dfen angeboten:<\/p>\n<p>  3400 \u00d7 1650 \u00d7 1010 mm \u2014 Volumen 6,5 m\u00b3<br \/>\n  3500 \u00d7 1700 \u00d7 1150 mm \u2014 Volumen 7 m\u00b3<\/p>\n<p>Abmessungen k\u00f6nnen an individuelle Anforderungen angepasst werden. \u00dcbliche Blechst\u00e4rken:<\/p>\n<p>  Seiten und Boden 3 mm<br \/>\n  Seiten 2 mm, Boden 3 mm<\/p>\n<p>Bauabfallcontainer \u2013 nach Ihren Bed\u00fcrfnissen<br \/>\nVerf\u00fcgbare Anpassungen:<\/p>\n<p>  Kundenwunschfarbe<br \/>\n  Dichte Ausf\u00fchrung mit durchgehender Schwei\u00dfnaht<br \/>\n  Oben angeschlagene Klappe (Standardcontainer haben T\u00fcren, die nach unten oder zur Seite \u00f6ffnen)<br \/>\n  Zus\u00e4tzliche Planenhaken<br \/>\n  Fertigung aus S500\u2013700-St\u00e4hlen (Streckgrenze Re = 500\u2013700 MPa)<br \/>\n  Premium-Varianten aus hochwertigen, rostfreien und verschlei\u00dffesten St\u00e4hlen (Raex, Hardox, Domex) \u2014 leichtere Konstruktion ohne Festigkeitsverlust<\/p>\n","protected":false},"excerpt":{"rendered":"<p>Robuste KP-7-Containerkonstruktion. Aus hochwertigem Stahl gefertigt erf\u00fcllen KP-7-Container strenge Qualit\u00e4tsstandards und sorgen f\u00fcr eine effiziente Sperrm\u00fcllentsorgung; die standardm\u00e4\u00dfige geschwei\u00dfte Stahlkonstruktion ist mit Profilen verst\u00e4rkt.<\/p>\n","protected":false},"featured_media":2023,"comment_status":"open","ping_status":"closed","template":"","meta":[],"product_brand":[],"product_cat":[210],"product_tag":[],"class_list":{"0":"post-1200","1":"product","2":"type-product","3":"status-publish","4":"has-post-thumbnail","6":"product_cat-stahlcontainer","8":"first","9":"instock","10":"taxable","11":"shipping-taxable","12":"purchasable","13":"product-type-simple"},"_links":{"self":[{"href":"https:\/\/eco-market24.com\/de\/wp-json\/wp\/v2\/product\/1200","targetHints":{"allow":["GET"]}}],"collection":[{"href":"https:\/\/eco-market24.com\/de\/wp-json\/wp\/v2\/product"}],"about":[{"href":"https:\/\/eco-market24.com\/de\/wp-json\/wp\/v2\/types\/product"}],"replies":[{"embeddable":true,"href":"https:\/\/eco-market24.com\/de\/wp-json\/wp\/v2\/comments?post=1200"}],"wp:featuredmedia":[{"embeddable":true,"href":"https:\/\/eco-market24.com\/de\/wp-json\/wp\/v2\/media\/2023"}],"wp:attachment":[{"href":"https:\/\/eco-market24.com\/de\/wp-json\/wp\/v2\/media?parent=1200"}],"wp:term":[{"taxonomy":"product_brand","embeddable":true,"href":"https:\/\/eco-market24.com\/de\/wp-json\/wp\/v2\/product_brand?post=1200"},{"taxonomy":"product_cat","embeddable":true,"href":"https:\/\/eco-market24.com\/de\/wp-json\/wp\/v2\/product_cat?post=1200"},{"taxonomy":"product_tag","embeddable":true,"href":"https:\/\/eco-market24.com\/de\/wp-json\/wp\/v2\/product_tag?post=1200"}],"curies":[{"name":"wp","href":"https:\/\/api.w.org\/{rel}","templated":true}]}}