{"id":1212,"date":"2025-09-29T16:22:23","date_gmt":"2025-09-29T14:22:23","guid":{"rendered":"https:\/\/eco-market24.com\/product\/stahlbehaelter-kp18\/"},"modified":"2025-09-29T19:58:47","modified_gmt":"2025-09-29T17:58:47","slug":"stahlbehaelter-kp18","status":"publish","type":"product","link":"https:\/\/eco-market24.com\/de\/produkt\/stahlbehaelter-kp18\/","title":{"rendered":"Stahlbeh\u00e4lter KP18"},"content":{"rendered":"<p>Container KP 18 f\u00fcr Industrie- und Bauabf\u00e4lle<br \/>\nDer Container KP 18 ist eine L\u00f6sung zur Sammlung und zum Transport von Abf\u00e4llen wie Metallschrott, Folien oder Altpapier. Er ist eine grundlegende Ausr\u00fcstung f\u00fcr kommunale Entsorgungsbetriebe und Recyclingh\u00f6fe. Er wird in Industrieunternehmen, Produktions- und Lagerhallen sowie in neu erschlossenen Wohngebieten eingesetzt. Der Container KP 18 eignet sich auch f\u00fcr kommunale Friedh\u00f6fe.<\/p>\n<p>Konstruktion und Ausf\u00fchrung<br \/>\nDer KP 18 ist ein offenes Modell, das mit einer Plane versehen werden kann. Er ist mit korrosionsschutzlackiertem Anstrich versehen \u2014 der Anwender kann eine Farbe aus einer breiten RAL-Palette w\u00e4hlen. Der Stahlcontainer entspricht DIN 30720 und ist kompatibel mit drei Systemen: Haken-, Tor- und Haken-und-Tor-System. Eine geschlossene Ausf\u00fchrung ist ebenfalls erh\u00e4ltlich.<\/p>\n<p>Materialien und Varianten<br \/>\nDer KP 18 wird in der Regel in zwei Blechversionen angeboten:<\/p>\n<p>  Leichtausf\u00fchrung: Seiten 2 mm, Boden 2,5 mm<br \/>\n  Schwerlastausf\u00fchrung: Seiten 2 mm, Boden 3 mm<\/p>\n<p>Die gesamte Konstruktion ist mit korrosionsschutzender Grundierung versehen, um vor Sonne, Regen und extremen Temperaturen zu sch\u00fctzen und ist best\u00e4ndig gegen mechanische Besch\u00e4digungen. Eine Ausf\u00fchrung aus Edelstahl ist ebenfalls verf\u00fcgbar.<\/p>\n<p>Handhabungskompatibilit\u00e4t<br \/>\nVerf\u00fcgbare, angepasste Modelle f\u00fcr:<\/p>\n<p>  Hakenfahrzeuge (Hakenh\u00f6he 1,2 m)<br \/>\n  Torfahrzeuge<br \/>\n  Kombinierte Haken\u2011und\u2011Tor\u2011Handhabung<\/p>\n<p>Abmessungen<br \/>\nStandard-Innenma\u00dfe (je nach Ausf\u00fchrung):<\/p>\n<p>  L\u00e4nge 4200 mm \u00d7 Breite 2300 mm \u00d7 H\u00f6he 1900 mm<br \/>\n  L\u00e4nge 3800 mm \u00d7 Breite 2300 mm \u00d7 H\u00f6he 2000 mm<\/p>\n<p>Container k\u00f6nnen nach individuellen Kundenanforderungen angepasst werden.<\/p>\n<p>Optionen und Zubeh\u00f6r<\/p>\n<p>  Plane und Befestigungshaken<br \/>\n  Geschlossene Ausf\u00fchrung mit festem Dach oder beweglichen D\u00e4chern (aufw\u00e4rts \u00f6ffnend)<br \/>\n  Schieb\u2011 oder klappbare D\u00e4cher (Aufzug an einer Seite)<br \/>\n  Hebelbet\u00e4tigtes Dach<br \/>\n  Durchgehende Schwei\u00dfnahtabdichtung<br \/>\n  Optionale Seiten\u00f6ffnungen<\/p>\n<p>Wesentliche Informationen<\/p>\n<p>  Konstruktion: Blech (Standard) oder Edelstahl<br \/>\n  Grundiert mit korrosionssch\u00fctzendem Primer<br \/>\n  Erh\u00e4ltlich in einer breiten RAL\u2011Palette<br \/>\n  Entspricht DIN 30720<br \/>\n  Kompatibel mit Haken-, Tor- und Haken\u2011und\u2011Tor\u2011Systemen<br \/>\n  Offenes Dach mit Planenoption; geschlossene Ausf\u00fchrungen und verschiedene Dachtypen verf\u00fcgbar<br \/>\n  Optionen: durchgehende Schwei\u00dfnahtabdichtung, Hebeldach, Seiten\u00f6ffnungen<\/p>\n","protected":false},"excerpt":{"rendered":"<p>Container KP 18 \u2013 ideal zum Sammeln und Transportieren von nachindustriellen und Bauabf\u00e4llen wie Metallsp\u00e4nen, Kunststofffolie und Altpapier. Unentbehrliche Ausstattung f\u00fcr kommunale Dienste und PSZOKs.<\/p>\n","protected":false},"featured_media":1556,"comment_status":"open","ping_status":"closed","template":"","meta":[],"product_brand":[],"product_cat":[210],"product_tag":[],"class_list":{"0":"post-1212","1":"product","2":"type-product","3":"status-publish","4":"has-post-thumbnail","6":"product_cat-stahlcontainer","8":"first","9":"instock","10":"taxable","11":"shipping-taxable","12":"purchasable","13":"product-type-simple"},"_links":{"self":[{"href":"https:\/\/eco-market24.com\/de\/wp-json\/wp\/v2\/product\/1212","targetHints":{"allow":["GET"]}}],"collection":[{"href":"https:\/\/eco-market24.com\/de\/wp-json\/wp\/v2\/product"}],"about":[{"href":"https:\/\/eco-market24.com\/de\/wp-json\/wp\/v2\/types\/product"}],"replies":[{"embeddable":true,"href":"https:\/\/eco-market24.com\/de\/wp-json\/wp\/v2\/comments?post=1212"}],"wp:featuredmedia":[{"embeddable":true,"href":"https:\/\/eco-market24.com\/de\/wp-json\/wp\/v2\/media\/1556"}],"wp:attachment":[{"href":"https:\/\/eco-market24.com\/de\/wp-json\/wp\/v2\/media?parent=1212"}],"wp:term":[{"taxonomy":"product_brand","embeddable":true,"href":"https:\/\/eco-market24.com\/de\/wp-json\/wp\/v2\/product_brand?post=1212"},{"taxonomy":"product_cat","embeddable":true,"href":"https:\/\/eco-market24.com\/de\/wp-json\/wp\/v2\/product_cat?post=1212"},{"taxonomy":"product_tag","embeddable":true,"href":"https:\/\/eco-market24.com\/de\/wp-json\/wp\/v2\/product_tag?post=1212"}],"curies":[{"name":"wp","href":"https:\/\/api.w.org\/{rel}","templated":true}]}}