{"id":1230,"date":"2025-09-29T16:22:21","date_gmt":"2025-09-29T14:22:21","guid":{"rendered":"https:\/\/eco-market24.com\/product\/stahlbehaelter-kp7-geschlossen\/"},"modified":"2025-09-29T19:58:52","modified_gmt":"2025-09-29T17:58:52","slug":"stahlbehaelter-kp7-geschlossen","status":"publish","type":"product","link":"https:\/\/eco-market24.com\/de\/produkt\/stahlbehaelter-kp7-geschlossen\/","title":{"rendered":"Stahlbeh\u00e4lter KP7 geschlossen"},"content":{"rendered":"<p>KP 7 Bauabfallcontainer \u2014 Massiver Stahlaufbau<br \/>\nMaterial: Geschwei\u00dfte Stahlblechkonstruktion, verst\u00e4rkt durch kaltgeformte Profile und geschlossene Profile. Mit korrosionsschutzgrundierten Lacken f\u00fcr langfristigen Schutz beschichtet. Optional Premium-Ausf\u00fchrung aus hochfesten St\u00e4hlen (Hardox, Domex, Raex) f\u00fcr \u00fcberlegene Abriebfestigkeit und reduziertes Gewicht erh\u00e4ltlich.<\/p>\n<p>Be- und Entladesysteme<br \/>\nKompatibilit\u00e4t: Drei Ladearten verf\u00fcgbar.<\/p>\n<p>  Universell geschlossenes KP7: funktioniert mit Hakenvorrichtungen (Hakenh\u00f6he 1200 mm) und Torvorrichtungen (DIN 30720-konform).<br \/>\n  Hakenlift-Version: nur f\u00fcr Hakenlift-Fahrzeuge (Hakenh\u00f6he 1200 mm).<br \/>\n  Torlift-Version: nur f\u00fcr Torlift-Fahrzeuge.<\/p>\n<p>Abmessungen, Kapazit\u00e4t und Blechst\u00e4rken<\/p>\n<p>  Standardgr\u00f6\u00dfen (L \u00d7 B \u00d7 H): 3450 \u00d7 1730 \u00d7 1460 mm und 3500 \u00d7 1700 \u00d7 1400 mm. Abmessungen k\u00f6nnen kundenspezifisch angepasst werden.<br \/>\n  Kapazit\u00e4t: 7 m\u00b3.<br \/>\n  Blechst\u00e4rken (Optionen):<br \/>\n    Seiten 2,5 mm, Dach 2 mm, Boden 3 mm<br \/>\n    Seiten 2 mm, Dach 2 mm, Boden 3 mm<\/p>\n<p>Anwendungsbereiche<br \/>\nDas KP7 ist ein universeller Container, geeignet f\u00fcr sicheren Transport und Lagerung schwerer kommunaler, Bau- und Industrieabf\u00e4lle. Verf\u00fcgbar als geschlossene oder offene (ohne Deckel) Ausf\u00fchrung. Typische Anwender sind Produktions- und Bauunternehmen, kommunale Wertstoffh\u00f6fe (PSZOKs), Kl\u00e4ranlagen, kommunale Verwaltungen und Friedh\u00f6fe.<\/p>\n<p>Individualisierungsm\u00f6glichkeiten<\/p>\n<p>  Oberschwenkklappe (Standard) oder T\u00fcren, die nach unten oder zur Seite \u00f6ffnen.<br \/>\n  Durchgehende Schwei\u00dfung f\u00fcr verbesserte Abdichtung.<br \/>\n  Fertigung aus h\u00f6herfesten St\u00e4hlen mit Streckgrenzen (Re) 500\u2013700 MPa.<br \/>\n  Planehaken.<br \/>\n  Standardfarbe: Gr\u00fcn; kundenspezifische Lackierung in jedem RAL-Farbton m\u00f6glich.<\/p>\n","protected":false},"excerpt":{"rendered":"<p>KP7 Bauabfallcontainer aus hochwertigem Stahl f\u00fcr dauerhafte, zuverl\u00e4ssige Handhabung von Bau- und Sperrm\u00fcll; wird in der Regel geschlossen geliefert.<\/p>\n","protected":false},"featured_media":1597,"comment_status":"open","ping_status":"closed","template":"","meta":[],"product_brand":[],"product_cat":[210],"product_tag":[],"class_list":{"0":"post-1230","1":"product","2":"type-product","3":"status-publish","4":"has-post-thumbnail","6":"product_cat-stahlcontainer","8":"first","9":"instock","10":"taxable","11":"shipping-taxable","12":"purchasable","13":"product-type-simple"},"_links":{"self":[{"href":"https:\/\/eco-market24.com\/de\/wp-json\/wp\/v2\/product\/1230","targetHints":{"allow":["GET"]}}],"collection":[{"href":"https:\/\/eco-market24.com\/de\/wp-json\/wp\/v2\/product"}],"about":[{"href":"https:\/\/eco-market24.com\/de\/wp-json\/wp\/v2\/types\/product"}],"replies":[{"embeddable":true,"href":"https:\/\/eco-market24.com\/de\/wp-json\/wp\/v2\/comments?post=1230"}],"wp:featuredmedia":[{"embeddable":true,"href":"https:\/\/eco-market24.com\/de\/wp-json\/wp\/v2\/media\/1597"}],"wp:attachment":[{"href":"https:\/\/eco-market24.com\/de\/wp-json\/wp\/v2\/media?parent=1230"}],"wp:term":[{"taxonomy":"product_brand","embeddable":true,"href":"https:\/\/eco-market24.com\/de\/wp-json\/wp\/v2\/product_brand?post=1230"},{"taxonomy":"product_cat","embeddable":true,"href":"https:\/\/eco-market24.com\/de\/wp-json\/wp\/v2\/product_cat?post=1230"},{"taxonomy":"product_tag","embeddable":true,"href":"https:\/\/eco-market24.com\/de\/wp-json\/wp\/v2\/product_tag?post=1230"}],"curies":[{"name":"wp","href":"https:\/\/api.w.org\/{rel}","templated":true}]}}