{"id":1368,"date":"2025-09-29T16:22:00","date_gmt":"2025-09-29T14:22:00","guid":{"rendered":"https:\/\/eco-market24.com\/product\/abfallbehaelter-120-l-gelb\/"},"modified":"2025-09-29T19:59:44","modified_gmt":"2025-09-29T17:59:44","slug":"abfallbehaelter-120-l-gelb","status":"publish","type":"product","link":"https:\/\/eco-market24.com\/de\/produkt\/abfallbehaelter-120-l-gelb\/","title":{"rendered":"Abfallbeh\u00e4lter 120 l, gelb"},"content":{"rendered":"<p>ESE Gelb 120 L M\u00fcllbeh\u00e4lter \u2014 \u00dcbersicht<br \/>\nDer 120\u2011l\u2011Kunststoffbeh\u00e4lter f\u00fcr Kleinbetriebe und Reihenhausgebiete \u2014 der ESE gelbe 120\u2011l\u2011M\u00fcllbeh\u00e4lter \u2014 ist eine erprobte L\u00f6sung f\u00fcr kleine familiengef\u00fchrte Unternehmen und kleine Wohnanlagen. Er wird von Besch\u00e4ftigten kleiner B\u00fcros oder Bewohnern von Reihenh\u00e4usern bzw. Einfamilienh\u00e4usern genutzt. Der 120\u2011l\u2011Kunststoffbeh\u00e4lter ist in Gelb ausgef\u00fchrt \u2014 gem\u00e4\u00df der nationalen Abfallsortiernorm \u2014 was die t\u00e4gliche Trennung von Kunststoff von anderem Abfall deutlich erleichtert. Der gelbe 120\u2011l\u2011M\u00fcllbeh\u00e4lter ist mit standardm\u00e4\u00dfigen Kammheber\u2011M\u00fcllfahrzeugen kompatibel.<br \/>\nDer 120\u2011l\u2011gelbe M\u00fcllbeh\u00e4lter besitzt ein Qualit\u00e4tszertifikat, das die Konformit\u00e4t mit der europ\u00e4ischen Norm PN\u2011EN 840 best\u00e4tigt, und entspricht zudem RAL\u2011Qualit\u00e4tsstandards. Der 120\u2011l\u2011Kunststoffbeh\u00e4lter von ESE wird seit 80 Jahren erfolgreich in St\u00e4dten in ganz Europa eingesetzt. Laufende Pr\u00fcfungen gew\u00e4hrleisten langlebige und ansprechende L\u00f6sungen. Der Produktionsprozess hat CO2\u2011Emissionen reduziert, und der Beh\u00e4lter erhielt eine Zertifizierung des Nationalen Instituts f\u00fcr \u00d6ffentliche Gesundheit, die keine negativen Umweltauswirkungen best\u00e4tigt. Der 120\u2011l\u2011gelbe Beh\u00e4lter ist eine umweltfreundliche L\u00f6sung.<\/p>\n<p>Haltbarkeit &#038; Konstruktion<br \/>\nDer 120\u2011l\u2011gelbe M\u00fcllbeh\u00e4lter mit zwei R\u00e4dern zeichnet sich durch hohe Qualit\u00e4t aus. Er besteht aus niedrigdruck\u2011Polyethylen (HDPE) und ist zus\u00e4tzlich durch Elektroverzinkung und Chrombeschichtung gesch\u00fctzt. Diese Materialien und die fortschrittliche Technologie machen den Beh\u00e4lter widerstandsf\u00e4hig gegen\u00fcber \u00e4u\u00dferen Einfl\u00fcssen \u2014 langanhaltende UV\u2011Strahlung, starke Niederschl\u00e4ge oder extrem niedrige Temperaturen beeintr\u00e4chtigen weder seine technische Beschaffenheit noch sein Erscheinungsbild. Er kann innen oder in halboffenen Au\u00dfenunterst\u00e4nden verwendet werden und ist sto\u00dffest.<\/p>\n<p>  Metallachsen aus geh\u00e4rtetem Stahl f\u00fcr echte Stabilit\u00e4t<br \/>\n  Gerippte Acht\u2011Rippen\u2011Buchse zur festen Montage<br \/>\n  Wabenstruktur f\u00fcr Dauerhaftigkeit bei intensiven Man\u00f6vern<\/p>\n<p>Ergonomie &#038; Merkmale<br \/>\nDie Fertigungstechnik des Herstellers verbindet Haltbarkeit und Sicherheit mit bemerkenswerter Leichtigkeit. Der Beh\u00e4lter verf\u00fcgt \u00fcber eine niedrige Wulst bei gleichzeitig ausreichender Steifigkeit, die eine Tragf\u00e4higkeit von bis zu 60 kg garantiert. Designelemente erleichtern die Handhabung und den Transport:<\/p>\n<p>  Funktionale Halterung f\u00fcr einfaches Tragen und sicheres Heben durch M\u00fcllfahrzeuge<br \/>\n  Optionales Fu\u00dfpedal f\u00fcr freih\u00e4ndiges \u00d6ffnen<br \/>\n  Gummir\u00e4der mit Abdeckungen f\u00fcr leisen Betrieb<br \/>\n  Ger\u00e4uschmindernde Vorrichtung beim Heben und Senken des Deckels<br \/>\n  Glatte Innenfl\u00e4che f\u00fcr einfache Reinigung<\/p>\n<p>Verf\u00fcgbare Farben<br \/>\nDer 120\u2011l\u2011M\u00fcllbeh\u00e4lter ist in f\u00fcnf RAL\u2011Farben erh\u00e4ltlich, um die Abfalltrennung zu erleichtern:<\/p>\n<p>  Gr\u00fcn \u2014 Glas<br \/>\n  Graphit \u2014 Restm\u00fcll<br \/>\n  Blau \u2014 Papier<br \/>\n  Braun \u2014 Bioabfall<br \/>\n  Gelb \u2014 Metall und Kunststoffe<\/p>\n<p>Wesentliche Informationen<\/p>\n<p>  Farbe: Gelb \u2014 f\u00fcr die Fraktion \u201eKunststoffe und Metalle\u201c<br \/>\n  Norm: PN\u2011EN 840 konform<br \/>\n  Zertifizierung: Nationales Institut f\u00fcr \u00d6ffentliche Gesundheit<br \/>\n  Material: HDPE mit zus\u00e4tzlichem Korrosionsschutz<br \/>\n  Achsen: Metall, geh\u00e4rteter Stahl<br \/>\n  R\u00e4der: 2 mit Abdeckungen f\u00fcr leisen Betrieb<br \/>\n  Ger\u00e4uschreduzierung: Beim Heben und Senken des Deckels<br \/>\n  Innenraum: Glatte Innenfl\u00e4che<\/p>\n","protected":false},"excerpt":{"rendered":"<p>120 l gelber Abfallbeh\u00e4lter \u2013 eine bew\u00e4hrte, praktische L\u00f6sung f\u00fcr kleine Unternehmen, Reihenh\u00e4user und Einfamilienh\u00e4user; ideal f\u00fcr kleine B\u00fcros und den Haushaltsgebrauch.<\/p>\n","protected":false},"featured_media":1786,"comment_status":"open","ping_status":"closed","template":"","meta":[],"product_brand":[],"product_cat":[146],"product_tag":[],"class_list":{"0":"post-1368","1":"product","2":"type-product","3":"status-publish","4":"has-post-thumbnail","6":"product_cat-abfallbehalter","8":"first","9":"instock","10":"taxable","11":"shipping-taxable","12":"purchasable","13":"product-type-simple"},"_links":{"self":[{"href":"https:\/\/eco-market24.com\/de\/wp-json\/wp\/v2\/product\/1368","targetHints":{"allow":["GET"]}}],"collection":[{"href":"https:\/\/eco-market24.com\/de\/wp-json\/wp\/v2\/product"}],"about":[{"href":"https:\/\/eco-market24.com\/de\/wp-json\/wp\/v2\/types\/product"}],"replies":[{"embeddable":true,"href":"https:\/\/eco-market24.com\/de\/wp-json\/wp\/v2\/comments?post=1368"}],"wp:featuredmedia":[{"embeddable":true,"href":"https:\/\/eco-market24.com\/de\/wp-json\/wp\/v2\/media\/1786"}],"wp:attachment":[{"href":"https:\/\/eco-market24.com\/de\/wp-json\/wp\/v2\/media?parent=1368"}],"wp:term":[{"taxonomy":"product_brand","embeddable":true,"href":"https:\/\/eco-market24.com\/de\/wp-json\/wp\/v2\/product_brand?post=1368"},{"taxonomy":"product_cat","embeddable":true,"href":"https:\/\/eco-market24.com\/de\/wp-json\/wp\/v2\/product_cat?post=1368"},{"taxonomy":"product_tag","embeddable":true,"href":"https:\/\/eco-market24.com\/de\/wp-json\/wp\/v2\/product_tag?post=1368"}],"curies":[{"name":"wp","href":"https:\/\/api.w.org\/{rel}","templated":true}]}}