{"id":1398,"date":"2025-09-29T16:21:57","date_gmt":"2025-09-29T14:21:57","guid":{"rendered":"https:\/\/eco-market24.com\/product\/60-l-abfallbehaelter\/"},"modified":"2025-09-29T20:00:47","modified_gmt":"2025-09-29T18:00:47","slug":"60-l-abfallbehaelter","status":"publish","type":"product","link":"https:\/\/eco-market24.com\/de\/produkt\/60-l-abfallbehaelter\/","title":{"rendered":"60-l-Abfallbeh\u00e4lter"},"content":{"rendered":"<p>Container 60 L f\u00fcr Unternehmen und Wohnanlagen<br \/>\nDer 60-L-Container ist eine bew\u00e4hrte L\u00f6sung zur sinnvollen Abfalltrennung in Wohnanlagen und kleinen Betrieben. Er ist eine ausgezeichnete Wahl f\u00fcr Kleinunternehmer und Bewohner von Reihenh\u00e4usern, Mehrfamilienh\u00e4usern oder Einfamilienh\u00e4usern. Der 60-L-M\u00fcllcontainer auf zwei R\u00e4dern, erh\u00e4ltlich in 5 RAL-Farben, erleichtert die Abfalltrennung und erm\u00f6glicht die Umsetzung \u00f6kologisch sinnvoller Richtlinien. Die deutsche Marke ESE liefert seit 80 Jahren Container mit L\u00f6sungen, die in vielen St\u00e4dten Europas zu finden sind.<\/p>\n<p>Normen und Zertifizierung<br \/>\nDieser 60-L-Container entspricht RAL-GZ 951\/1 und ist vom Nationalen Institut f\u00fcr \u00f6ffentliche Gesundheit zertifiziert, was hohe Qualit\u00e4t, t\u00e4gliche Sicherheit und minimale Umweltbelastung garantiert. Der Container ist f\u00fcr Kammheber-Leerung nach DIN-Normen angepasst.<\/p>\n<p>Haltbarkeit und Aufbau<br \/>\nDer 2-Rad-60-L-M\u00fcllcontainer bietet hohe Haltbarkeit und kann drinnen oder in Au\u00dfenunterst\u00e4nden (einschlie\u00dflich halboffener oder offener Unterst\u00e4nde) verwendet werden. Wichtige Konstruktionsmerkmale:<\/p>\n<p>&#8211; Material: hochdichtes Niederdruckpolyethylen, best\u00e4ndig gegen UV, extreme Temperaturen und Regen<br \/>\n&#8211; Korrosionsschutz: elektroverzinkt und verchromt<br \/>\n&#8211; Achsen: Metallachsen aus geh\u00e4rtetem Stahl f\u00fcr Stabilit\u00e4t<br \/>\n&#8211; Struktur: Wabenaufbau f\u00fcr hohe Schlagfestigkeit und lange Lebensdauer<\/p>\n<p>Komfort und Ergonomie<br \/>\nDer 60-L-Container verf\u00fcgt \u00fcber ein benutzerfreundliches Design f\u00fcr komfortable und sichere Handhabung:<\/p>\n<p>&#8211; Griff f\u00fcr einfachen Transport<br \/>\n&#8211; Tritt zum Schutz der Wirbels\u00e4ule bei Man\u00f6vern<br \/>\n&#8211; R\u00e4der: 2 Gummir\u00e4der, 200 mm Durchmesser, f\u00fcr einfaches Bewegen und Ger\u00e4uschd\u00e4mpfung<br \/>\n&#8211; Innenfl\u00e4che: glatte Oberfl\u00e4che f\u00fcr schnelle und einfache Reinigung, reduziert Geruchsbildung<\/p>\n<p>Abfalltrennungsfarben<br \/>\nErh\u00e4ltlich in 5 RAL-Farben zur einfachen Trennung:<\/p>\n<p>&#8211; Graphit \u2014 Restm\u00fcll<br \/>\n&#8211; Gr\u00fcn \u2014 Glas<br \/>\n&#8211; Blau \u2014 Papier<br \/>\n&#8211; Braun \u2014 Bioabfall<br \/>\n&#8211; Gelb \u2014 Metall und Kunststoffe<\/p>\n<p>Wichtige Informationen<\/p>\n<p>&#8211; Entspricht RAL-GZ 951\/1<br \/>\n&#8211; Zertifizierung durch das Nationale Institut f\u00fcr \u00f6ffentliche Gesundheit<br \/>\n&#8211; F\u00fcr Kammheber-Leerung (DIN) angepasst<br \/>\n&#8211; 5 RAL-konforme Farben<br \/>\n&#8211; Geh\u00e4use aus hochdichtem Niederdruckpolyethylen<br \/>\n&#8211; Metallachsen aus geh\u00e4rtetem Stahl<br \/>\n&#8211; 2 Gummir\u00e4der<br \/>\n&#8211; Praktischer Griff<br \/>\n&#8211; Wirbels\u00e4ulensch\u00fctzender Tritt<\/p>\n","protected":false},"excerpt":{"rendered":"<p>60\u2011l\u2011Abfallbeh\u00e4lter \u2013 eine bew\u00e4hrte L\u00f6sung f\u00fcr effiziente Abfalltrennung in Wohnsiedlungen und kleinen Unternehmen. Ideal f\u00fcr Kleinunternehmer sowie Bewohner von Reihen-, Mehrfamilien- und Einfamilienh\u00e4usern.<\/p>\n","protected":false},"featured_media":2098,"comment_status":"open","ping_status":"closed","template":"","meta":[],"product_brand":[],"product_cat":[146],"product_tag":[],"class_list":{"0":"post-1398","1":"product","2":"type-product","3":"status-publish","4":"has-post-thumbnail","6":"product_cat-abfallbehalter","8":"first","9":"instock","10":"taxable","11":"shipping-taxable","12":"purchasable","13":"product-type-simple"},"_links":{"self":[{"href":"https:\/\/eco-market24.com\/de\/wp-json\/wp\/v2\/product\/1398","targetHints":{"allow":["GET"]}}],"collection":[{"href":"https:\/\/eco-market24.com\/de\/wp-json\/wp\/v2\/product"}],"about":[{"href":"https:\/\/eco-market24.com\/de\/wp-json\/wp\/v2\/types\/product"}],"replies":[{"embeddable":true,"href":"https:\/\/eco-market24.com\/de\/wp-json\/wp\/v2\/comments?post=1398"}],"wp:featuredmedia":[{"embeddable":true,"href":"https:\/\/eco-market24.com\/de\/wp-json\/wp\/v2\/media\/2098"}],"wp:attachment":[{"href":"https:\/\/eco-market24.com\/de\/wp-json\/wp\/v2\/media?parent=1398"}],"wp:term":[{"taxonomy":"product_brand","embeddable":true,"href":"https:\/\/eco-market24.com\/de\/wp-json\/wp\/v2\/product_brand?post=1398"},{"taxonomy":"product_cat","embeddable":true,"href":"https:\/\/eco-market24.com\/de\/wp-json\/wp\/v2\/product_cat?post=1398"},{"taxonomy":"product_tag","embeddable":true,"href":"https:\/\/eco-market24.com\/de\/wp-json\/wp\/v2\/product_tag?post=1398"}],"curies":[{"name":"wp","href":"https:\/\/api.w.org\/{rel}","templated":true}]}}