{"id":1434,"date":"2025-09-29T16:21:50","date_gmt":"2025-09-29T14:21:50","guid":{"rendered":"https:\/\/eco-market24.com\/product\/abfallbehaelter-1100-l-ese-geteilter-deckel-mit-klappe-in-klappe-schwarz\/"},"modified":"2025-09-29T20:00:57","modified_gmt":"2025-09-29T18:00:57","slug":"abfallbehaelter-1100-l-ese-geteilter-deckel-mit-klappe-in-klappe-schwarz","status":"publish","type":"product","link":"https:\/\/eco-market24.com\/de\/produkt\/abfallbehaelter-1100-l-ese-geteilter-deckel-mit-klappe-in-klappe-schwarz\/","title":{"rendered":"Abfallbeh\u00e4lter 1100 l ESE, geteilter Deckel mit Klappe-in-Klappe, schwarz"},"content":{"rendered":"<p>Zertifizierte Haltbarkeit<br \/>\nKonformit\u00e4t: Entspricht der EU\u2011Norm PN\u2011EN 840 und tr\u00e4gt das Qualit\u00e4tszeichen RAL\u2011GZ951\/1.<br \/>\nKonstruktion: Verst\u00e4rkter Korpus mit profilierter Front- und R\u00fcckwand; hochbelastete Bereiche (insbesondere der Boden) auf Dauerhaftigkeit gepr\u00fcft.<br \/>\nMaterial: Spritzgegossenes HD\u2011PE (hochdichtes Polyethylen), UV\u2011 und witterungsbest\u00e4ndig. Chemikalienbest\u00e4ndig \u2013 geeignet f\u00fcr verschiedene kommunale und industrielle Abf\u00e4lle.<\/p>\n<p>Innovatives Klappdeckel\u2011Design<br \/>\nKlapp\u2011in\u2011Deckel\u2011System: Ersetzt den standardm\u00e4\u00dfigen flachen Deckel durch eine kleinere, leichtere Klappe, bei der nur ein kleiner Abschnitt zum Einwurf angehoben werden muss.<br \/>\nHaltbarkeit &#038; Kompatibilit\u00e4t: Flexibler Deckel mit gro\u00dfem Bewegungsbereich verhindert Beeintr\u00e4chtigungen durch Verdichtungsmechanismen und macht Br\u00fcche oder Scharnierbesch\u00e4digungen nahezu unm\u00f6glich.<\/p>\n<p>Barrierefrei<\/p>\n<p>  Einfache Bedienung: Kleinere 1,3\u2011kg\u2011Klappe kann mit einer Hand vollst\u00e4ndig ge\u00f6ffnet werden \u2013 ideal f\u00fcr \u00e4ltere oder schw\u00e4chere Nutzer.<br \/>\n  Rollstuhlgerecht: Zus\u00e4tzliche Aufnahme an der Seite des Deckels f\u00fcr einfachere Bedienung.<br \/>\n  Platzsparend: Es muss nur die Klappe ge\u00f6ffnet werden, wodurch der ben\u00f6tigte Freiraum reduziert wird.<\/p>\n<p>\u00d6kologisch und benutzerfreundlich<\/p>\n<p>  Leise Gummir\u00e4der; Option zum Nachr\u00fcsten von Ger\u00e4uschd\u00e4mpfern am vorderen Deckel.<br \/>\n  Praktische Griffe an beiden Deckeln und eine glatte, leicht zu reinigende Oberfl\u00e4che.<br \/>\n  Erh\u00e4ltlich in Standard\u2011Trennfarbt\u00f6nen f\u00fcr geteilte Deckel.<br \/>\n  Umweltzertifizierung: Tr\u00e4gt das Blaue Engel\u2011Siegel und besteht aus recycelten Materialien.<\/p>\n<p>Ideal f\u00fcr Unternehmen und Gemeinden<br \/>\nAnwendungen: Geeignet f\u00fcr Firmen, Institutionen und Wohnanlagen, die langlebige, funktionale kommunale Abfallbeh\u00e4lter suchen.<br \/>\nKompatibilit\u00e4t: Angepasst f\u00fcr DIN\u2011Typ Entleerung und Kamm\u2011Hebemechanismen; kompatibel mit g\u00e4ngigen M\u00fcllfahrzeugen in Polen.<br \/>\nOptionen: Erh\u00e4ltlich mit dem \u201eKlappe im Deckel\u201c Split\u2011Deckel oder der klassischen flachen \u201eDeckel im Deckel\u201c\u2011Variante.<\/p>\n","protected":false},"excerpt":{"rendered":"<p>Zertifizierte Haltbarkeit des 1100\u2011Liter\u2011Abfallbeh\u00e4lters \u2013 offiziell konform mit der EU\u2011Norm PN\u2011EN 840 und mit dem G\u00fctezeichen RAL\u2011GZ 951\/1<\/p>\n","protected":false},"featured_media":1530,"comment_status":"open","ping_status":"closed","template":"","meta":[],"product_brand":[],"product_cat":[146],"product_tag":[],"class_list":{"0":"post-1434","1":"product","2":"type-product","3":"status-publish","4":"has-post-thumbnail","6":"product_cat-abfallbehalter","8":"first","9":"instock","10":"taxable","11":"shipping-taxable","12":"purchasable","13":"product-type-simple"},"_links":{"self":[{"href":"https:\/\/eco-market24.com\/de\/wp-json\/wp\/v2\/product\/1434","targetHints":{"allow":["GET"]}}],"collection":[{"href":"https:\/\/eco-market24.com\/de\/wp-json\/wp\/v2\/product"}],"about":[{"href":"https:\/\/eco-market24.com\/de\/wp-json\/wp\/v2\/types\/product"}],"replies":[{"embeddable":true,"href":"https:\/\/eco-market24.com\/de\/wp-json\/wp\/v2\/comments?post=1434"}],"wp:featuredmedia":[{"embeddable":true,"href":"https:\/\/eco-market24.com\/de\/wp-json\/wp\/v2\/media\/1530"}],"wp:attachment":[{"href":"https:\/\/eco-market24.com\/de\/wp-json\/wp\/v2\/media?parent=1434"}],"wp:term":[{"taxonomy":"product_brand","embeddable":true,"href":"https:\/\/eco-market24.com\/de\/wp-json\/wp\/v2\/product_brand?post=1434"},{"taxonomy":"product_cat","embeddable":true,"href":"https:\/\/eco-market24.com\/de\/wp-json\/wp\/v2\/product_cat?post=1434"},{"taxonomy":"product_tag","embeddable":true,"href":"https:\/\/eco-market24.com\/de\/wp-json\/wp\/v2\/product_tag?post=1434"}],"curies":[{"name":"wp","href":"https:\/\/api.w.org\/{rel}","templated":true}]}}