{"id":1446,"date":"2025-09-29T16:21:49","date_gmt":"2025-09-29T14:21:49","guid":{"rendered":"https:\/\/eco-market24.com\/product\/1100-l-kunststoff-recyclingbehaelter\/"},"modified":"2025-09-29T20:01:01","modified_gmt":"2025-09-29T18:01:01","slug":"1100-l-kunststoff-recyclingbehaelter","status":"publish","type":"product","link":"https:\/\/eco-market24.com\/de\/produkt\/1100-l-kunststoff-recyclingbehaelter\/","title":{"rendered":"1100-L-Kunststoff-Recyclingbeh\u00e4lter"},"content":{"rendered":"<p>Container f\u00fcr Kunststoff 1100 L f\u00fcr Unternehmen, Institutionen und Wohnanlagen<\/p>\n<p>ese ist eine L\u00f6sung, die korrektes Abfalltrennen erleichtert. Sie ist eine ausgezeichnete Option f\u00fcr Gemeinden, St\u00e4dte, Institutionen, Unternehmen und Wohnanlagen. Die Marke ese f\u00fcr Container steht seit 80 Jahren in ganz Europa f\u00fcr hohe Qualit\u00e4t und \u00c4sthetik. Der Container erm\u00f6glicht die einfache Trennung von Kunststoffmaterialien, die zur Wiederverwendung geeignet sind, und ist eine umweltfreundliche L\u00f6sung \u2013 Trennung ist nicht nur eine von der Europ\u00e4ischen Union vorgeschriebene Pflicht, sondern auch vorteilhaft f\u00fcr den Planeten.<\/p>\n<p>Normen und Zertifizierung<br \/>\nDer Abfallcontainer 1100 L bietet sichere Nutzung und entspricht dem globalen Standard RAL-GZ 951\/1 und der europ\u00e4ischen Norm EN 840. Ein Zertifikat des Staatlichen Hygienischen Instituts best\u00e4tigt keine Belastung f\u00fcr die nat\u00fcrliche Umwelt. Der Container ist kompatibel mit M\u00fcllwagen mit Front-, Seiten- und Heckentladung mittels Seitenzapfen oder Frontkammleiste.<\/p>\n<p>Langlebiger, schlagfester gelber Container<br \/>\nDer 1100-L-Kunststoffcontainer eignet sich f\u00fcr geschlossene Abfallr\u00e4ume in B\u00fcrogeb\u00e4uden sowie halb offene Unterst\u00e4nde in Wohnanlagen. Er besteht aus hochdichtem Polyethylen, ist widerstandsf\u00e4hig gegen sch\u00e4dliche Witterungsbedingungen und S\u00e4uren und wird nicht durch UV-Strahlung, strenge Fr\u00f6ste oder starke Regenf\u00e4lle beeintr\u00e4chtigt. Kompakte Abmessungen und robuste Konstruktion erlauben vielseitige Nutzung, und eine \u00e4sthetische Ausf\u00fchrung gestattet die Aufstellung in offenen Bereichen wie Tiefgaragen.<\/p>\n<p>  Verst\u00e4rkte Gewebestruktur mit abgerundeten Vorder\u2011 und R\u00fcckkanten f\u00fcr \u00e4sthetische und funktionale Langlebigkeit<br \/>\n  Rechnergest\u00fctztes Design der Bodenplatte und der Elemente, die hohem Druck und Gewicht ausgesetzt sind<br \/>\n  Kammleiste entspricht DIN-Normen<br \/>\n  Jahre lange Best\u00e4ndigkeit gegen mechanische Besch\u00e4digungen<\/p>\n<p>Bequeme und praktische Merkmale<br \/>\nDie Tonne ist benutzerfreundlich und sicher:<\/p>\n<p>  Zwei \u00d6ffnungen im Deckel f\u00fcr Flaschen oder kleinere S\u00e4cke, ohne den gesamten Deckel anheben zu m\u00fcssen<br \/>\n  Vier R\u00e4der (\u00d8 200 mm) mit verst\u00e4rkten Abdeckungen und zwei vorderen Bremsen f\u00fcr Mobilit\u00e4t und Stabilit\u00e4t<br \/>\n  Vier ergonomische Griffe zum Bewegen<br \/>\n  Deckel mit seitlicher Wulst, die sich selbst schlie\u00dft und die Position anpasst, sodass die Aufstellung auf unebenem Gel\u00e4nde m\u00f6glich ist<br \/>\n  Optionales Zylinderschloss f\u00fcr gesicherte Standorte (z. B. Wohnanlagen)<br \/>\n  Glatte Oberfl\u00e4che f\u00fcr einfache Reinigung und Pflege<br \/>\n  Zentraler Ablassstopfen f\u00fcr zus\u00e4tzlichen Komfort<\/p>\n<p>Wesentliche Informationen<\/p>\n<p>  Fassungsverm\u00f6gen: 1100 L<br \/>\n  Farbe: Gelb<br \/>\n  2 \u00d6ffnungen im Deckel<br \/>\n  Rechnergest\u00fctzt ausgelegt f\u00fcr hohe Festigkeit<br \/>\n  Best\u00e4ndigkeit gegen S\u00e4uren, UV-Strahlen und Regen<br \/>\n  Entspricht RAL-GZ 951\/1 und PN EN 840<br \/>\n  Zertifikat des Staatlichen Hygienischen Instituts<br \/>\n  Mechanismus zum Schlie\u00dfen des Deckels mit Druckwirkung<br \/>\n  Bremsen an den Vorderr\u00e4dern f\u00fcr verbesserte Stabilit\u00e4t<br \/>\n  Leicht zu reinigen und instand zu halten<\/p>\n","protected":false},"excerpt":{"rendered":"<p>1100 l Kunststoff-Recyclingcontainer \u2013 langlebige, benutzerfreundliche L\u00f6sung f\u00fcr Gemeinden, Unternehmen, Institutionen und Wohnanlagen, die die korrekte Trennung und Sammlung von Kunststoffabf\u00e4llen erleichtert.<\/p>\n","protected":false},"featured_media":1703,"comment_status":"open","ping_status":"closed","template":"","meta":[],"product_brand":[],"product_cat":[146],"product_tag":[],"class_list":{"0":"post-1446","1":"product","2":"type-product","3":"status-publish","4":"has-post-thumbnail","6":"product_cat-abfallbehalter","8":"first","9":"instock","10":"taxable","11":"shipping-taxable","12":"purchasable","13":"product-type-simple"},"_links":{"self":[{"href":"https:\/\/eco-market24.com\/de\/wp-json\/wp\/v2\/product\/1446","targetHints":{"allow":["GET"]}}],"collection":[{"href":"https:\/\/eco-market24.com\/de\/wp-json\/wp\/v2\/product"}],"about":[{"href":"https:\/\/eco-market24.com\/de\/wp-json\/wp\/v2\/types\/product"}],"replies":[{"embeddable":true,"href":"https:\/\/eco-market24.com\/de\/wp-json\/wp\/v2\/comments?post=1446"}],"wp:featuredmedia":[{"embeddable":true,"href":"https:\/\/eco-market24.com\/de\/wp-json\/wp\/v2\/media\/1703"}],"wp:attachment":[{"href":"https:\/\/eco-market24.com\/de\/wp-json\/wp\/v2\/media?parent=1446"}],"wp:term":[{"taxonomy":"product_brand","embeddable":true,"href":"https:\/\/eco-market24.com\/de\/wp-json\/wp\/v2\/product_brand?post=1446"},{"taxonomy":"product_cat","embeddable":true,"href":"https:\/\/eco-market24.com\/de\/wp-json\/wp\/v2\/product_cat?post=1446"},{"taxonomy":"product_tag","embeddable":true,"href":"https:\/\/eco-market24.com\/de\/wp-json\/wp\/v2\/product_tag?post=1446"}],"curies":[{"name":"wp","href":"https:\/\/api.w.org\/{rel}","templated":true}]}}