{"id":1533,"date":"2025-09-29T16:20:50","date_gmt":"2025-09-29T14:20:50","guid":{"rendered":"https:\/\/eco-market24.com\/product\/recyclingbehaelter-4%e2%80%91fach-bonsai-4-x-60-l\/"},"modified":"2025-09-29T20:05:36","modified_gmt":"2025-09-29T18:05:36","slug":"recyclingbehaelter-4%e2%80%91fach-bonsai-4-x-60-l","status":"publish","type":"product","link":"https:\/\/eco-market24.com\/de\/produkt\/recyclingbehaelter-4%e2%80%91fach-bonsai-4-x-60-l\/","title":{"rendered":"Recyclingbeh\u00e4lter, 4\u2011fach Bonsai, 4 \u00d7 60 l"},"content":{"rendered":"<p>Recyclingbeh\u00e4lter, 4-Kammer, f\u00fcr Parks und St\u00e4dte<\/p>\n<p>Der 4-Kammer-Bonsai-Recyclingbeh\u00e4lter 4 x 60 L ist eine vielseitige L\u00f6sung, ideal f\u00fcr Parks, st\u00e4dtische \u00f6ffentliche R\u00e4ume, Kundenparkpl\u00e4tze und andere stark frequentierte Orte. In vier getrennte F\u00e4cher unterteilt, erm\u00f6glicht er eine bequeme Abfalltrennung, f\u00f6rdert das Recycling und reduziert Deponieabf\u00e4lle. Au\u00dfenstehende Trennbeh\u00e4lter sind praktisch und \u00e4sthetisch, f\u00fcgen sich in das Stadtbild ein und tragen dazu bei, \u00f6ffentliche R\u00e4ume sauber zu halten. Der Beh\u00e4lter eignet sich f\u00fcr Wohnanlagen, B\u00fcrogeb\u00e4ude, Tankstellen und andere Orte mit hohem t\u00e4glichem Besucheraufkommen.<\/p>\n<p>Konstruktion und Materialien<br \/>\nDer recyclingbeh\u00e4lter im Holzlook verf\u00fcgt \u00fcber vier 60\u2011L\u2011Kammern. Stahlelemente sind schwarz (RAL 9005) beschichtet, mit dekorativen WPC\u2011Leisten in Dunkelbraun. Die Nutzer k\u00f6nnen 4 von 5 Trennfarben w\u00e4hlen (als Aufkleber zur Selbstanbringung an den Metallelementen geliefert). Die Produktqualit\u00e4t ist durch das ISO\u20119001\u2011Zertifikat best\u00e4tigt.<\/p>\n<p>Langlebigkeit und Erscheinungsbild<br \/>\nF\u00fcr den Au\u00dfeneinsatz gebaut, besteht der Beh\u00e4lter aus hochwertigem verzinktem Stahl mit matter Pulverbeschichtung und einer Blechst\u00e4rke von 3 mm, was Widerstand gegen mechanische Besch\u00e4digungen und raue Witterung gew\u00e4hrleistet. Die WPC\u2011Leisten verleihen ein elegantes, nat\u00fcrliches Aussehen, das sich sowohl in moderne als auch in traditionelle Umgebungen einf\u00fcgt und den Beh\u00e4lter zu einem funktionalen und attraktiven Element im \u00f6ffentlichen Raum macht.<\/p>\n<p>Praktische Merkmale<\/p>\n<p>&#8211; 4 verzinkte Stahleins\u00e4tze mit praktischen Griffen f\u00fcr einfaches Entleeren<br \/>\n&#8211; Klappdeckel zum Schutz vor Regen und Wind und zur Verhinderung von Abfallverbreitung<br \/>\n&#8211; Farbige Aufkleber zur Fraktionskennzeichnung (selbst an den vertikalen Metallplatten anzubringen): Papier \u2014 blau; Kunststoff &#038; Metall \u2014 gelb; Glas \u2014 gr\u00fcn; Restm\u00fcll \u2014 schwarz<br \/>\n&#8211; M\u00f6glichkeit zur Bodenverankerung<\/p>\n<p>Wesentliche Spezifikationen<\/p>\n<p>&#8211; Fassungsverm\u00f6gen: 4 x 60 Liter<br \/>\n&#8211; Zertifikat: ISO 9001<br \/>\n&#8211; Material: verzinkter Stahl, schwarz pulverbeschichtet (RAL 9005)<br \/>\n&#8211; Blechst\u00e4rke: 3 mm<br \/>\n&#8211; Oberfl\u00e4che: WPC\u2011Holzleisten, dunkelbraun<br \/>\n&#8211; Trennfarben: 4 (Aufkleber geliefert)<br \/>\n&#8211; Stahleins\u00e4tze: 4 verzinkt mit Griffen<br \/>\n&#8211; Deckel: klappbar<br \/>\n&#8211; Verankerung: m\u00f6glich<\/p>\n","protected":false},"excerpt":{"rendered":"<p>Bonsai 4-Fach-Recyclingbeh\u00e4lter (4\u00d760 L) \u2014 eine vielseitige L\u00f6sung, ideal f\u00fcr Parks, st\u00e4dtische \u00f6ffentliche Bereiche, Einkaufszentren, Parkpl\u00e4tze von Gesch\u00e4ften und andere stark frequentierte Orte.<\/p>\n","protected":false},"featured_media":1860,"comment_status":"open","ping_status":"closed","template":"","meta":[],"product_brand":[],"product_cat":[155,168],"product_tag":[],"class_list":{"0":"post-1533","1":"product","2":"type-product","3":"status-publish","4":"has-post-thumbnail","6":"product_cat-mulltrennung-behalter","7":"product_cat-strasen-und-parkabfallbehalter","9":"first","10":"instock","11":"taxable","12":"shipping-taxable","13":"purchasable","14":"product-type-simple"},"_links":{"self":[{"href":"https:\/\/eco-market24.com\/de\/wp-json\/wp\/v2\/product\/1533","targetHints":{"allow":["GET"]}}],"collection":[{"href":"https:\/\/eco-market24.com\/de\/wp-json\/wp\/v2\/product"}],"about":[{"href":"https:\/\/eco-market24.com\/de\/wp-json\/wp\/v2\/types\/product"}],"replies":[{"embeddable":true,"href":"https:\/\/eco-market24.com\/de\/wp-json\/wp\/v2\/comments?post=1533"}],"wp:featuredmedia":[{"embeddable":true,"href":"https:\/\/eco-market24.com\/de\/wp-json\/wp\/v2\/media\/1860"}],"wp:attachment":[{"href":"https:\/\/eco-market24.com\/de\/wp-json\/wp\/v2\/media?parent=1533"}],"wp:term":[{"taxonomy":"product_brand","embeddable":true,"href":"https:\/\/eco-market24.com\/de\/wp-json\/wp\/v2\/product_brand?post=1533"},{"taxonomy":"product_cat","embeddable":true,"href":"https:\/\/eco-market24.com\/de\/wp-json\/wp\/v2\/product_cat?post=1533"},{"taxonomy":"product_tag","embeddable":true,"href":"https:\/\/eco-market24.com\/de\/wp-json\/wp\/v2\/product_tag?post=1533"}],"curies":[{"name":"wp","href":"https:\/\/api.w.org\/{rel}","templated":true}]}}