{"id":1564,"date":"2025-09-29T16:21:25","date_gmt":"2025-09-29T14:21:25","guid":{"rendered":"https:\/\/eco-market24.com\/product\/zweikammer-recyclingbehaelter-eco-estri-2-x-60-l-verzinkt\/"},"modified":"2025-09-29T20:02:11","modified_gmt":"2025-09-29T18:02:11","slug":"zweikammer-recyclingbehaelter-eco-estri-2-x-60-l-verzinkt","status":"publish","type":"product","link":"https:\/\/eco-market24.com\/de\/produkt\/zweikammer-recyclingbehaelter-eco-estri-2-x-60-l-verzinkt\/","title":{"rendered":"Zweikammer-Recyclingbeh\u00e4lter Eco Estri 2 x 60 l, verzinkt"},"content":{"rendered":"<p>Satz von 2 Trennbeh\u00e4ltern \u2014 2 \u00d7 60 L (eco Estri)<\/p>\n<p>Beschreibung: Der 2-Kammer eco Estri Recyclingbeh\u00e4lter (2 \u00d7 60 L) ist eine funktionale L\u00f6sung zur Umsetzung grundlegender \u00f6kologischer Ma\u00dfnahmen in \u00f6ffentlichen und geschlossenen R\u00e4umen. Geeignet f\u00fcr den Au\u00dfen- und Innenbereich, ideal f\u00fcr Schulen, B\u00fcros, Krankenh\u00e4user, Parkpl\u00e4tze, Tankstellen, Spielpl\u00e4tze, Freizeitparks, Kinos, Museen und Theater.<\/p>\n<p>Konstruktion &#038; Oberfl\u00e4che<br \/>\nDie Station besteht aus zwei Kammern mit je 60 L Fassungsverm\u00f6gen und ist in Graphit (RAL 7021) lackiert. Das Geh\u00e4use besteht aus verzinktem Stahl, der Korrosionsschutz sowie Best\u00e4ndigkeit gegen UV-Strahlung, Regen, Schnee und extreme Temperaturen bietet. Das Ger\u00e4t ist zudem widerstandsf\u00e4hig gegen mechanische Besch\u00e4digungen und beh\u00e4lt seinen technischen Zustand und sein Erscheinungsbild in stark genutzten Bereichen bei.<\/p>\n<p>Fraktionskennzeichnung<br \/>\nDas Geh\u00e4use ist mit Beschriftungen f\u00fcr Fraktionsbezeichnungen in den von der EU und dem Umweltministerium standardisierten Farben versehen:<\/p>\n<p>  Restm\u00fcll: Graphit<br \/>\n  Kunststoffe &#038; Metalle: Gelb<br \/>\n  Papier: Blau<br \/>\n  Glas: Gr\u00fcn<br \/>\n  Bioabfall: Braun<\/p>\n<p>Die Aufkleber werden separat zur Selbstanbringung geliefert.<\/p>\n<p>Hygiene &#038; Sicherheit<\/p>\n<p>  Standard-Sackringe f\u00fcr 120-L-S\u00e4cke, um Verrutschen zu verhindern und das Entleeren zu erleichtern.<br \/>\n  Zwei T\u00fcren mit Vorh\u00e4ngeschloss-Vorrichtungen, um den Zugang auf befugtes Personal zu beschr\u00e4nken.<br \/>\n  Montagebohrungen erm\u00f6glichen das freie Verbinden von Modulen.<\/p>\n<p>Wesentliche Informationen<\/p>\n<p>  Fassungsverm\u00f6gen: 2 \u00d7 60 L<br \/>\n  Farbe: Graphit (RAL 7021)<br \/>\n  Material: Verzinkter Stahl<br \/>\n  Verwendung: Innen- und Au\u00dfenbereich<br \/>\n  Enth\u00e4lt: Farbige Fraktionsaufkleber (zur Selbstanbringung), Sackringe, T\u00fcren mit Vorrichtung f\u00fcr Vorh\u00e4ngeschl\u00f6sser<\/p>\n","protected":false},"excerpt":{"rendered":"<p>Ein Set aus zwei 60 L-Sortierbeh\u00e4ltern f\u00fcr \u00f6ffentliche Bereiche und Innenr\u00e4ume \u2014 Eco Estri 2 x 60 L \u2014 bietet eine funktionale Doppelkammerl\u00f6sung zur Unterst\u00fctzung grundlegender umweltfreundlicher Abfallrichtlinien; geeignet f\u00fcr den Au\u00dfen- und Innenbereich.<\/p>\n","protected":false},"featured_media":1881,"comment_status":"open","ping_status":"closed","template":"","meta":[],"product_brand":[],"product_cat":[70],"product_tag":[],"class_list":{"0":"post-1564","1":"product","2":"type-product","3":"status-publish","4":"has-post-thumbnail","6":"product_cat-waste-containers","8":"first","9":"instock","10":"taxable","11":"shipping-taxable","12":"purchasable","13":"product-type-simple"},"_links":{"self":[{"href":"https:\/\/eco-market24.com\/de\/wp-json\/wp\/v2\/product\/1564","targetHints":{"allow":["GET"]}}],"collection":[{"href":"https:\/\/eco-market24.com\/de\/wp-json\/wp\/v2\/product"}],"about":[{"href":"https:\/\/eco-market24.com\/de\/wp-json\/wp\/v2\/types\/product"}],"replies":[{"embeddable":true,"href":"https:\/\/eco-market24.com\/de\/wp-json\/wp\/v2\/comments?post=1564"}],"wp:featuredmedia":[{"embeddable":true,"href":"https:\/\/eco-market24.com\/de\/wp-json\/wp\/v2\/media\/1881"}],"wp:attachment":[{"href":"https:\/\/eco-market24.com\/de\/wp-json\/wp\/v2\/media?parent=1564"}],"wp:term":[{"taxonomy":"product_brand","embeddable":true,"href":"https:\/\/eco-market24.com\/de\/wp-json\/wp\/v2\/product_brand?post=1564"},{"taxonomy":"product_cat","embeddable":true,"href":"https:\/\/eco-market24.com\/de\/wp-json\/wp\/v2\/product_cat?post=1564"},{"taxonomy":"product_tag","embeddable":true,"href":"https:\/\/eco-market24.com\/de\/wp-json\/wp\/v2\/product_tag?post=1564"}],"curies":[{"name":"wp","href":"https:\/\/api.w.org\/{rel}","templated":true}]}}