{"id":1586,"date":"2025-09-29T16:21:44","date_gmt":"2025-09-29T14:21:44","guid":{"rendered":"https:\/\/eco-market24.com\/product\/3-fach-recyclingbehaelter-eco-star-3-x-60-l\/"},"modified":"2025-09-29T20:01:09","modified_gmt":"2025-09-29T18:01:09","slug":"3-fach-recyclingbehaelter-eco-star-3-x-60-l","status":"publish","type":"product","link":"https:\/\/eco-market24.com\/de\/produkt\/3-fach-recyclingbehaelter-eco-star-3-x-60-l\/","title":{"rendered":"3-fach Recyclingbeh\u00e4lter Eco Star 3 \u00d7 60 l"},"content":{"rendered":"<p>Dreifach-Abfallbeh\u00e4lter \u2014 erprobt f\u00fcr den Innenbereich<br \/>\neco star 3 \u00d7 60 L 3-Kammer-Recyclingbeh\u00e4lter vereint Funktionalit\u00e4t und \u00c4sthetik. Seine hohe Qualit\u00e4t und elegante Optik erf\u00fcllen die Anforderungen von Unternehmen, die zur getrennten Abfallentsorgung verpflichtet sind. Geeignet f\u00fcr B\u00fcros, Beh\u00f6rden, Kliniken, Schulen, Gesch\u00e4fte, Einkaufszentren, Tankstellen, Bahnh\u00f6fe und \u00fcberdachte Gro\u00dfparkpl\u00e4tze.<\/p>\n<p>Konstruktion &#038; Materialien<\/p>\n<p>  Kapazit\u00e4t: 3 \u00d7 60 L<br \/>\n  Geh\u00e4use: lackierter Stahl, Graphit (RAL 7024)<br \/>\n  Best\u00e4ndigkeit: resistent gegen mechanische Besch\u00e4digung und unbeabsichtigte St\u00f6\u00dfe<br \/>\n  Verwendungszweck: Innenbereich<\/p>\n<p>Trennung &#038; Kennzeichnung<br \/>\nAusgestattet mit gro\u00dfen Aufklebern, die die Fraktionen und Einwurf\u00f6ffnungen in Trennfarben benennen, f\u00fcr klare Kommunikation. Verf\u00fcgbare Einwurffarben gem\u00e4\u00df Richtlinien des Ministeriums f\u00fcr Klima und Umwelt:<\/p>\n<p>  Gelb \u2014 Kunststoffe und Metalle<br \/>\n  Blau \u2014 Papier<br \/>\n  Gr\u00fcn \u2014 Glas<br \/>\n  Braun \u2014 Bioabf\u00e4lle<br \/>\n  Graphit \u2014 Restm\u00fcll<\/p>\n<p>Praktische Merkmale<\/p>\n<p>  Beutelrahmen zur Fixierung von S\u00e4cken (angepasst an 120-L-S\u00e4cke)<br \/>\n  Verhindert Versch\u00fctten bei voller Bef\u00fcllung; leicht zu entleeren und zu reinigen<br \/>\n  Stabilisierungsf\u00fc\u00dfe f\u00fcr Standfestigkeit<br \/>\n  Montagebohrungen zum Verbinden von Modulen<br \/>\n  T\u00fcren mit Vorh\u00e4ngeschlossbefestigungsoption zur Zugangsbeschr\u00e4nkung<\/p>\n<p>Wichtige Informationen<\/p>\n<p>  Kapazit\u00e4t: 3 \u00d7 60 Liter<br \/>\n  Material: lackierter Stahl<br \/>\n  Verwendung: Innenbereich<br \/>\n  Farbe: Graphit (RAL 7024)<br \/>\n  Einwurf\u00f6ffnungen und Aufkleber in 5 Trennfarben<br \/>\n  Merkmale: Beutelrahmen, Stabilisierungsf\u00fc\u00dfe, Montagebohrungen, Vorh\u00e4ngeschloss-Option<\/p>\n","protected":false},"excerpt":{"rendered":"<p>Dreifach-M\u00fclleimer \u2013 f\u00fcr den Innenbereich geeignet: Der Eco Star Dreifach-Recyclingbeh\u00e4lter (3 x 60 l) vereint Funktionalit\u00e4t und \u00c4sthetik. Sein hochwertiges, elegantes Design erf\u00fcllt die Anforderungen von Unternehmen, die auf ihrem Gel\u00e4nde eine verpflichtende getrennte Abfallentsorgung durchf\u00fchren m\u00fcssen.<\/p>\n","protected":false},"featured_media":1891,"comment_status":"open","ping_status":"closed","template":"","meta":[],"product_brand":[],"product_cat":[70],"product_tag":[],"class_list":{"0":"post-1586","1":"product","2":"type-product","3":"status-publish","4":"has-post-thumbnail","6":"product_cat-waste-containers","8":"first","9":"instock","10":"taxable","11":"shipping-taxable","12":"purchasable","13":"product-type-simple"},"_links":{"self":[{"href":"https:\/\/eco-market24.com\/de\/wp-json\/wp\/v2\/product\/1586","targetHints":{"allow":["GET"]}}],"collection":[{"href":"https:\/\/eco-market24.com\/de\/wp-json\/wp\/v2\/product"}],"about":[{"href":"https:\/\/eco-market24.com\/de\/wp-json\/wp\/v2\/types\/product"}],"replies":[{"embeddable":true,"href":"https:\/\/eco-market24.com\/de\/wp-json\/wp\/v2\/comments?post=1586"}],"wp:featuredmedia":[{"embeddable":true,"href":"https:\/\/eco-market24.com\/de\/wp-json\/wp\/v2\/media\/1891"}],"wp:attachment":[{"href":"https:\/\/eco-market24.com\/de\/wp-json\/wp\/v2\/media?parent=1586"}],"wp:term":[{"taxonomy":"product_brand","embeddable":true,"href":"https:\/\/eco-market24.com\/de\/wp-json\/wp\/v2\/product_brand?post=1586"},{"taxonomy":"product_cat","embeddable":true,"href":"https:\/\/eco-market24.com\/de\/wp-json\/wp\/v2\/product_cat?post=1586"},{"taxonomy":"product_tag","embeddable":true,"href":"https:\/\/eco-market24.com\/de\/wp-json\/wp\/v2\/product_tag?post=1586"}],"curies":[{"name":"wp","href":"https:\/\/api.w.org\/{rel}","templated":true}]}}