{"id":1668,"date":"2025-09-29T16:21:24","date_gmt":"2025-09-29T14:21:24","guid":{"rendered":"https:\/\/eco-market24.com\/product\/recyclingbehaelter-5-faecher-eco-estri-5-x-60-l-verzinkt\/"},"modified":"2025-09-29T20:02:13","modified_gmt":"2025-09-29T18:02:13","slug":"recyclingbehaelter-5-faecher-eco-estri-5-x-60-l-verzinkt","status":"publish","type":"product","link":"https:\/\/eco-market24.com\/de\/produkt\/recyclingbehaelter-5-faecher-eco-estri-5-x-60-l-verzinkt\/","title":{"rendered":"Recyclingbeh\u00e4lter, 5 F\u00e4cher, Eco Estri, 5 \u00d7 60 l, verzinkt"},"content":{"rendered":"<p>Set aus 5 Wertstoffbeh\u00e4ltern \u2014 ECO ESTRI 5 x 60 L<\/p>\n<p>Set aus 5 Wertstoffbeh\u00e4ltern f\u00fcr den Au\u00dfen- und Innenbereich \u2014 der ECO ESTRI 5 x 60 L ist eine funktionale und \u00e4sthetische L\u00f6sung zur Umsetzung der getrennten Abfallsammlung in Geb\u00e4uden und \u00f6ffentlichen Bereichen. Geeignet f\u00fcr Schulen, Kinderg\u00e4rten, B\u00fcros, Kliniken, Einkaufszentren, Tankstellen und gro\u00dfe Parkpl\u00e4tze.<\/p>\n<p>Konstruktion &#038; Oberfl\u00e4che<br \/>\nMaterial: Verzinkter Stahl mit Korrosionsschutz, best\u00e4ndig gegen Sonnenlicht, extreme Temperaturen und Regen.<br \/>\nLanglebigkeit: Widerstandsf\u00e4hig gegen mechanische Besch\u00e4digungen, geeignet f\u00fcr stark frequentierte R\u00e4ume und \u00f6ffentliche Bereiche.<br \/>\nFarbe: Graphit (RAL 7021).<\/p>\n<p>Kapazit\u00e4t &#038; Konfiguration<br \/>\n  Kammern: 5<br \/>\n  Fassungsverm\u00f6gen pro Kammer: 60 L (insgesamt 5 x 60 L)<br \/>\n  T\u00fcren: 5 abschlie\u00dfbare T\u00fcren (vorh\u00e4ngeschloss-kompatibel)<br \/>\n  M\u00fcllbeutelhalter: Ausgelegt f\u00fcr 120-L-Beutel, um Verrutschen und innere Verschmutzung zu verhindern<br \/>\n  Modulverbindung: M\u00f6glichkeit zur Verbindung mehrerer Module mittels Befestigungsbohrungen<\/p>\n<p>Trennfarben &#038; Etiketten<br \/>\nDie T\u00fcren tragen Etiketten mit Fraktionsbezeichnungen in den Standardfarben (EU \/ Umweltministerium):<\/p>\n<p>  Restm\u00fcll: Grau<br \/>\n  Kunststoffe und Metalle: Gelb<br \/>\n  Papier: Blau<br \/>\n  Glas: Gr\u00fcn<br \/>\n  Bioabfall: Braun<\/p>\n<p>Hinweis: Etiketten werden separat zur Selbstanbringung und Individualisierung verschickt.<\/p>\n<p>Wesentliche Informationen<br \/>\n  Produkt: ECO ESTRI 5 x 60 L<br \/>\n  Kapazit\u00e4t: 5 \u00d7 60 L<br \/>\n  Farbe: Graphit (RAL 7021)<br \/>\n  Material: Verzinkter Stahl<br \/>\n  Verwendung: Innen- und Au\u00dfenbereich<br \/>\n  Enth\u00e4lt: Farbige Etiketten (werden separat verschickt), M\u00fcllbeutelhalter, abschlie\u00dfbare T\u00fcren<\/p>\n","protected":false},"excerpt":{"rendered":"<p>Der Recyclingbeh\u00e4lter Eco Estri mit f\u00fcnf 60\u2011l-F\u00e4chern kombiniert funktionales und \u00e4sthetisches Design f\u00fcr Innen- und Au\u00dfenbereiche und erm\u00f6glicht die einfache Einf\u00fchrung der getrennten Abfallsammlung in Geb\u00e4uden und \u00f6ffentlichen R\u00e4umen.<\/p>\n","protected":false},"featured_media":1936,"comment_status":"open","ping_status":"closed","template":"","meta":[],"product_brand":[],"product_cat":[70],"product_tag":[],"class_list":{"0":"post-1668","1":"product","2":"type-product","3":"status-publish","4":"has-post-thumbnail","6":"product_cat-waste-containers","8":"first","9":"instock","10":"taxable","11":"shipping-taxable","12":"purchasable","13":"product-type-simple"},"_links":{"self":[{"href":"https:\/\/eco-market24.com\/de\/wp-json\/wp\/v2\/product\/1668","targetHints":{"allow":["GET"]}}],"collection":[{"href":"https:\/\/eco-market24.com\/de\/wp-json\/wp\/v2\/product"}],"about":[{"href":"https:\/\/eco-market24.com\/de\/wp-json\/wp\/v2\/types\/product"}],"replies":[{"embeddable":true,"href":"https:\/\/eco-market24.com\/de\/wp-json\/wp\/v2\/comments?post=1668"}],"wp:featuredmedia":[{"embeddable":true,"href":"https:\/\/eco-market24.com\/de\/wp-json\/wp\/v2\/media\/1936"}],"wp:attachment":[{"href":"https:\/\/eco-market24.com\/de\/wp-json\/wp\/v2\/media?parent=1668"}],"wp:term":[{"taxonomy":"product_brand","embeddable":true,"href":"https:\/\/eco-market24.com\/de\/wp-json\/wp\/v2\/product_brand?post=1668"},{"taxonomy":"product_cat","embeddable":true,"href":"https:\/\/eco-market24.com\/de\/wp-json\/wp\/v2\/product_cat?post=1668"},{"taxonomy":"product_tag","embeddable":true,"href":"https:\/\/eco-market24.com\/de\/wp-json\/wp\/v2\/product_tag?post=1668"}],"curies":[{"name":"wp","href":"https:\/\/api.w.org\/{rel}","templated":true}]}}