{"id":1684,"date":"2025-09-29T16:21:03","date_gmt":"2025-09-29T14:21:03","guid":{"rendered":"https:\/\/eco-market24.com\/product\/recyclingbehaelter-4er-set-4-x-75-l\/"},"modified":"2025-09-29T20:05:13","modified_gmt":"2025-09-29T18:05:13","slug":"recyclingbehaelter-4er-set-4-x-75-l","status":"publish","type":"product","link":"https:\/\/eco-market24.com\/de\/produkt\/recyclingbehaelter-4er-set-4-x-75-l\/","title":{"rendered":"Recyclingbeh\u00e4lter, 4er-Set, 4 \u00d7 75 l"},"content":{"rendered":"<p>Holz-Recyclingbeh\u00e4lter mit Deckel \u2013 f\u00fcr den Einsatz in St\u00e4dten und Gr\u00fcnanlagen<\/p>\n<p>Der 4-Kammer-Recyclingbeh\u00e4lter Bali 4 \u00d7 75 L ist f\u00fcr \u00f6ffentliche R\u00e4ume und Gr\u00fcnfl\u00e4chen konzipiert, in denen \u00c4sthetik und Funktionalit\u00e4t Hand in Hand gehen m\u00fcssen. Ideal f\u00fcr Parks, Pl\u00e4tze, Fu\u00df- und Radwege, Erholungsgebiete, Spielpl\u00e4tze, Sportanlagen, Einkaufszentren, Parkpl\u00e4tze, Haltestellen des \u00f6ffentlichen Verkehrs und Tankstellen. Seine universelle Konstruktion und Langlebigkeit eignen sich sowohl f\u00fcr st\u00e4dtische als auch l\u00e4ndliche Umgebungen, tragen zur Sauberkeit bei und f\u00f6rdern die Abfalltrennung.<\/p>\n<p>Konstruktion und Materialien<br \/>\nDie externe M\u00fclltrennstation verf\u00fcgt \u00fcber eine schwarze Struktur (RAL 9005) mit WPC-Holzlamellen. Die freistehende Einheit kann zur zus\u00e4tzlichen Stabilit\u00e4t am Boden verschraubt werden. Wichtige Konstruktionsdetails:<\/p>\n<p>  Geh\u00e4use aus 4 mm dickem, verzinktem Stahl, korrosions- und witterungsbest\u00e4ndig<br \/>\n  Pulverbeschichtung in Schwarz (RAL 9005) zum Schutz vor mechanischen Besch\u00e4digungen und UV-Einfluss<br \/>\n  WPC-Holzlamellen f\u00fcr eine attraktive, langlebige Optik<br \/>\n  Deckel aus pulverbeschichtetem, verzinktem Stahl<\/p>\n<p>Design und Haltbarkeit<br \/>\nDer pulverbeschichtete Stahl und die WPC-Lamellen sorgen f\u00fcr langanhaltende Leistung und ein modernes, minimalistisches Erscheinungsbild, das sich sowohl in zeitgen\u00f6ssische Architektur als auch in nat\u00fcrliche Landschaften einf\u00fcgt. Dezente Verarbeitung und solide Konstruktion verleihen \u00f6ffentlichen R\u00e4umen eine elegante Note.<\/p>\n<p>Benutzerfreundliche Merkmale<\/p>\n<p>  Vier Kammern, jeweils mit einem inneren Einsatz aus verzinktem Stahl zur Vereinfachung von Leerung und Reinigung<br \/>\n  Klappt\u00fcren, gesichert mit Schl\u00f6ssern, zum Schutz des Inhalts und zur Verhinderung unbefugten Zugriffs<br \/>\n  Zus\u00e4tzlicher Deckel zum Schutz des Innenraums vor Regen und zum Verhindern von Durchfeuchtung des Abfalls<br \/>\n  Gro\u00dfe Einwurfschlitze f\u00fcr eine bequeme Nutzung<br \/>\n  M\u00f6glichkeit, die Einheit zur Erh\u00f6hung der Stabilit\u00e4t am Boden zu verankern<\/p>\n<p>Abfalltrennung und Kennzeichnung<br \/>\nUnterst\u00fctzt einfaches und intuitives Sortieren mit 4 Aufklebern, die Fraktionen anzeigen: Papier, Glas, Kunststoff und Metall, gemischt, sodass Nutzer richtig trennen und effizientes Recycling gef\u00f6rdert wird.<\/p>\n<p>Wesentliche Informationen<\/p>\n<p>  Fassungsverm\u00f6gen: 4 \u00d7 75 Liter<br \/>\n  Geh\u00e4use: 4 mm verzinkter Stahl<br \/>\n  Oberfl\u00e4che: Pulverbeschichtung (RAL 9005)<br \/>\n  Lamellen: WPC-Holz<br \/>\n  Inneneins\u00e4tze: Verzinkter Stahl<br \/>\n  Deckel: Pulverbeschichteter, verzinkter Stahl<br \/>\n  T\u00fcren: Klappbar mit Schl\u00f6ssern<br \/>\n  Montage: Freistehend oder mit Bodenverankerungsoption<\/p>\n","protected":false},"excerpt":{"rendered":"<p>Holz-Recyclingbeh\u00e4lter mit 4 Kammern und Deckel \u2014 Bali 4 x 75 L: eine stilvolle, langlebige L\u00f6sung f\u00fcr St\u00e4dte und Gr\u00fcnanlagen, in der \u00c4sthetik und Funktionalit\u00e4t zusammenkommen.<\/p>\n","protected":false},"featured_media":1945,"comment_status":"open","ping_status":"closed","template":"","meta":[],"product_brand":[],"product_cat":[155,168],"product_tag":[],"class_list":{"0":"post-1684","1":"product","2":"type-product","3":"status-publish","4":"has-post-thumbnail","6":"product_cat-mulltrennung-behalter","7":"product_cat-strasen-und-parkabfallbehalter","9":"first","10":"instock","11":"taxable","12":"shipping-taxable","13":"purchasable","14":"product-type-simple"},"_links":{"self":[{"href":"https:\/\/eco-market24.com\/de\/wp-json\/wp\/v2\/product\/1684","targetHints":{"allow":["GET"]}}],"collection":[{"href":"https:\/\/eco-market24.com\/de\/wp-json\/wp\/v2\/product"}],"about":[{"href":"https:\/\/eco-market24.com\/de\/wp-json\/wp\/v2\/types\/product"}],"replies":[{"embeddable":true,"href":"https:\/\/eco-market24.com\/de\/wp-json\/wp\/v2\/comments?post=1684"}],"wp:featuredmedia":[{"embeddable":true,"href":"https:\/\/eco-market24.com\/de\/wp-json\/wp\/v2\/media\/1945"}],"wp:attachment":[{"href":"https:\/\/eco-market24.com\/de\/wp-json\/wp\/v2\/media?parent=1684"}],"wp:term":[{"taxonomy":"product_brand","embeddable":true,"href":"https:\/\/eco-market24.com\/de\/wp-json\/wp\/v2\/product_brand?post=1684"},{"taxonomy":"product_cat","embeddable":true,"href":"https:\/\/eco-market24.com\/de\/wp-json\/wp\/v2\/product_cat?post=1684"},{"taxonomy":"product_tag","embeddable":true,"href":"https:\/\/eco-market24.com\/de\/wp-json\/wp\/v2\/product_tag?post=1684"}],"curies":[{"name":"wp","href":"https:\/\/api.w.org\/{rel}","templated":true}]}}