{"id":1719,"date":"2025-09-29T16:20:56","date_gmt":"2025-09-29T14:20:56","guid":{"rendered":"https:\/\/eco-market24.com\/product\/wenge-holz-parkmuelleimer-110-l\/"},"modified":"2025-09-29T20:05:23","modified_gmt":"2025-09-29T18:05:23","slug":"wenge-holz-parkmuelleimer-110-l","status":"publish","type":"product","link":"https:\/\/eco-market24.com\/de\/produkt\/wenge-holz-parkmuelleimer-110-l\/","title":{"rendered":"Wenge-Holz-Parkm\u00fclleimer, 110 L"},"content":{"rendered":"<p>Holz\u2011Wenge 110 L Parkm\u00fclleimer \u2014 \u00c4sthetischer Stra\u00dfen-\/Stadtabfallbeh\u00e4lter<\/p>\n<p>Der Holz\u2011Wenge 110\u2011Liter Parkm\u00fclleimer ist eine hervorragende L\u00f6sung f\u00fcr \u00f6ffentliche Bereiche. Er besteht aus pulverbeschichtetem, verzinktem Stahl mit WPC\u2011(Wood\u2011Plastic\u2011Composite) Lamellen in Kieferholzoptik und graphitfarbenen Stahlelementen (RAL 7016) und vereint hohe Haltbarkeit mit einem \u00e4sthetischen Design, das st\u00e4dtische und Freizeitumgebungen erg\u00e4nzt.<\/p>\n<p>Typische Einsatzbereiche<\/p>\n<p>  Innenst\u00e4dte und Wohngebiete entlang von Fu\u00dfwegen<br \/>\n  Bus-, Stra\u00dfenbahn\u2011 und U\u2011Bahn\u2011Haltestellen<br \/>\n  Pl\u00e4tze, Marktbereiche und soziale Treffpunkte<br \/>\n  In der N\u00e4he von Schulen, B\u00fcros, Krankenh\u00e4usern und Bibliotheken<br \/>\n  Parks, Erholungsgebiete, Wege, B\u00e4nke und Picknickpl\u00e4tze<\/p>\n<p>Hauptmerkmale<\/p>\n<p>  Fassungsverm\u00f6gen: 110 Liter<br \/>\n  Konstruktion: Pulverbeschichteter, verzinkter Stahl<br \/>\n  Lamellen: WPC (Wood\u2011Plastic\u2011Composite), Kieferholzoptik<br \/>\n  Stahlelemente: Graphit (RAL 7016)<br \/>\n  Inneneinsatz: Verzinkter Stahleinsatz f\u00fcr einfaches Entleeren und Reinigen<br \/>\n  Sicherheit: T\u00fcr mit Schloss und Schl\u00fcssel (Zugang nur f\u00fcr berechtigtes Personal)<br \/>\n  Befestigung: M\u00f6glichkeit zur Bodenverankerung<br \/>\n  Zertifikate: ISO, BV und TUV<\/p>\n<p>Haltbarkeit und Wartung<br \/>\nDer Beh\u00e4lter ist best\u00e4ndig gegen mechanische Besch\u00e4digung, UV\u2011Strahlung, Regen, Schnee und extreme Temperaturen. Seine verzinkte, pulverbeschichtete Konstruktion und die WPC\u2011Lamellen minimieren Wartungskosten und bieten Vandalismusschutz, sodass der gute technische Zustand \u00fcber Jahre erhalten bleibt.<\/p>\n<p>\u00c4sthetik und Funktionalit\u00e4t<br \/>\nDas Design bietet eine gro\u00dfe Einwurf\u00f6ffnung f\u00fcr einfaches Entsorgen von Abfall und f\u00fcgt sich harmonisch in die umgebende Architektur ein. Praktische Konstruktionsdetails gew\u00e4hrleisten Benutzerfreundlichkeit und eine unkomplizierte Wartung durch das Personal.<\/p>\n","protected":false},"excerpt":{"rendered":"<p>\u00c4sthetischer Stra\u00dfenabfallbeh\u00e4lter f\u00fcr Parks und st\u00e4dtische R\u00e4ume \u2014 110 l Wenge-Holz-Parkm\u00fclleimer aus hochwertigen Materialien, mit hoher Haltbarkeit und einem eleganten Design, das die Stadtarchitektur erg\u00e4nzt.<\/p>\n","protected":false},"featured_media":1956,"comment_status":"open","ping_status":"closed","template":"","meta":[],"product_brand":[],"product_cat":[168],"product_tag":[],"class_list":{"0":"post-1719","1":"product","2":"type-product","3":"status-publish","4":"has-post-thumbnail","6":"product_cat-strasen-und-parkabfallbehalter","8":"first","9":"instock","10":"taxable","11":"shipping-taxable","12":"purchasable","13":"product-type-simple"},"_links":{"self":[{"href":"https:\/\/eco-market24.com\/de\/wp-json\/wp\/v2\/product\/1719","targetHints":{"allow":["GET"]}}],"collection":[{"href":"https:\/\/eco-market24.com\/de\/wp-json\/wp\/v2\/product"}],"about":[{"href":"https:\/\/eco-market24.com\/de\/wp-json\/wp\/v2\/types\/product"}],"replies":[{"embeddable":true,"href":"https:\/\/eco-market24.com\/de\/wp-json\/wp\/v2\/comments?post=1719"}],"wp:featuredmedia":[{"embeddable":true,"href":"https:\/\/eco-market24.com\/de\/wp-json\/wp\/v2\/media\/1956"}],"wp:attachment":[{"href":"https:\/\/eco-market24.com\/de\/wp-json\/wp\/v2\/media?parent=1719"}],"wp:term":[{"taxonomy":"product_brand","embeddable":true,"href":"https:\/\/eco-market24.com\/de\/wp-json\/wp\/v2\/product_brand?post=1719"},{"taxonomy":"product_cat","embeddable":true,"href":"https:\/\/eco-market24.com\/de\/wp-json\/wp\/v2\/product_cat?post=1719"},{"taxonomy":"product_tag","embeddable":true,"href":"https:\/\/eco-market24.com\/de\/wp-json\/wp\/v2\/product_tag?post=1719"}],"curies":[{"name":"wp","href":"https:\/\/api.w.org\/{rel}","templated":true}]}}