{"id":1770,"date":"2025-09-29T16:21:29","date_gmt":"2025-09-29T14:21:29","guid":{"rendered":"https:\/\/eco-market24.com\/product\/recyclingbehaelter-5-fach-eco-estri-5-x-60-l-mit-klappen\/"},"modified":"2025-09-29T20:01:13","modified_gmt":"2025-09-29T18:01:13","slug":"recyclingbehaelter-5-fach-eco-estri-5-x-60-l-mit-klappen","status":"publish","type":"product","link":"https:\/\/eco-market24.com\/de\/produkt\/recyclingbehaelter-5-fach-eco-estri-5-x-60-l-mit-klappen\/","title":{"rendered":"Recyclingbeh\u00e4lter, 5-fach ECO Estri, 5 \u00d7 60 L mit Klappen"},"content":{"rendered":"<p>5-Fach-Eco Estri 5 x 60 L Wertstoffbeh\u00e4lter mit Klappen<\/p>\n<p>Der 5-fach Eco Estri 5 x 60 L Wertstoffbeh\u00e4lter mit Klappen ist eine \u00e4sthetische und funktionale L\u00f6sung f\u00fcr die Innenraumtrennung von Wertstoffen in B\u00fcros, Schulen, Beh\u00f6rden oder Gesch\u00e4ften und f\u00f6rdert grundlegende \u00f6kologische Gewohnheiten am gew\u00e4hlten Standort. Er eignet sich ideal f\u00fcr Arbeitsr\u00e4ume, Personalr\u00e4ume, Flure und andere stark frequentierte Gemeinschaftsbereiche. Die Einheit ist eine Kombination aus 2- und 3-moduligen Containern \u2013 jedes Modul hat ein Fassungsverm\u00f6gen von 60 Litern. Das Geh\u00e4use ist in Graphit (RAL 7021) ausgef\u00fchrt, die Deckel sind in Trennfarben gehalten. Zus\u00e4tzliche Kennzeichnung erfolgt durch Aufkleber mit dem Fraktionsnamen.<\/p>\n<p>Konstruktion und Langlebigkeit<br \/>\nAus lackiertem Stahl gefertigt, ist dieser B\u00fcrowertstoffbeh\u00e4lter f\u00fcr den bequemen und sicheren Einsatz im Innenbereich konzipiert. Die hochwertige lackierte Stahlkonstruktion bietet hohe Widerstandsf\u00e4higkeit gegen mechanische Besch\u00e4digungen, wie sie in stark genutzten Bereichen vorkommen, und eignet sich daher gut f\u00fcr Schulen, Beh\u00f6rden und stark frequentierte Flure.<\/p>\n<p>Trennfarben &#038; Kennzeichnung<br \/>\nDie 60-L-Module sind mit gro\u00dfen Aufklebern versehen, die den Fraktionsnamen anzeigen, und mit Deckeln in den vom Ministerium f\u00fcr Klima und Umwelt vorgegebenen Trennfarben. Der Beh\u00e4lter unterst\u00fctzt die Trennung von:<\/p>\n<p>&#8211; Glas (gr\u00fcn)<br \/>\n&#8211; Papier (blau)<br \/>\n&#8211; Kunststoff und Metall (gelb)<br \/>\n&#8211; Bioabfall (braun)<br \/>\n&#8211; Restm\u00fcll (grau)<\/p>\n<p>Funktionales Design<\/p>\n<p>&#8211; Kombination aus 2- und 3-moduligen Beh\u00e4ltern mit speziellen Befestigungsbohrungen zur Erstellung einer individuellen Wertstoffstation<br \/>\n&#8211; Stabile Fu\u00dfkonstruktion zur Vermeidung des Umkippens<br \/>\n&#8211; M\u00f6glichkeit, jedes Modul mit einem Vorh\u00e4ngeschloss zu sichern, um unbefugten Zugriff zu verhindern<br \/>\n&#8211; Hygienisches Entleeren und einfache Reinigung<br \/>\n&#8211; Praktische Sackrahmen (f\u00fcr 120-L-S\u00e4cke), die S\u00e4cke an Ort und Stelle halten und Auslaufen verhindern<br \/>\n&#8211; Aufklappbare Deckel mit Scharnieren zur Begrenzung der Geruchsverbreitung<\/p>\n<p>Wesentliche Informationen<\/p>\n<p>&#8211; Kapazit\u00e4t: 2 x 60 + 3 x 60 Liter<br \/>\n&#8211; Material: Lackierter Stahl<br \/>\n&#8211; Verwendungszweck: Innenraum<br \/>\n&#8211; Ausf\u00fchrung: Geh\u00e4use in Graphit (RAL 7021)<br \/>\n&#8211; Deckel: In 5 Trennfarben erh\u00e4ltlich<br \/>\n&#8211; Kennzeichnung: Aufkleber mit Fraktionsnamen<br \/>\n&#8211; Sicherheit: T\u00fcren f\u00fcr Vorh\u00e4ngeschlossmontage vorbereitet<br \/>\n&#8211; Merkmale: Scharnierdeckel, Sackrahmen, Stabilisierungsf\u00fc\u00dfe, Befestigungsbohrungen zum Verbinden der Module<\/p>\n","protected":false},"excerpt":{"rendered":"<p>\u00c4sthetische und funktionale Recyclingl\u00f6sung f\u00fcr Innenr\u00e4ume in B\u00fcros, Schulen, \u00f6ffentlichen Geb\u00e4uden und Gesch\u00e4ften \u2013 die Eco Estri 5\u2011Kammern\u2011Recyclingstation (5 \u00d7 60 L) mit Klappen f\u00f6rdert einfache pro\u2011\u00f6kologische Gewohnheiten; ideal f\u00fcr Schulen und B\u00fcros.<\/p>\n","protected":false},"featured_media":1982,"comment_status":"open","ping_status":"closed","template":"","meta":[],"product_brand":[],"product_cat":[70],"product_tag":[],"class_list":{"0":"post-1770","1":"product","2":"type-product","3":"status-publish","4":"has-post-thumbnail","6":"product_cat-waste-containers","8":"first","9":"instock","10":"taxable","11":"shipping-taxable","12":"purchasable","13":"product-type-simple"},"_links":{"self":[{"href":"https:\/\/eco-market24.com\/de\/wp-json\/wp\/v2\/product\/1770","targetHints":{"allow":["GET"]}}],"collection":[{"href":"https:\/\/eco-market24.com\/de\/wp-json\/wp\/v2\/product"}],"about":[{"href":"https:\/\/eco-market24.com\/de\/wp-json\/wp\/v2\/types\/product"}],"replies":[{"embeddable":true,"href":"https:\/\/eco-market24.com\/de\/wp-json\/wp\/v2\/comments?post=1770"}],"wp:featuredmedia":[{"embeddable":true,"href":"https:\/\/eco-market24.com\/de\/wp-json\/wp\/v2\/media\/1982"}],"wp:attachment":[{"href":"https:\/\/eco-market24.com\/de\/wp-json\/wp\/v2\/media?parent=1770"}],"wp:term":[{"taxonomy":"product_brand","embeddable":true,"href":"https:\/\/eco-market24.com\/de\/wp-json\/wp\/v2\/product_brand?post=1770"},{"taxonomy":"product_cat","embeddable":true,"href":"https:\/\/eco-market24.com\/de\/wp-json\/wp\/v2\/product_cat?post=1770"},{"taxonomy":"product_tag","embeddable":true,"href":"https:\/\/eco-market24.com\/de\/wp-json\/wp\/v2\/product_tag?post=1770"}],"curies":[{"name":"wp","href":"https:\/\/api.w.org\/{rel}","templated":true}]}}