{"id":1806,"date":"2025-09-29T16:20:55","date_gmt":"2025-09-29T14:20:55","guid":{"rendered":"https:\/\/eco-market24.com\/product\/urbaner-abfallbehaelter-aus-iroko-holz-100-l\/"},"modified":"2025-09-29T20:05:25","modified_gmt":"2025-09-29T18:05:25","slug":"urbaner-abfallbehaelter-aus-iroko-holz-100-l","status":"publish","type":"product","link":"https:\/\/eco-market24.com\/de\/produkt\/urbaner-abfallbehaelter-aus-iroko-holz-100-l\/","title":{"rendered":"Urbaner Abfallbeh\u00e4lter aus Iroko-Holz, 100 l"},"content":{"rendered":"<p>Nowoczesny uchwyt na \u015bmieci miejski drewniany &#8211; do miasta, parku i osiedla<\/p>\n<p>\u00dcbersicht<br \/>\nDer st\u00e4dtische M\u00fclleimer aus Holz Iroko 100 L vereint modernes Design und funktionale L\u00f6sungen. Geeignet f\u00fcr \u00f6ffentliche Bereiche wie B\u00fcrogeb\u00e4ude, Parks, Pl\u00e4tze, Rathaus, Schulen, Bahnh\u00f6fe, Busbahnh\u00f6fe, Gesch\u00e4fte, gro\u00dfe Parkpl\u00e4tze und Wohnsiedlungen.<\/p>\n<p>Konstruktion &#038; Materialien<br \/>\nDer Au\u00dfenm\u00fclleimer aus Holz verf\u00fcgt \u00fcber einen verzinkten, pulverbeschichteten Korpus in Graphit (RAL 7016) und T\u00fcren aus Holzverbundstoff (WPC) in Kiefernholzoptik. Er besitzt einen Inneneinsatz aus verzinktem Blech und ein sch\u00fctzendes Dach. Der Stra\u00dfenm\u00fclleimer kann durch Verschrauben am Boden befestigt werden.<\/p>\n<p>Haltbarkeit &#038; Leistung<br \/>\nMechanisch widerstandsf\u00e4hig und f\u00fcr intensive Nutzung ausgelegt, ist der Abfallbeh\u00e4lter wetterfest \u2014 er widersteht Verformung durch hohe Temperaturen, UV-Ausbleichen und Korrosion und ist somit ganzj\u00e4hrig f\u00fcr den Au\u00dfeneinsatz geeignet.<\/p>\n<p>Funktionalit\u00e4t &#038; Design<br \/>\nDer M\u00fclleimer mit Dach bietet zwei gro\u00dfe Einwurf\u00f6ffnungen und T\u00fcren, die das Sichern und Entfernen des inneren Metalleinsatzes erleichtern und das leere machen und Reinigen vereinfachen. Das Dach sch\u00fctzt vor Regen und Wind und verhindert das Einwerfen \u00fcbergro\u00dfer Abf\u00e4lle.<\/p>\n<p>Wesentliche Spezifikationen<\/p>\n<p>  Kapazit\u00e4t: 100 Liter<br \/>\n  Zertifikate: ISO, BV, TUV<br \/>\n  Korpus: Verzinkter Stahl, pulverbeschichtet<br \/>\n  Farbe: Graphit (RAL 7016)<br \/>\n  T\u00fcren: Holzverbundstoff (WPC), Kiefernholzoptik<br \/>\n  Inneneinsatz: Verzinktes Blech<br \/>\n  Ausstattung: Dach, 2 gro\u00dfe Einwurf\u00f6ffnungen<br \/>\n  Befestigung: Zum Boden hin verschraubbar<\/p>\n","protected":false},"excerpt":{"rendered":"<p>Moderner Iroko-Holz-Stadtm\u00fclleimer \u2014 100 l; eine stilvolle, langlebige und funktionale Abfalll\u00f6sung f\u00fcr Stra\u00dfen, Parks und Wohnsiedlungen.<\/p>\n","protected":false},"featured_media":1999,"comment_status":"open","ping_status":"closed","template":"","meta":[],"product_brand":[],"product_cat":[168],"product_tag":[],"class_list":{"0":"post-1806","1":"product","2":"type-product","3":"status-publish","4":"has-post-thumbnail","6":"product_cat-strasen-und-parkabfallbehalter","8":"first","9":"instock","10":"taxable","11":"shipping-taxable","12":"purchasable","13":"product-type-simple"},"_links":{"self":[{"href":"https:\/\/eco-market24.com\/de\/wp-json\/wp\/v2\/product\/1806","targetHints":{"allow":["GET"]}}],"collection":[{"href":"https:\/\/eco-market24.com\/de\/wp-json\/wp\/v2\/product"}],"about":[{"href":"https:\/\/eco-market24.com\/de\/wp-json\/wp\/v2\/types\/product"}],"replies":[{"embeddable":true,"href":"https:\/\/eco-market24.com\/de\/wp-json\/wp\/v2\/comments?post=1806"}],"wp:featuredmedia":[{"embeddable":true,"href":"https:\/\/eco-market24.com\/de\/wp-json\/wp\/v2\/media\/1999"}],"wp:attachment":[{"href":"https:\/\/eco-market24.com\/de\/wp-json\/wp\/v2\/media?parent=1806"}],"wp:term":[{"taxonomy":"product_brand","embeddable":true,"href":"https:\/\/eco-market24.com\/de\/wp-json\/wp\/v2\/product_brand?post=1806"},{"taxonomy":"product_cat","embeddable":true,"href":"https:\/\/eco-market24.com\/de\/wp-json\/wp\/v2\/product_cat?post=1806"},{"taxonomy":"product_tag","embeddable":true,"href":"https:\/\/eco-market24.com\/de\/wp-json\/wp\/v2\/product_tag?post=1806"}],"curies":[{"name":"wp","href":"https:\/\/api.w.org\/{rel}","templated":true}]}}