{"id":1814,"date":"2025-09-29T16:21:05","date_gmt":"2025-09-29T14:21:05","guid":{"rendered":"https:\/\/eco-market24.com\/product\/bin-street-edelstahl-metropolitan-50-l\/"},"modified":"2025-09-29T20:02:45","modified_gmt":"2025-09-29T18:02:45","slug":"bin-street-edelstahl-metropolitan-50-l","status":"publish","type":"product","link":"https:\/\/eco-market24.com\/de\/produkt\/bin-street-edelstahl-metropolitan-50-l\/","title":{"rendered":"Bin Street Edelstahl Metropolitan 50 l"},"content":{"rendered":"<p>Edelstahl-M\u00fclleimer \u2014 f\u00fcr St\u00e4dte, Gemeinden, Gr\u00fcnfl\u00e4chen<br \/>\nDer Metropolitan 50 L Edelstahl-Stra\u00dfenm\u00fclleimer ist eine au\u00dferordentlich funktionale und \u00e4sthetische L\u00f6sung f\u00fcr Au\u00dfenbereiche. Mit integriertem Aschenbecher ist er ideal f\u00fcr stark frequentierte Fu\u00dfg\u00e4ngerzonen wie Gehwege, Stadtpl\u00e4tze, Bushaltestellen und in der N\u00e4he von Einkaufszentren. Er f\u00fcgt sich harmonisch in Erholungsfl\u00e4chen wie Parks, G\u00e4rten, Pl\u00e4tze und Fu\u00dfwege ein und eignet sich f\u00fcr Wohnanlagen, Hotzh\u00f6fe, Sportanlagen und Tankstellen.<\/p>\n<p>Konstruktion und Materialien<br \/>\nDieser M\u00fclleimer verf\u00fcgt \u00fcber eine edelstahlfarbene Konstruktion mit dekorativen WPC-(Verbundholz-)Latten. Verwendete Materialien:<\/p>\n<p>  Edelstahl \u2014 sehr langlebig, korrosionsbest\u00e4ndig und widerstandsf\u00e4hig gegen mechanische Besch\u00e4digungen, geeignet f\u00fcr den Au\u00dfenbereich.<br \/>\n  WPC-Latten (Verbundholz) \u2014 nat\u00fcrliche Holzoptik kombiniert mit Best\u00e4ndigkeit gegen Feuchtigkeit, Schimmel und Temperaturschwankungen.<\/p>\n<p>\u00c4sthetik und Haltbarkeit<br \/>\nDie Kombination aus Edelstahl und WPC-Latten verbindet modernen Minimalismus mit der W\u00e4rme nat\u00fcrlicher Materialien. Die elegante Metalloberfl\u00e4che und holz\u00e4hnlichen Akzente verleihen einen hochwertigen Charakter und behalten \u00e4sthetische sowie funktionale Eigenschaften \u00fcber Jahre.<\/p>\n<p>F\u00fcr bequeme Nutzung ausgelegt<\/p>\n<p>  Verzinkter Stahl-Inneneinsatz mit glatter Oberfl\u00e4che \u2014 leicht zu reinigen und schmutzresistent.<br \/>\n  Praktische Griffe \u2014 f\u00fcr schnelles Entleeren und bequemes Handling.<br \/>\n  Integrierter Stahl-Aschenbecher im Deckel \u2014 sicheres L\u00f6schen von Zigarettenstummeln zur Reduzierung von Verschmutzung.<br \/>\n  Scharnierklappen \u2014 erm\u00f6glichen einfachen Zugang zum Inneneinsatz; solide Konstruktion gew\u00e4hrleistet Sicherheit und Langlebigkeit an \u00f6ffentlichen Orten.<\/p>\n<p>Wichtige Informationen<\/p>\n<p>  Fassungsverm\u00f6gen: 50 Liter<br \/>\n  Konstruktion: 1 mm dickes Edelstahl<br \/>\n  Latten: WPC-Verbundholz<br \/>\n  Inneneinsatz: verzinkter Stahl<br \/>\n  Zugang: Scharnierklappen<br \/>\n  Zus\u00e4tzlich: Aschenbecher<\/p>\n","protected":false},"excerpt":{"rendered":"<p>M\u00fclleimer aus Edelstahl \u2013 ideal f\u00fcr St\u00e4dte, Gemeinden und Gr\u00fcnanlagen. Der Abfallbeh\u00e4lter Bin Street Metropolitan 50 l vereint au\u00dfergew\u00f6hnliche Funktionalit\u00e4t und \u00c4sthetik und bietet eine langlebige, leistungsstarke Abfallentsorgung f\u00fcr unterschiedlichste Au\u00dfenbereiche.<\/p>\n","protected":false},"featured_media":2202,"comment_status":"open","ping_status":"closed","template":"","meta":[],"product_brand":[],"product_cat":[168],"product_tag":[],"class_list":{"0":"post-1814","1":"product","2":"type-product","3":"status-publish","4":"has-post-thumbnail","6":"product_cat-strasen-und-parkabfallbehalter","8":"first","9":"instock","10":"taxable","11":"shipping-taxable","12":"purchasable","13":"product-type-simple"},"_links":{"self":[{"href":"https:\/\/eco-market24.com\/de\/wp-json\/wp\/v2\/product\/1814","targetHints":{"allow":["GET"]}}],"collection":[{"href":"https:\/\/eco-market24.com\/de\/wp-json\/wp\/v2\/product"}],"about":[{"href":"https:\/\/eco-market24.com\/de\/wp-json\/wp\/v2\/types\/product"}],"replies":[{"embeddable":true,"href":"https:\/\/eco-market24.com\/de\/wp-json\/wp\/v2\/comments?post=1814"}],"wp:featuredmedia":[{"embeddable":true,"href":"https:\/\/eco-market24.com\/de\/wp-json\/wp\/v2\/media\/2202"}],"wp:attachment":[{"href":"https:\/\/eco-market24.com\/de\/wp-json\/wp\/v2\/media?parent=1814"}],"wp:term":[{"taxonomy":"product_brand","embeddable":true,"href":"https:\/\/eco-market24.com\/de\/wp-json\/wp\/v2\/product_brand?post=1814"},{"taxonomy":"product_cat","embeddable":true,"href":"https:\/\/eco-market24.com\/de\/wp-json\/wp\/v2\/product_cat?post=1814"},{"taxonomy":"product_tag","embeddable":true,"href":"https:\/\/eco-market24.com\/de\/wp-json\/wp\/v2\/product_tag?post=1814"}],"curies":[{"name":"wp","href":"https:\/\/api.w.org\/{rel}","templated":true}]}}