{"id":2139,"date":"2025-09-29T16:21:45","date_gmt":"2025-09-29T14:21:45","guid":{"rendered":"https:\/\/eco-market24.com\/product\/recyclingbehaelter-4-fach-eco-star-4-x-60-l\/"},"modified":"2025-09-29T20:01:07","modified_gmt":"2025-09-29T18:01:07","slug":"recyclingbehaelter-4-fach-eco-star-4-x-60-l","status":"publish","type":"product","link":"https:\/\/eco-market24.com\/de\/produkt\/recyclingbehaelter-4-fach-eco-star-4-x-60-l\/","title":{"rendered":"Recyclingbeh\u00e4lter, 4-fach Eco Star, 4 x 60 L"},"content":{"rendered":"<p>Station zur Abfalltrennung \u2014 Wertstoffbeh\u00e4lter 4-Kammer eco star 4 x 60 L<br \/>\nDer 4-Kammer eco star 4 x 60 L ist ein bew\u00e4hrter Innenraum-Wertstoffbeh\u00e4lter f\u00fcr B\u00fcrogeb\u00e4ude, Beh\u00f6rden, Schulen, Kliniken, Einkaufszentren, Dienstleistungsr\u00e4ume, \u00fcberdachte Parkbereiche und Bahnh\u00f6fe. Er vereint vier Kammern mit je 60 Litern Fassungsverm\u00f6gen und ist eine ideale L\u00f6sung f\u00fcr Arbeitspl\u00e4tze, Pausenr\u00e4ume und Flure, in denen pro-\u00f6kologische Praktiken umgesetzt werden.<\/p>\n<p>Konstruktion und Ausf\u00fchrung<br \/>\nDer Wertstoffbeh\u00e4lter besteht aus lackiertem Stahl f\u00fcr erh\u00f6hte Widerstandsf\u00e4higkeit gegen mechanische Besch\u00e4digungen und lange Lebensdauer. Das Geh\u00e4use ist in Graphit (RAL 7024) lackiert und verf\u00fcgt \u00fcber gro\u00dfe Aufkleber mit Bezeichnern der Fraktionen sowie Einwurfausschnitte in Trennfarben zur zus\u00e4tzlichen Kennzeichnung.<\/p>\n<p>Trennfarben<br \/>\nDie Farben der Einwurfrahmen entsprechen den Vorgaben des Ministeriums f\u00fcr Klima und Umwelt. Verf\u00fcgbare Optionen:<\/p>\n<p>  Gelb \u2014 Kunststoffe und Metalle<br \/>\n  Blau \u2014 Papier<br \/>\n  Gr\u00fcn \u2014 Glas<br \/>\n  Braun \u2014 Bioabf\u00e4lle<br \/>\n  Graphit \u2014 Restm\u00fcll<\/p>\n<p>Praktische Merkmale<\/p>\n<p>  Beutelhalter, die S\u00e4cke an ihrem Platz halten (ausgelegt f\u00fcr 120-L-S\u00e4cke)<br \/>\n  Einfach zu entleeren und zu reinigen \u2014 verhindert Versch\u00fctten bei vollem Beh\u00e4lter<br \/>\n  Stabile F\u00fc\u00dfe f\u00fcr sicheren Stand<br \/>\n  Montagebohrungen zum Verbinden von Modulen und Erstellen ma\u00dfgeschneiderter Sets<br \/>\n  Vorrichtung zur Anbringung eines Vorh\u00e4ngeschlosses zur Verhinderung unbefugten Zugriffs<\/p>\n<p>Wichtige Informationen<\/p>\n<p>  Fassungsverm\u00f6gen: 4 \u00d7 60 Liter<br \/>\n  Material: Lackierter Stahl<br \/>\n  Einsatzzweck: Innenbereich<br \/>\n  Ausf\u00fchrung: Graphit (RAL 7024)<br \/>\n  Einwurfrahmen-Farben: 5 Trennfarben verf\u00fcgbar<br \/>\n  Kennzeichnung: Aufkleber mit Fraktionsbezeichnungen<br \/>\n  Sicherheit: T\u00fcren mit Vorrichtung f\u00fcr Vorh\u00e4ngeschloss<br \/>\n  Zubeh\u00f6r: Beutelhalter, St\u00fctzf\u00fc\u00dfe, Montagebohrungen<\/p>\n","protected":false},"excerpt":{"rendered":"<p>Eco Star 4 x 60 L 4\u2011kammerige Indoor-Recyclingstation \u2014 bew\u00e4hrte L\u00f6sung f\u00fcr B\u00fcros, Beh\u00f6rdengeb\u00e4ude und Schulen, konzipiert f\u00fcr Unternehmen, die eine umweltfreundliche Abfalltrennung umsetzen<\/p>\n","protected":false},"featured_media":2145,"comment_status":"open","ping_status":"closed","template":"","meta":[],"product_brand":[],"product_cat":[70],"product_tag":[],"class_list":{"0":"post-2139","1":"product","2":"type-product","3":"status-publish","4":"has-post-thumbnail","6":"product_cat-waste-containers","8":"first","9":"instock","10":"taxable","11":"shipping-taxable","12":"purchasable","13":"product-type-simple"},"_links":{"self":[{"href":"https:\/\/eco-market24.com\/de\/wp-json\/wp\/v2\/product\/2139","targetHints":{"allow":["GET"]}}],"collection":[{"href":"https:\/\/eco-market24.com\/de\/wp-json\/wp\/v2\/product"}],"about":[{"href":"https:\/\/eco-market24.com\/de\/wp-json\/wp\/v2\/types\/product"}],"replies":[{"embeddable":true,"href":"https:\/\/eco-market24.com\/de\/wp-json\/wp\/v2\/comments?post=2139"}],"wp:featuredmedia":[{"embeddable":true,"href":"https:\/\/eco-market24.com\/de\/wp-json\/wp\/v2\/media\/2145"}],"wp:attachment":[{"href":"https:\/\/eco-market24.com\/de\/wp-json\/wp\/v2\/media?parent=2139"}],"wp:term":[{"taxonomy":"product_brand","embeddable":true,"href":"https:\/\/eco-market24.com\/de\/wp-json\/wp\/v2\/product_brand?post=2139"},{"taxonomy":"product_cat","embeddable":true,"href":"https:\/\/eco-market24.com\/de\/wp-json\/wp\/v2\/product_cat?post=2139"},{"taxonomy":"product_tag","embeddable":true,"href":"https:\/\/eco-market24.com\/de\/wp-json\/wp\/v2\/product_tag?post=2139"}],"curies":[{"name":"wp","href":"https:\/\/api.w.org\/{rel}","templated":true}]}}