{"id":2163,"date":"2025-09-29T16:21:22","date_gmt":"2025-09-29T14:21:22","guid":{"rendered":"https:\/\/eco-market24.com\/product\/verzinkte-4-fach-recyclingtonne-eco-estri-4-x-60-l\/"},"modified":"2025-09-29T20:02:15","modified_gmt":"2025-09-29T18:02:15","slug":"verzinkte-4-fach-recyclingtonne-eco-estri-4-x-60-l","status":"publish","type":"product","link":"https:\/\/eco-market24.com\/de\/produkt\/verzinkte-4-fach-recyclingtonne-eco-estri-4-x-60-l\/","title":{"rendered":"Verzinkte 4-Fach-Recyclingtonne Eco Estri 4 x 60 l"},"content":{"rendered":"<p>Satz aus 4 Trennbeh\u00e4ltern \u2014 eco estri 4 x 60 L<\/p>\n<p>Funktionale und \u00e4sthetische L\u00f6sung f\u00fcr die selektive Abfallsammlung im Au\u00dfen- und Innenbereich. Geeignet f\u00fcr Geb\u00e4ude und \u00f6ffentliche R\u00e4ume wie Schulen, Kinderg\u00e4rten, B\u00fcros, Kliniken, Einkaufszentren, Tankstellen und gro\u00dfe Parkpl\u00e4tze.<\/p>\n<p>Konstruktion &#038; Oberfl\u00e4che<\/p>\n<p>  Kapazit\u00e4t: 4 \u00d7 60 L<br \/>\n  Oberfl\u00e4che: Graphit (RAL 7021)<br \/>\n  Material: Verzinkter Stahl mit korrosionshemmenden Eigenschaften<br \/>\n  Witterungsbest\u00e4ndigkeit: Lichtbest\u00e4ndig, best\u00e4ndig gegen extreme Temperaturen und Regen<br \/>\n  Mechanische Best\u00e4ndigkeit: F\u00fcr den Einsatz in stark frequentierten und sto\u00dfbelasteten Bereichen ausgelegt<\/p>\n<p>Trennfarben &#038; Beschriftung<br \/>\nT\u00fcren enthalten farbige Etiketten mit Fraktionsnamen (separat zur Selbstanbringung geliefert) nach den Standardfarben der EU\/Ministerien:<\/p>\n<p>  Restm\u00fcll: Graphit<br \/>\n  Kunststoffe &#038; Metall: Gelb<br \/>\n  Papier: Blau<br \/>\n  Glas: Gr\u00fcn<br \/>\n  Bioabfall: Braun<\/p>\n<p>Hygiene &#038; Sicherheit<\/p>\n<p>  M\u00fcllbeutelringe: Ausgelegt f\u00fcr 120-L-Beutel, um Verrutschen und innere Verunreinigung zu verhindern<br \/>\n  T\u00fcren: Vier abschlie\u00dfbare T\u00fcren, kompatibel mit Vorh\u00e4ngeschl\u00f6ssern f\u00fcr autorisierten Zugang<br \/>\n  Modularit\u00e4t: M\u00f6glichkeit, Module \u00fcber Montagebohrungen zu verbinden<\/p>\n<p>Wichtige Informationen<\/p>\n<p>  Kapazit\u00e4t: 4 \u00d7 60 Liter<br \/>\n  Farbe: Graphit (RAL 7021)<br \/>\n  Konstruktion: Verzinkter Stahl<br \/>\n  Geeignet f\u00fcr Au\u00dfen- und Innenbereich<br \/>\n  Farbige Fraktionsetiketten enthalten (zur Selbstanbringung)<br \/>\n  M\u00fcllbeutelringe und vorh\u00e4ngeschlosskompatible Schl\u00f6sser<\/p>\n","protected":false},"excerpt":{"rendered":"<p>Set aus 4 Recyclingbeh\u00e4ltern (4 \u00d7 60 l) \u2014 Eco ESTRI 4\u2011Kammer: eine funktionale und attraktive L\u00f6sung f\u00fcr die Abfalltrennung im Innen- und Au\u00dfenbereich.<\/p>\n","protected":false},"featured_media":2285,"comment_status":"open","ping_status":"closed","template":"","meta":[],"product_brand":[],"product_cat":[70],"product_tag":[],"class_list":{"0":"post-2163","1":"product","2":"type-product","3":"status-publish","4":"has-post-thumbnail","6":"product_cat-waste-containers","8":"first","9":"instock","10":"taxable","11":"shipping-taxable","12":"purchasable","13":"product-type-simple"},"_links":{"self":[{"href":"https:\/\/eco-market24.com\/de\/wp-json\/wp\/v2\/product\/2163","targetHints":{"allow":["GET"]}}],"collection":[{"href":"https:\/\/eco-market24.com\/de\/wp-json\/wp\/v2\/product"}],"about":[{"href":"https:\/\/eco-market24.com\/de\/wp-json\/wp\/v2\/types\/product"}],"replies":[{"embeddable":true,"href":"https:\/\/eco-market24.com\/de\/wp-json\/wp\/v2\/comments?post=2163"}],"wp:featuredmedia":[{"embeddable":true,"href":"https:\/\/eco-market24.com\/de\/wp-json\/wp\/v2\/media\/2285"}],"wp:attachment":[{"href":"https:\/\/eco-market24.com\/de\/wp-json\/wp\/v2\/media?parent=2163"}],"wp:term":[{"taxonomy":"product_brand","embeddable":true,"href":"https:\/\/eco-market24.com\/de\/wp-json\/wp\/v2\/product_brand?post=2163"},{"taxonomy":"product_cat","embeddable":true,"href":"https:\/\/eco-market24.com\/de\/wp-json\/wp\/v2\/product_cat?post=2163"},{"taxonomy":"product_tag","embeddable":true,"href":"https:\/\/eco-market24.com\/de\/wp-json\/wp\/v2\/product_tag?post=2163"}],"curies":[{"name":"wp","href":"https:\/\/api.w.org\/{rel}","templated":true}]}}