{"id":2166,"date":"2025-09-29T16:21:21","date_gmt":"2025-09-29T14:21:21","guid":{"rendered":"https:\/\/eco-market24.com\/product\/3-fach-recyclingbehaelter-eco-estri-3-x-60-l-verzinkt\/"},"modified":"2025-09-29T20:02:17","modified_gmt":"2025-09-29T18:02:17","slug":"3-fach-recyclingbehaelter-eco-estri-3-x-60-l-verzinkt","status":"publish","type":"product","link":"https:\/\/eco-market24.com\/de\/produkt\/3-fach-recyclingbehaelter-eco-estri-3-x-60-l-verzinkt\/","title":{"rendered":"3-fach Recyclingbeh\u00e4lter Eco Estri 3 \u00d7 60 l, verzinkt"},"content":{"rendered":"<p>Set aus 3 Beh\u00e4ltern zur Trennung \u2014 eco estri 3 x 60 L<\/p>\n<p>Funktionaler Dreikammer-Recyclingbeh\u00e4lter geeignet f\u00fcr \u00f6ffentliche R\u00e4ume und geschlossene Anlagen. F\u00fcr Innen- und Au\u00dfenbereich konzipiert, ideal f\u00fcr Schulen, Beh\u00f6rden, Krankenh\u00e4user, Parkpl\u00e4tze, Tankstellen, Spielpl\u00e4tze, Freizeitparks, Kinos, Museen und Theater.<\/p>\n<p>Spezifikationen<\/p>\n<p>  Fassungsverm\u00f6gen: 3 \u00d7 60 L<br \/>\n  Farbe: Graphit (RAL 7021)<br \/>\n  Material: Verzinkter Stahl (korrosionsbest\u00e4ndig, UV-, witterungs- und mechanisch widerstandsf\u00e4hig)<br \/>\n  Einsatz: Innen- und Au\u00dfenbereich<\/p>\n<p>Enthaltene &#038; funktionale Merkmale<\/p>\n<p>  Farbige Etiketten mit Fraktionsbezeichnungen werden separat zur Selbstanbringung geliefert<br \/>\n  Beutelringe (passend f\u00fcr 120-L-M\u00fclls\u00e4cke), damit die S\u00e4cke nicht in den Beh\u00e4lter rutschen<br \/>\n  Drei T\u00fcren mit Vorh\u00e4ngeschlossbefestigung f\u00fcr eingeschr\u00e4nkten Zugang<br \/>\n  Montagebohrungen zur beliebigen Verbindung von Modulen<\/p>\n<p>Farben der Fraktionsetiketten<\/p>\n<p>  Restm\u00fcll \u2014 Graphit<br \/>\n  Kunststoffe und Metalle \u2014 Gelb<br \/>\n  Papier \u2014 Blau<br \/>\n  Glas \u2014 Gr\u00fcn<br \/>\n  Bioabfall \u2014 Braun<\/p>\n<p>Kurzfassung der Hauptmerkmale<\/p>\n<p>  Fassungsverm\u00f6gen: 3 \u00d7 60 L<br \/>\n  Farbe: Graphit (RAL 7021)<br \/>\n  Konstruktion: Verzinkter Stahl<br \/>\n  Geeignet f\u00fcr Au\u00dfen- und Innenbereich<br \/>\n  Farbige Etiketten f\u00fcr getrennte Abfallsammlung (separat geliefert)<br \/>\n  Beutelringe und vorh\u00e4ngeschlossgesicherte T\u00fcren<br \/>\n  Modulare Verbindungsm\u00f6glichkeit \u00fcber Montagebohrungen<\/p>\n","protected":false},"excerpt":{"rendered":"<p>Set aus 3 \u00d7 60\u2011L-Recyclingbeh\u00e4ltern f\u00fcr \u00f6ffentliche und Innenr\u00e4ume \u2014 Eco Estri Dreikammer-Trennsystem: eine langlebige, funktionale L\u00f6sung zur Umsetzung grundlegender umweltfreundlicher Praktiken.<\/p>\n","protected":false},"featured_media":2288,"comment_status":"open","ping_status":"closed","template":"","meta":[],"product_brand":[],"product_cat":[70],"product_tag":[],"class_list":{"0":"post-2166","1":"product","2":"type-product","3":"status-publish","4":"has-post-thumbnail","6":"product_cat-waste-containers","8":"first","9":"instock","10":"taxable","11":"shipping-taxable","12":"purchasable","13":"product-type-simple"},"_links":{"self":[{"href":"https:\/\/eco-market24.com\/de\/wp-json\/wp\/v2\/product\/2166","targetHints":{"allow":["GET"]}}],"collection":[{"href":"https:\/\/eco-market24.com\/de\/wp-json\/wp\/v2\/product"}],"about":[{"href":"https:\/\/eco-market24.com\/de\/wp-json\/wp\/v2\/types\/product"}],"replies":[{"embeddable":true,"href":"https:\/\/eco-market24.com\/de\/wp-json\/wp\/v2\/comments?post=2166"}],"wp:featuredmedia":[{"embeddable":true,"href":"https:\/\/eco-market24.com\/de\/wp-json\/wp\/v2\/media\/2288"}],"wp:attachment":[{"href":"https:\/\/eco-market24.com\/de\/wp-json\/wp\/v2\/media?parent=2166"}],"wp:term":[{"taxonomy":"product_brand","embeddable":true,"href":"https:\/\/eco-market24.com\/de\/wp-json\/wp\/v2\/product_brand?post=2166"},{"taxonomy":"product_cat","embeddable":true,"href":"https:\/\/eco-market24.com\/de\/wp-json\/wp\/v2\/product_cat?post=2166"},{"taxonomy":"product_tag","embeddable":true,"href":"https:\/\/eco-market24.com\/de\/wp-json\/wp\/v2\/product_tag?post=2166"}],"curies":[{"name":"wp","href":"https:\/\/api.w.org\/{rel}","templated":true}]}}