{"id":2186,"date":"2025-09-29T16:21:11","date_gmt":"2025-09-29T14:21:11","guid":{"rendered":"https:\/\/eco-market24.com\/product\/eco-modular-modularer-recyclingbehaelter-2-x-50-l-schwarz\/"},"modified":"2025-09-29T20:02:32","modified_gmt":"2025-09-29T18:02:32","slug":"eco-modular-modularer-recyclingbehaelter-2-x-50-l-schwarz","status":"publish","type":"product","link":"https:\/\/eco-market24.com\/de\/produkt\/eco-modular-modularer-recyclingbehaelter-2-x-50-l-schwarz\/","title":{"rendered":"Eco Modular modularer Recyclingbeh\u00e4lter, 2 \u00d7 50 l, schwarz"},"content":{"rendered":"<p>Set zur M\u00fclltrennung \u2014 2 Kammern<br \/>\nIdeal f\u00fcr: St\u00e4dte, Parkpl\u00e4tze, Gr\u00fcnanlagen, B\u00fcrogeb\u00e4ude, \u00f6ffentliche Einrichtungen (Schulen, Krankenh\u00e4user), Parks, Pl\u00e4tze, Spielpl\u00e4tze, Sportpl\u00e4tze, Erholungsanlagen und Wohnanlagen.<\/p>\n<p>Produkt\u00fcbersicht<br \/>\nDer eco modular 2 \u00d7 50 L schwarze Recyclingbeh\u00e4lter erm\u00f6glicht die einfache Umsetzung einer grundlegenden Sortierm\u00fcllsammlung im Au\u00dfenbereich. Mit hochwertiger Verarbeitung und minimalistischem Design f\u00fcgt er sich perfekt in \u00f6ffentliche R\u00e4ume ein.<\/p>\n<p>Aussehen und Individualisierung<br \/>\nFarbe: Schwarz (RAL 9005). Nutzer k\u00f6nnen beliebige \u201ef\u00fcr Trennung\u201c Aufkleber (in den jeweiligen Fraktionsfarben) zur Selbstanbringung ausw\u00e4hlen. Das 2\u2011kammer Set verf\u00fcgt \u00fcber eine freistehende Konstruktion.<\/p>\n<p>Konstruktion und Haltbarkeit<br \/>\nDieser wetter- und schadensresistente modulare Recyclingbeh\u00e4lter besteht aus 0,8 mm verzinktem Stahl mit Pulverbeschichtung. Er ist best\u00e4ndig gegen Regen, Frost, UV-Strahlung und Temperaturschwankungen, sodass er im Freien ohne Unterstand eingesetzt werden kann. Das Produkt beh\u00e4lt \u00fcber Jahre einen guten technischen Zustand und ist sehr widerstandsf\u00e4hig gegen Besch\u00e4digungen.<\/p>\n<p>Praktisches Design<br \/>\n&#8211; Freistehend und optimalgewichtet \u2014 leicht zu tragen und zu entleeren, dennoch stabil im Gebrauch.<br \/>\n&#8211; Inklusive praktischem inneren Einsatz aus verzinktem Stahl zur Vereinfachung von Entleerung und Reinigung.<br \/>\n&#8211; Gro\u00dfe Einwurf\u00f6ffnung erm\u00f6glicht das Entsorgen gr\u00f6\u00dferer Gegenst\u00e4nde.<br \/>\n&#8211; Abnehmbarer Deckel f\u00fcr vereinfachtes Entleeren.<\/p>\n<p>Farben der Trennaufkleber<br \/>\nDas modulare Set unterst\u00fctzt die Einrichtung einer auf die Bed\u00fcrfnisse zugeschnittenen M\u00fclltrennstation. Mit dem Beh\u00e4lter gelieferte Aufkleber zur Selbstanbringung:<br \/>\n&#8211; Schwarz \u2014 Restm\u00fcll<br \/>\n&#8211; Braun \u2014 Bioabfall<br \/>\n&#8211; Blau \u2014 Papier<br \/>\n&#8211; Gelb \u2014 Kunststoffe und Metalle<br \/>\n&#8211; Gr\u00fcn \u2014 Glas<\/p>\n<p>Wesentliche Informationen<br \/>\n&#8211; Fassungsverm\u00f6gen: 2 \u00d7 50 L<br \/>\n&#8211; Material: 0,8 mm verzinkter Stahl, pulverbeschichtet<br \/>\n&#8211; Farbe: Schwarz (RAL 9005)<br \/>\n&#8211; Inneneins\u00e4tze: verzinkter Stahl<br \/>\n&#8211; \u00d6ffnung mit Deckeln<br \/>\n&#8211; Freistehende Konstruktion<\/p>\n","protected":false},"excerpt":{"rendered":"<p>Zweikammer-M\u00fclltrennsystem \u2013 ideal f\u00fcr St\u00e4dte, Parkpl\u00e4tze und Gr\u00fcnfl\u00e4chen. Der Recyclingbeh\u00e4lter Modular Eco 2 \u00d7 50 l in Schwarz erleichtert die Umsetzung einer einfachen, selektiven Abfallsammlung in jedem Au\u00dfenbereich.<\/p>\n","protected":false},"featured_media":2306,"comment_status":"open","ping_status":"closed","template":"","meta":[],"product_brand":[],"product_cat":[70],"product_tag":[],"class_list":{"0":"post-2186","1":"product","2":"type-product","3":"status-publish","4":"has-post-thumbnail","6":"product_cat-waste-containers","8":"first","9":"instock","10":"taxable","11":"shipping-taxable","12":"purchasable","13":"product-type-simple"},"_links":{"self":[{"href":"https:\/\/eco-market24.com\/de\/wp-json\/wp\/v2\/product\/2186","targetHints":{"allow":["GET"]}}],"collection":[{"href":"https:\/\/eco-market24.com\/de\/wp-json\/wp\/v2\/product"}],"about":[{"href":"https:\/\/eco-market24.com\/de\/wp-json\/wp\/v2\/types\/product"}],"replies":[{"embeddable":true,"href":"https:\/\/eco-market24.com\/de\/wp-json\/wp\/v2\/comments?post=2186"}],"wp:featuredmedia":[{"embeddable":true,"href":"https:\/\/eco-market24.com\/de\/wp-json\/wp\/v2\/media\/2306"}],"wp:attachment":[{"href":"https:\/\/eco-market24.com\/de\/wp-json\/wp\/v2\/media?parent=2186"}],"wp:term":[{"taxonomy":"product_brand","embeddable":true,"href":"https:\/\/eco-market24.com\/de\/wp-json\/wp\/v2\/product_brand?post=2186"},{"taxonomy":"product_cat","embeddable":true,"href":"https:\/\/eco-market24.com\/de\/wp-json\/wp\/v2\/product_cat?post=2186"},{"taxonomy":"product_tag","embeddable":true,"href":"https:\/\/eco-market24.com\/de\/wp-json\/wp\/v2\/product_tag?post=2186"}],"curies":[{"name":"wp","href":"https:\/\/api.w.org\/{rel}","templated":true}]}}